{"id":13337,"date":"2022-01-19T10:28:15","date_gmt":"2022-01-19T09:28:15","guid":{"rendered":"https:\/\/www.tourisme-carcassonne.fr\/preparer\/autour-de-carcassonne\/carte-aux-alentours\/"},"modified":"2022-08-31T17:33:38","modified_gmt":"2022-08-31T15:33:38","slug":"carcasona-y-alrededores","status":"publish","type":"page","link":"https:\/\/www.tourisme-carcassonne.fr\/es\/preparar\/alrededores-de-carcasona\/carcasona-y-alrededores\/","title":{"rendered":"Carcasona y sus alrededores"},"content":{"rendered":"","protected":false},"excerpt":{"rendered":"","protected":false},"author":3,"featured_media":7792,"parent":13334,"menu_order":1,"comment_status":"closed","ping_status":"closed","template":"templates\/carte-interactive.php","meta":{"_acf_changed":false,"footnotes":""},"class_list":["post-13337","page","type-page","status-publish","has-post-thumbnail","hentry"],"acf":[],"yoast_head":"<!-- This site is optimized with the Yoast SEO plugin v27.1.1 - https:\/\/yoast.com\/product\/yoast-seo-wordpress\/ -->\n<title>Carcasona y sus alrededores - Office de tourisme de Carcassonne<\/title>\n<meta name=\"description\" content=\"Descubra Carcasona y sus alrededores. Entre castillos c\u00e1taros, la ciudad medieval de Carcasona, abad\u00edas, especialmente la de Fontfroide... La Occitania y el Pa\u00eds C\u00e1taro le ofrecen numerosas actividades y visitas. El mapa interactivo le ayudar\u00e1 a organizar su estancia.\" \/>\n<meta name=\"robots\" content=\"index, follow, max-snippet:-1, max-image-preview:large, max-video-preview:-1\" \/>\n<link rel=\"canonical\" href=\"https:\/\/www.tourisme-carcassonne.fr\/es\/preparar\/alrededores-de-carcasona\/carcasona-y-alrededores\/\" \/>\n<meta property=\"og:locale\" content=\"es_ES\" \/>\n<meta property=\"og:type\" content=\"article\" \/>\n<meta property=\"og:title\" content=\"Carcasona y sus alrededores - Office de tourisme de Carcassonne\" \/>\n<meta property=\"og:description\" content=\"Descubra Carcasona y sus alrededores. Entre castillos c\u00e1taros, la ciudad medieval de Carcasona, abad\u00edas, especialmente la de Fontfroide... La Occitania y el Pa\u00eds C\u00e1taro le ofrecen numerosas actividades y visitas. El mapa interactivo le ayudar\u00e1 a organizar su estancia.\" \/>\n<meta property=\"og:url\" content=\"https:\/\/www.tourisme-carcassonne.fr\/es\/preparar\/alrededores-de-carcasona\/carcasona-y-alrededores\/\" \/>\n<meta property=\"og:site_name\" content=\"Office de tourisme de Carcassonne\" \/>\n<meta property=\"article:publisher\" content=\"https:\/\/www.facebook.com\/tourismecarcassonne\/\" \/>\n<meta property=\"article:modified_time\" content=\"2022-08-31T15:33:38+00:00\" \/>\n<meta property=\"og:image\" content=\"https:\/\/www.tourisme-carcassonne.fr\/assets\/uploads\/2022\/01\/chateaux-de-lastours-65-scaled.jpg\" \/>\n\t<meta property=\"og:image:width\" content=\"2048\" \/>\n\t<meta property=\"og:image:height\" content=\"1367\" \/>\n\t<meta property=\"og:image:type\" content=\"image\/jpeg\" \/>\n<meta name=\"twitter:card\" content=\"summary_large_image\" \/>\n<script type=\"application\/ld+json\" class=\"yoast-schema-graph\">{\"@context\":\"https:\/\/schema.org\",\"@graph\":[{\"@type\":\"WebPage\",\"@id\":\"https:\/\/www.tourisme-carcassonne.fr\/es\/preparar\/alrededores-de-carcasona\/carcasona-y-alrededores\/\",\"url\":\"https:\/\/www.tourisme-carcassonne.fr\/es\/preparar\/alrededores-de-carcasona\/carcasona-y-alrededores\/\",\"name\":\"Carcasona y sus alrededores - Office de tourisme de Carcassonne\",\"isPartOf\":{\"@id\":\"https:\/\/www.tourisme-carcassonne.fr\/es\/#website\"},\"primaryImageOfPage\":{\"@id\":\"https:\/\/www.tourisme-carcassonne.fr\/es\/preparar\/alrededores-de-carcasona\/carcasona-y-alrededores\/#primaryimage\"},\"image\":{\"@id\":\"https:\/\/www.tourisme-carcassonne.fr\/es\/preparar\/alrededores-de-carcasona\/carcasona-y-alrededores\/#primaryimage\"},\"thumbnailUrl\":\"https:\/\/www.tourisme-carcassonne.fr\/assets\/uploads\/2022\/01\/chateaux-de-lastours-65-scaled.jpg\",\"datePublished\":\"2022-01-19T09:28:15+00:00\",\"dateModified\":\"2022-08-31T15:33:38+00:00\",\"description\":\"Descubra Carcasona y sus alrededores. Entre castillos c\u00e1taros, la ciudad medieval de Carcasona, abad\u00edas, especialmente la de Fontfroide... La Occitania y el Pa\u00eds C\u00e1taro le ofrecen numerosas actividades y visitas. El mapa interactivo le ayudar\u00e1 a organizar su estancia.\",\"breadcrumb\":{\"@id\":\"https:\/\/www.tourisme-carcassonne.fr\/es\/preparar\/alrededores-de-carcasona\/carcasona-y-alrededores\/#breadcrumb\"},\"inLanguage\":\"es\",\"potentialAction\":[{\"@type\":\"ReadAction\",\"target\":[\"https:\/\/www.tourisme-carcassonne.fr\/es\/preparar\/alrededores-de-carcasona\/carcasona-y-alrededores\/\"]}]},{\"@type\":\"ImageObject\",\"inLanguage\":\"es\",\"@id\":\"https:\/\/www.tourisme-carcassonne.fr\/es\/preparar\/alrededores-de-carcasona\/carcasona-y-alrededores\/#primaryimage\",\"url\":\"https:\/\/www.tourisme-carcassonne.fr\/assets\/uploads\/2022\/01\/chateaux-de-lastours-65-scaled.jpg\",\"contentUrl\":\"https:\/\/www.tourisme-carcassonne.fr\/assets\/uploads\/2022\/01\/chateaux-de-lastours-65-scaled.jpg\",\"width\":2048,\"height\":1367,\"caption\":\"excursion pays cathare carcassonne et ses alentours\"},{\"@type\":\"BreadcrumbList\",\"@id\":\"https:\/\/www.tourisme-carcassonne.fr\/es\/preparar\/alrededores-de-carcasona\/carcasona-y-alrededores\/#breadcrumb\",\"itemListElement\":[{\"@type\":\"ListItem\",\"position\":1,\"name\":\"Accueil\",\"item\":\"https:\/\/www.tourisme-carcassonne.fr\/es\/\"},{\"@type\":\"ListItem\",\"position\":2,\"name\":\"Preparar\",\"item\":\"https:\/\/www.tourisme-carcassonne.fr\/es\/preparar\/\"},{\"@type\":\"ListItem\",\"position\":3,\"name\":\"Alrededores de Carcasona\",\"item\":\"https:\/\/www.tourisme-carcassonne.fr\/es\/preparar\/alrededores-de-carcasona\/\"},{\"@type\":\"ListItem\",\"position\":4,\"name\":\"Carcasona y sus alrededores\"}]},{\"@type\":\"WebSite\",\"@id\":\"https:\/\/www.tourisme-carcassonne.fr\/es\/#website\",\"url\":\"https:\/\/www.tourisme-carcassonne.fr\/es\/\",\"name\":\"Office de tourisme de Carcassonne\",\"description\":\"\",\"publisher\":{\"@id\":\"https:\/\/www.tourisme-carcassonne.fr\/es\/#organization\"},\"potentialAction\":[{\"@type\":\"SearchAction\",\"target\":{\"@type\":\"EntryPoint\",\"urlTemplate\":\"https:\/\/www.tourisme-carcassonne.fr\/es\/?s={search_term_string}\"},\"query-input\":{\"@type\":\"PropertyValueSpecification\",\"valueRequired\":true,\"valueName\":\"search_term_string\"}}],\"inLanguage\":\"es\"},{\"@type\":\"Organization\",\"@id\":\"https:\/\/www.tourisme-carcassonne.fr\/es\/#organization\",\"name\":\"Office de tourisme de Carcassonne\",\"url\":\"https:\/\/www.tourisme-carcassonne.fr\/es\/\",\"logo\":{\"@type\":\"ImageObject\",\"inLanguage\":\"es\",\"@id\":\"https:\/\/www.tourisme-carcassonne.fr\/es\/#\/schema\/logo\/image\/\",\"url\":\"https:\/\/www.tourisme-carcassonne.fr\/assets\/uploads\/2021\/11\/logo-carcassonne.svg\",\"contentUrl\":\"https:\/\/www.tourisme-carcassonne.fr\/assets\/uploads\/2021\/11\/logo-carcassonne.svg\",\"width\":167,\"height\":49,\"caption\":\"Office de tourisme de Carcassonne\"},\"image\":{\"@id\":\"https:\/\/www.tourisme-carcassonne.fr\/es\/#\/schema\/logo\/image\/\"},\"sameAs\":[\"https:\/\/www.facebook.com\/tourismecarcassonne\/\",\"https:\/\/www.instagram.com\/tourismecarcassonne\/\"]}]}<\/script>\n<!-- \/ Yoast SEO plugin. -->","yoast_head_json":{"title":"Carcasona y sus alrededores - Office de tourisme de Carcassonne","description":"Descubra Carcasona y sus alrededores. Entre castillos c\u00e1taros, la ciudad medieval de Carcasona, abad\u00edas, especialmente la de Fontfroide... La Occitania y el Pa\u00eds C\u00e1taro le ofrecen numerosas actividades y visitas. El mapa interactivo le ayudar\u00e1 a organizar su estancia.","robots":{"index":"index","follow":"follow","max-snippet":"max-snippet:-1","max-image-preview":"max-image-preview:large","max-video-preview":"max-video-preview:-1"},"canonical":"https:\/\/www.tourisme-carcassonne.fr\/es\/preparar\/alrededores-de-carcasona\/carcasona-y-alrededores\/","og_locale":"es_ES","og_type":"article","og_title":"Carcasona y sus alrededores - Office de tourisme de Carcassonne","og_description":"Descubra Carcasona y sus alrededores. Entre castillos c\u00e1taros, la ciudad medieval de Carcasona, abad\u00edas, especialmente la de Fontfroide... La Occitania y el Pa\u00eds C\u00e1taro le ofrecen numerosas actividades y visitas. El mapa interactivo le ayudar\u00e1 a organizar su estancia.","og_url":"https:\/\/www.tourisme-carcassonne.fr\/es\/preparar\/alrededores-de-carcasona\/carcasona-y-alrededores\/","og_site_name":"Office de tourisme de Carcassonne","article_publisher":"https:\/\/www.facebook.com\/tourismecarcassonne\/","article_modified_time":"2022-08-31T15:33:38+00:00","og_image":[{"width":2048,"height":1367,"url":"https:\/\/www.tourisme-carcassonne.fr\/assets\/uploads\/2022\/01\/chateaux-de-lastours-65-scaled.jpg","type":"image\/jpeg"}],"twitter_card":"summary_large_image","schema":{"@context":"https:\/\/schema.org","@graph":[{"@type":"WebPage","@id":"https:\/\/www.tourisme-carcassonne.fr\/es\/preparar\/alrededores-de-carcasona\/carcasona-y-alrededores\/","url":"https:\/\/www.tourisme-carcassonne.fr\/es\/preparar\/alrededores-de-carcasona\/carcasona-y-alrededores\/","name":"Carcasona y sus alrededores - Office de tourisme de Carcassonne","isPartOf":{"@id":"https:\/\/www.tourisme-carcassonne.fr\/es\/#website"},"primaryImageOfPage":{"@id":"https:\/\/www.tourisme-carcassonne.fr\/es\/preparar\/alrededores-de-carcasona\/carcasona-y-alrededores\/#primaryimage"},"image":{"@id":"https:\/\/www.tourisme-carcassonne.fr\/es\/preparar\/alrededores-de-carcasona\/carcasona-y-alrededores\/#primaryimage"},"thumbnailUrl":"https:\/\/www.tourisme-carcassonne.fr\/assets\/uploads\/2022\/01\/chateaux-de-lastours-65-scaled.jpg","datePublished":"2022-01-19T09:28:15+00:00","dateModified":"2022-08-31T15:33:38+00:00","description":"Descubra Carcasona y sus alrededores. Entre castillos c\u00e1taros, la ciudad medieval de Carcasona, abad\u00edas, especialmente la de Fontfroide... La Occitania y el Pa\u00eds C\u00e1taro le ofrecen numerosas actividades y visitas. El mapa interactivo le ayudar\u00e1 a organizar su estancia.","breadcrumb":{"@id":"https:\/\/www.tourisme-carcassonne.fr\/es\/preparar\/alrededores-de-carcasona\/carcasona-y-alrededores\/#breadcrumb"},"inLanguage":"es","potentialAction":[{"@type":"ReadAction","target":["https:\/\/www.tourisme-carcassonne.fr\/es\/preparar\/alrededores-de-carcasona\/carcasona-y-alrededores\/"]}]},{"@type":"ImageObject","inLanguage":"es","@id":"https:\/\/www.tourisme-carcassonne.fr\/es\/preparar\/alrededores-de-carcasona\/carcasona-y-alrededores\/#primaryimage","url":"https:\/\/www.tourisme-carcassonne.fr\/assets\/uploads\/2022\/01\/chateaux-de-lastours-65-scaled.jpg","contentUrl":"https:\/\/www.tourisme-carcassonne.fr\/assets\/uploads\/2022\/01\/chateaux-de-lastours-65-scaled.jpg","width":2048,"height":1367,"caption":"excursion pays cathare carcassonne et ses alentours"},{"@type":"BreadcrumbList","@id":"https:\/\/www.tourisme-carcassonne.fr\/es\/preparar\/alrededores-de-carcasona\/carcasona-y-alrededores\/#breadcrumb","itemListElement":[{"@type":"ListItem","position":1,"name":"Accueil","item":"https:\/\/www.tourisme-carcassonne.fr\/es\/"},{"@type":"ListItem","position":2,"name":"Preparar","item":"https:\/\/www.tourisme-carcassonne.fr\/es\/preparar\/"},{"@type":"ListItem","position":3,"name":"Alrededores de Carcasona","item":"https:\/\/www.tourisme-carcassonne.fr\/es\/preparar\/alrededores-de-carcasona\/"},{"@type":"ListItem","position":4,"name":"Carcasona y sus alrededores"}]},{"@type":"WebSite","@id":"https:\/\/www.tourisme-carcassonne.fr\/es\/#website","url":"https:\/\/www.tourisme-carcassonne.fr\/es\/","name":"Office de tourisme de Carcassonne","description":"","publisher":{"@id":"https:\/\/www.tourisme-carcassonne.fr\/es\/#organization"},"potentialAction":[{"@type":"SearchAction","target":{"@type":"EntryPoint","urlTemplate":"https:\/\/www.tourisme-carcassonne.fr\/es\/?s={search_term_string}"},"query-input":{"@type":"PropertyValueSpecification","valueRequired":true,"valueName":"search_term_string"}}],"inLanguage":"es"},{"@type":"Organization","@id":"https:\/\/www.tourisme-carcassonne.fr\/es\/#organization","name":"Office de tourisme de Carcassonne","url":"https:\/\/www.tourisme-carcassonne.fr\/es\/","logo":{"@type":"ImageObject","inLanguage":"es","@id":"https:\/\/www.tourisme-carcassonne.fr\/es\/#\/schema\/logo\/image\/","url":"https:\/\/www.tourisme-carcassonne.fr\/assets\/uploads\/2021\/11\/logo-carcassonne.svg","contentUrl":"https:\/\/www.tourisme-carcassonne.fr\/assets\/uploads\/2021\/11\/logo-carcassonne.svg","width":167,"height":49,"caption":"Office de tourisme de Carcassonne"},"image":{"@id":"https:\/\/www.tourisme-carcassonne.fr\/es\/#\/schema\/logo\/image\/"},"sameAs":["https:\/\/www.facebook.com\/tourismecarcassonne\/","https:\/\/www.instagram.com\/tourismecarcassonne\/"]}]}},"_links":{"self":[{"href":"https:\/\/www.tourisme-carcassonne.fr\/es\/wp-json\/wp\/v2\/pages\/13337","targetHints":{"allow":["GET"]}}],"collection":[{"href":"https:\/\/www.tourisme-carcassonne.fr\/es\/wp-json\/wp\/v2\/pages"}],"about":[{"href":"https:\/\/www.tourisme-carcassonne.fr\/es\/wp-json\/wp\/v2\/types\/page"}],"author":[{"embeddable":true,"href":"https:\/\/www.tourisme-carcassonne.fr\/es\/wp-json\/wp\/v2\/users\/3"}],"replies":[{"embeddable":true,"href":"https:\/\/www.tourisme-carcassonne.fr\/es\/wp-json\/wp\/v2\/comments?post=13337"}],"version-history":[{"count":0,"href":"https:\/\/www.tourisme-carcassonne.fr\/es\/wp-json\/wp\/v2\/pages\/13337\/revisions"}],"up":[{"embeddable":true,"href":"https:\/\/www.tourisme-carcassonne.fr\/es\/wp-json\/wp\/v2\/pages\/13334"}],"wp:featuredmedia":[{"embeddable":true,"href":"https:\/\/www.tourisme-carcassonne.fr\/es\/wp-json\/wp\/v2\/media\/7792"}],"wp:attachment":[{"href":"https:\/\/www.tourisme-carcassonne.fr\/es\/wp-json\/wp\/v2\/media?parent=13337"}],"curies":[{"name":"wp","href":"https:\/\/api.w.org\/{rel}","templated":true}]}}