{"id":13325,"date":"2022-05-02T17:34:27","date_gmt":"2022-05-02T15:34:27","guid":{"rendered":"https:\/\/www.tourisme-carcassonne.fr\/decouvrir\/idees-sejours\/sejour-escapade-a-carcassonne\/"},"modified":"2023-11-13T14:42:37","modified_gmt":"2023-11-13T13:42:37","slug":"sejour-escapade-a-carcassonne","status":"publish","type":"page","link":"https:\/\/www.tourisme-carcassonne.fr\/es\/descubrir\/ideas-de-estancia\/sejour-escapade-a-carcassonne\/","title":{"rendered":"S\u00e9jour Escapade \u00e0 Carcassonne"},"content":{"rendered":"\t\t<div data-elementor-type=\"wp-page\" data-elementor-id=\"13325\" class=\"elementor elementor-13325 elementor-10084\" data-elementor-post-type=\"page\">\n\t\t\t\t\t\t<section class=\"elementor-section elementor-top-section elementor-element elementor-element-297f73a2 elementor-fs-modele-texte100 elementor-section-boxed elementor-section-height-default elementor-section-height-default\" data-id=\"297f73a2\" data-element_type=\"section\" data-e-type=\"section\">\n\t\t\t\t\t\t<div class=\"elementor-container elementor-column-gap-default\">\n\t\t\t\t\t<div class=\"elementor-column elementor-col-100 elementor-top-column elementor-element elementor-element-1b8c96f fs-texte\" data-id=\"1b8c96f\" data-element_type=\"column\" data-e-type=\"column\">\n\t\t\t<div class=\"elementor-widget-wrap elementor-element-populated\">\n\t\t\t\t\t\t<div class=\"elementor-element elementor-element-4db5da33 elementor-widget elementor-widget-text-editor\" data-id=\"4db5da33\" data-element_type=\"widget\" data-e-type=\"widget\" data-widget_type=\"text-editor.default\">\n\t\t\t\t<div class=\"elementor-widget-container\">\n\t\t\t\t\t\t\t\t\t<h2 class=\"rtejustify\"><strong>Jour 1 : La Cit\u00e9 M\u00e9di\u00e9vale de Carcassonne<\/strong><\/h2><p class=\"rtejustify\"><br \/>Arriv\u00e9e \u00e0 Carcassonne dans l&#8217;apr\u00e8s-midi. Installation \u00e0 votre h\u00f4tel 3* \u00e0 10 mn \u00e0 pied de la Cit\u00e9. Rendez-vous dans la Cit\u00e9 M\u00e9di\u00e9vale class\u00e9e au Patrimoine mondial de l&#8217;Unesco depuis 1997 pour une visite du Ch\u00e2teau Comtal et des remparts de la Cit\u00e9 de Carcassonne : les cours, le palais et le Donjon, les chemins de ronde, les remparts Nord et Ouest (nouveaut\u00e9 2015), la pr\u00e9sentation de la restauration de la cit\u00e9 de Carcassonne par Viollet le Duc sous forme de film, de maquette&#8230;<\/p><p class=\"rtejustify\">Fl\u00e2nez dans la Cit\u00e9, ses ruelles et b\u00e2tisses n&#8217;auront plus de secrets : Porte Narbonnaise, v\u00e9ritable bastion d\u00e9fensif, remparts ext\u00e9rieurs, lices et bien s\u00fbr la basilique St Nazaire St Celse d&#8217;architecture romane et gothique. Pourquoi pas un peu de shopping dans les \u00e9choppes et boutiques d&#8217;artisans d&#8217;art&#8230;<\/p><p>D\u00eener Cassoulet dans la Cit\u00e9.<\/p><h2><br \/><br \/><strong>Jour 2 La Bastide et le Canal du Midi<\/strong><\/h2><p>\u00a0<\/p><p class=\"rtejustify\">Petit d\u00e9jeuner \u00e0 l&#8217;h\u00f4tel. Par le pont vieux, vous rejoignez la ville basse de Carcassonne : &#8216;la Bastide&#8217; visites libres \u00e0 la maison des m\u00e9moires, le mus\u00e9e des Beaux-arts, la cath\u00e9drale Saint Vincent&#8230;.pour terminer au port de plaisance, au bord du Canal du Midi.<\/p><p>D\u00e9jeuner dans la Bastide.<\/p><p class=\"rtejustify\">Embarquez pour une balade-croisi\u00e8re de 2h avec passage d&#8217;\u00e9cluse sur le Canal du Midi : une d\u00e9couverte au fil de l&#8217;eau de cet ouvrage d&#8217;art class\u00e9 au Patrimoine mondial de l&#8217;humanit\u00e9, oeuvre de Pierre-Paul Riquet, \u00e9difi\u00e9 sous le r\u00e8gne du Roi Soleil.<\/p><p>\u00a0<\/p><p>\u00a0<\/p><h1 class=\"rtejustify\"><strong>\u00c0 partir de 129 \u20ac par personne<\/strong><\/h1>\t\t\t\t\t\t\t\t<\/div>\n\t\t\t\t<\/div>\n\t\t\t\t\t<\/div>\n\t\t<\/div>\n\t\t\t\t\t<\/div>\n\t\t<\/section>\n\t\t\t\t<section class=\"elementor-section elementor-top-section elementor-element elementor-element-463ab281 elementor-fs-modele-texte100 elementor-section-boxed elementor-section-height-default elementor-section-height-default\" data-id=\"463ab281\" data-element_type=\"section\" data-e-type=\"section\">\n\t\t\t\t\t\t<div class=\"elementor-container elementor-column-gap-default\">\n\t\t\t\t\t<div class=\"elementor-column elementor-col-100 elementor-top-column elementor-element elementor-element-30f29b18 fs-texte\" data-id=\"30f29b18\" data-element_type=\"column\" data-e-type=\"column\">\n\t\t\t<div class=\"elementor-widget-wrap elementor-element-populated\">\n\t\t\t\t\t\t<div class=\"elementor-element elementor-element-16f7ec24 elementor-widget elementor-widget-text-editor\" data-id=\"16f7ec24\" data-element_type=\"widget\" data-e-type=\"widget\" data-widget_type=\"text-editor.default\">\n\t\t\t\t<div class=\"elementor-widget-container\">\n\t\t\t\t\t\t\t\t\t<h3>Si vous voulez plus d&#8217;information ou r\u00e9server votre s\u00e9jour, merci d&#8217;envoyer un mail \u00e0 :<\/h3><ul><li><h3><a href=\"mailto:groupes@carcassonne-tourisme.com\" target=\"_blank\" rel=\"noopener\">groupes@carcassonne-tourisme.com<\/a><\/h3><\/li><\/ul>\t\t\t\t\t\t\t\t<\/div>\n\t\t\t\t<\/div>\n\t\t\t\t\t<\/div>\n\t\t<\/div>\n\t\t\t\t\t<\/div>\n\t\t<\/section>\n\t\t\t\t<\/div>\n\t\t","protected":false},"excerpt":{"rendered":"<p>Jour 1 : La Cit\u00e9 M\u00e9di\u00e9vale de Carcassonne Arriv\u00e9e \u00e0 Carcassonne dans l&#8217;apr\u00e8s-midi. Installation \u00e0 votre h\u00f4tel 3* \u00e0 10 mn \u00e0 pied de la Cit\u00e9. Rendez-vous dans la Cit\u00e9 M\u00e9di\u00e9vale class\u00e9e au Patrimoine mondial de l&#8217;Unesco depuis 1997 pour une visite du Ch\u00e2teau Comtal et des remparts de la Cit\u00e9 de Carcassonne : les [&hellip;]<\/p>\n","protected":false},"author":3,"featured_media":8646,"parent":13163,"menu_order":0,"comment_status":"closed","ping_status":"closed","template":"templates\/edito.php","meta":{"_acf_changed":false,"footnotes":""},"class_list":["post-13325","page","type-page","status-publish","has-post-thumbnail","hentry"],"acf":[],"yoast_head":"<!-- This site is optimized with the Yoast SEO plugin v27.1.1 - https:\/\/yoast.com\/product\/yoast-seo-wordpress\/ -->\n<title>S\u00e9jour Escapade \u00e0 Carcassonne - Office de tourisme de Carcassonne<\/title>\n<meta name=\"robots\" content=\"index, follow, max-snippet:-1, max-image-preview:large, max-video-preview:-1\" \/>\n<link rel=\"canonical\" href=\"https:\/\/www.tourisme-carcassonne.fr\/es\/descubrir\/ideas-de-estancia\/sejour-escapade-a-carcassonne\/\" \/>\n<meta property=\"og:locale\" content=\"es_ES\" \/>\n<meta property=\"og:type\" content=\"article\" \/>\n<meta property=\"og:title\" content=\"S\u00e9jour Escapade \u00e0 Carcassonne - Office de tourisme de Carcassonne\" \/>\n<meta property=\"og:description\" content=\"Jour 1 : La Cit\u00e9 M\u00e9di\u00e9vale de Carcassonne Arriv\u00e9e \u00e0 Carcassonne dans l&#8217;apr\u00e8s-midi. Installation \u00e0 votre h\u00f4tel 3* \u00e0 10 mn \u00e0 pied de la Cit\u00e9. Rendez-vous dans la Cit\u00e9 M\u00e9di\u00e9vale class\u00e9e au Patrimoine mondial de l&#8217;Unesco depuis 1997 pour une visite du Ch\u00e2teau Comtal et des remparts de la Cit\u00e9 de Carcassonne : les [&hellip;]\" \/>\n<meta property=\"og:url\" content=\"https:\/\/www.tourisme-carcassonne.fr\/es\/descubrir\/ideas-de-estancia\/sejour-escapade-a-carcassonne\/\" \/>\n<meta property=\"og:site_name\" content=\"Office de tourisme de Carcassonne\" \/>\n<meta property=\"article:publisher\" content=\"https:\/\/www.facebook.com\/tourismecarcassonne\/\" \/>\n<meta property=\"article:modified_time\" content=\"2023-11-13T13:42:37+00:00\" \/>\n<meta property=\"og:image\" content=\"https:\/\/www.tourisme-carcassonne.fr\/assets\/uploads\/2022\/02\/2020-cite-confine-2660-jr-2400px-scaled.jpg\" \/>\n\t<meta property=\"og:image:width\" content=\"2048\" \/>\n\t<meta property=\"og:image:height\" content=\"1365\" \/>\n\t<meta property=\"og:image:type\" content=\"image\/jpeg\" \/>\n<meta name=\"twitter:card\" content=\"summary_large_image\" \/>\n<script type=\"application\/ld+json\" class=\"yoast-schema-graph\">{\"@context\":\"https:\/\/schema.org\",\"@graph\":[{\"@type\":\"WebPage\",\"@id\":\"https:\/\/www.tourisme-carcassonne.fr\/es\/descubrir\/ideas-de-estancia\/sejour-escapade-a-carcassonne\/\",\"url\":\"https:\/\/www.tourisme-carcassonne.fr\/es\/descubrir\/ideas-de-estancia\/sejour-escapade-a-carcassonne\/\",\"name\":\"S\u00e9jour Escapade \u00e0 Carcassonne - Office de tourisme de Carcassonne\",\"isPartOf\":{\"@id\":\"https:\/\/www.tourisme-carcassonne.fr\/es\/#website\"},\"primaryImageOfPage\":{\"@id\":\"https:\/\/www.tourisme-carcassonne.fr\/es\/descubrir\/ideas-de-estancia\/sejour-escapade-a-carcassonne\/#primaryimage\"},\"image\":{\"@id\":\"https:\/\/www.tourisme-carcassonne.fr\/es\/descubrir\/ideas-de-estancia\/sejour-escapade-a-carcassonne\/#primaryimage\"},\"thumbnailUrl\":\"https:\/\/www.tourisme-carcassonne.fr\/assets\/uploads\/2022\/02\/2020-cite-confine-2660-jr-2400px-scaled.jpg\",\"datePublished\":\"2022-05-02T15:34:27+00:00\",\"dateModified\":\"2023-11-13T13:42:37+00:00\",\"breadcrumb\":{\"@id\":\"https:\/\/www.tourisme-carcassonne.fr\/es\/descubrir\/ideas-de-estancia\/sejour-escapade-a-carcassonne\/#breadcrumb\"},\"inLanguage\":\"es\",\"potentialAction\":[{\"@type\":\"ReadAction\",\"target\":[\"https:\/\/www.tourisme-carcassonne.fr\/es\/descubrir\/ideas-de-estancia\/sejour-escapade-a-carcassonne\/\"]}]},{\"@type\":\"ImageObject\",\"inLanguage\":\"es\",\"@id\":\"https:\/\/www.tourisme-carcassonne.fr\/es\/descubrir\/ideas-de-estancia\/sejour-escapade-a-carcassonne\/#primaryimage\",\"url\":\"https:\/\/www.tourisme-carcassonne.fr\/assets\/uploads\/2022\/02\/2020-cite-confine-2660-jr-2400px-scaled.jpg\",\"contentUrl\":\"https:\/\/www.tourisme-carcassonne.fr\/assets\/uploads\/2022\/02\/2020-cite-confine-2660-jr-2400px-scaled.jpg\",\"width\":2048,\"height\":1365,\"caption\":\"\u00a9 J.Roche - Ville de Carcassonne\"},{\"@type\":\"BreadcrumbList\",\"@id\":\"https:\/\/www.tourisme-carcassonne.fr\/es\/descubrir\/ideas-de-estancia\/sejour-escapade-a-carcassonne\/#breadcrumb\",\"itemListElement\":[{\"@type\":\"ListItem\",\"position\":1,\"name\":\"Accueil\",\"item\":\"https:\/\/www.tourisme-carcassonne.fr\/es\/\"},{\"@type\":\"ListItem\",\"position\":2,\"name\":\"Descubrir\",\"item\":\"https:\/\/www.tourisme-carcassonne.fr\/es\/descubrir\/\"},{\"@type\":\"ListItem\",\"position\":3,\"name\":\"Ideas de estancia\",\"item\":\"https:\/\/www.tourisme-carcassonne.fr\/es\/decouvrir\/idees-sejours\/\"},{\"@type\":\"ListItem\",\"position\":4,\"name\":\"S\u00e9jour Escapade \u00e0 Carcassonne\"}]},{\"@type\":\"WebSite\",\"@id\":\"https:\/\/www.tourisme-carcassonne.fr\/es\/#website\",\"url\":\"https:\/\/www.tourisme-carcassonne.fr\/es\/\",\"name\":\"Office de tourisme de Carcassonne\",\"description\":\"\",\"publisher\":{\"@id\":\"https:\/\/www.tourisme-carcassonne.fr\/es\/#organization\"},\"potentialAction\":[{\"@type\":\"SearchAction\",\"target\":{\"@type\":\"EntryPoint\",\"urlTemplate\":\"https:\/\/www.tourisme-carcassonne.fr\/es\/?s={search_term_string}\"},\"query-input\":{\"@type\":\"PropertyValueSpecification\",\"valueRequired\":true,\"valueName\":\"search_term_string\"}}],\"inLanguage\":\"es\"},{\"@type\":\"Organization\",\"@id\":\"https:\/\/www.tourisme-carcassonne.fr\/es\/#organization\",\"name\":\"Office de tourisme de Carcassonne\",\"url\":\"https:\/\/www.tourisme-carcassonne.fr\/es\/\",\"logo\":{\"@type\":\"ImageObject\",\"inLanguage\":\"es\",\"@id\":\"https:\/\/www.tourisme-carcassonne.fr\/es\/#\/schema\/logo\/image\/\",\"url\":\"https:\/\/www.tourisme-carcassonne.fr\/assets\/uploads\/2021\/11\/logo-carcassonne.svg\",\"contentUrl\":\"https:\/\/www.tourisme-carcassonne.fr\/assets\/uploads\/2021\/11\/logo-carcassonne.svg\",\"width\":167,\"height\":49,\"caption\":\"Office de tourisme de Carcassonne\"},\"image\":{\"@id\":\"https:\/\/www.tourisme-carcassonne.fr\/es\/#\/schema\/logo\/image\/\"},\"sameAs\":[\"https:\/\/www.facebook.com\/tourismecarcassonne\/\",\"https:\/\/www.instagram.com\/tourismecarcassonne\/\"]}]}<\/script>\n<!-- \/ Yoast SEO plugin. -->","yoast_head_json":{"title":"S\u00e9jour Escapade \u00e0 Carcassonne - Office de tourisme de Carcassonne","robots":{"index":"index","follow":"follow","max-snippet":"max-snippet:-1","max-image-preview":"max-image-preview:large","max-video-preview":"max-video-preview:-1"},"canonical":"https:\/\/www.tourisme-carcassonne.fr\/es\/descubrir\/ideas-de-estancia\/sejour-escapade-a-carcassonne\/","og_locale":"es_ES","og_type":"article","og_title":"S\u00e9jour Escapade \u00e0 Carcassonne - Office de tourisme de Carcassonne","og_description":"Jour 1 : La Cit\u00e9 M\u00e9di\u00e9vale de Carcassonne Arriv\u00e9e \u00e0 Carcassonne dans l&#8217;apr\u00e8s-midi. Installation \u00e0 votre h\u00f4tel 3* \u00e0 10 mn \u00e0 pied de la Cit\u00e9. Rendez-vous dans la Cit\u00e9 M\u00e9di\u00e9vale class\u00e9e au Patrimoine mondial de l&#8217;Unesco depuis 1997 pour une visite du Ch\u00e2teau Comtal et des remparts de la Cit\u00e9 de Carcassonne : les [&hellip;]","og_url":"https:\/\/www.tourisme-carcassonne.fr\/es\/descubrir\/ideas-de-estancia\/sejour-escapade-a-carcassonne\/","og_site_name":"Office de tourisme de Carcassonne","article_publisher":"https:\/\/www.facebook.com\/tourismecarcassonne\/","article_modified_time":"2023-11-13T13:42:37+00:00","og_image":[{"width":2048,"height":1365,"url":"https:\/\/www.tourisme-carcassonne.fr\/assets\/uploads\/2022\/02\/2020-cite-confine-2660-jr-2400px-scaled.jpg","type":"image\/jpeg"}],"twitter_card":"summary_large_image","schema":{"@context":"https:\/\/schema.org","@graph":[{"@type":"WebPage","@id":"https:\/\/www.tourisme-carcassonne.fr\/es\/descubrir\/ideas-de-estancia\/sejour-escapade-a-carcassonne\/","url":"https:\/\/www.tourisme-carcassonne.fr\/es\/descubrir\/ideas-de-estancia\/sejour-escapade-a-carcassonne\/","name":"S\u00e9jour Escapade \u00e0 Carcassonne - Office de tourisme de Carcassonne","isPartOf":{"@id":"https:\/\/www.tourisme-carcassonne.fr\/es\/#website"},"primaryImageOfPage":{"@id":"https:\/\/www.tourisme-carcassonne.fr\/es\/descubrir\/ideas-de-estancia\/sejour-escapade-a-carcassonne\/#primaryimage"},"image":{"@id":"https:\/\/www.tourisme-carcassonne.fr\/es\/descubrir\/ideas-de-estancia\/sejour-escapade-a-carcassonne\/#primaryimage"},"thumbnailUrl":"https:\/\/www.tourisme-carcassonne.fr\/assets\/uploads\/2022\/02\/2020-cite-confine-2660-jr-2400px-scaled.jpg","datePublished":"2022-05-02T15:34:27+00:00","dateModified":"2023-11-13T13:42:37+00:00","breadcrumb":{"@id":"https:\/\/www.tourisme-carcassonne.fr\/es\/descubrir\/ideas-de-estancia\/sejour-escapade-a-carcassonne\/#breadcrumb"},"inLanguage":"es","potentialAction":[{"@type":"ReadAction","target":["https:\/\/www.tourisme-carcassonne.fr\/es\/descubrir\/ideas-de-estancia\/sejour-escapade-a-carcassonne\/"]}]},{"@type":"ImageObject","inLanguage":"es","@id":"https:\/\/www.tourisme-carcassonne.fr\/es\/descubrir\/ideas-de-estancia\/sejour-escapade-a-carcassonne\/#primaryimage","url":"https:\/\/www.tourisme-carcassonne.fr\/assets\/uploads\/2022\/02\/2020-cite-confine-2660-jr-2400px-scaled.jpg","contentUrl":"https:\/\/www.tourisme-carcassonne.fr\/assets\/uploads\/2022\/02\/2020-cite-confine-2660-jr-2400px-scaled.jpg","width":2048,"height":1365,"caption":"\u00a9 J.Roche - Ville de Carcassonne"},{"@type":"BreadcrumbList","@id":"https:\/\/www.tourisme-carcassonne.fr\/es\/descubrir\/ideas-de-estancia\/sejour-escapade-a-carcassonne\/#breadcrumb","itemListElement":[{"@type":"ListItem","position":1,"name":"Accueil","item":"https:\/\/www.tourisme-carcassonne.fr\/es\/"},{"@type":"ListItem","position":2,"name":"Descubrir","item":"https:\/\/www.tourisme-carcassonne.fr\/es\/descubrir\/"},{"@type":"ListItem","position":3,"name":"Ideas de estancia","item":"https:\/\/www.tourisme-carcassonne.fr\/es\/decouvrir\/idees-sejours\/"},{"@type":"ListItem","position":4,"name":"S\u00e9jour Escapade \u00e0 Carcassonne"}]},{"@type":"WebSite","@id":"https:\/\/www.tourisme-carcassonne.fr\/es\/#website","url":"https:\/\/www.tourisme-carcassonne.fr\/es\/","name":"Office de tourisme de Carcassonne","description":"","publisher":{"@id":"https:\/\/www.tourisme-carcassonne.fr\/es\/#organization"},"potentialAction":[{"@type":"SearchAction","target":{"@type":"EntryPoint","urlTemplate":"https:\/\/www.tourisme-carcassonne.fr\/es\/?s={search_term_string}"},"query-input":{"@type":"PropertyValueSpecification","valueRequired":true,"valueName":"search_term_string"}}],"inLanguage":"es"},{"@type":"Organization","@id":"https:\/\/www.tourisme-carcassonne.fr\/es\/#organization","name":"Office de tourisme de Carcassonne","url":"https:\/\/www.tourisme-carcassonne.fr\/es\/","logo":{"@type":"ImageObject","inLanguage":"es","@id":"https:\/\/www.tourisme-carcassonne.fr\/es\/#\/schema\/logo\/image\/","url":"https:\/\/www.tourisme-carcassonne.fr\/assets\/uploads\/2021\/11\/logo-carcassonne.svg","contentUrl":"https:\/\/www.tourisme-carcassonne.fr\/assets\/uploads\/2021\/11\/logo-carcassonne.svg","width":167,"height":49,"caption":"Office de tourisme de Carcassonne"},"image":{"@id":"https:\/\/www.tourisme-carcassonne.fr\/es\/#\/schema\/logo\/image\/"},"sameAs":["https:\/\/www.facebook.com\/tourismecarcassonne\/","https:\/\/www.instagram.com\/tourismecarcassonne\/"]}]}},"_links":{"self":[{"href":"https:\/\/www.tourisme-carcassonne.fr\/es\/wp-json\/wp\/v2\/pages\/13325","targetHints":{"allow":["GET"]}}],"collection":[{"href":"https:\/\/www.tourisme-carcassonne.fr\/es\/wp-json\/wp\/v2\/pages"}],"about":[{"href":"https:\/\/www.tourisme-carcassonne.fr\/es\/wp-json\/wp\/v2\/types\/page"}],"author":[{"embeddable":true,"href":"https:\/\/www.tourisme-carcassonne.fr\/es\/wp-json\/wp\/v2\/users\/3"}],"replies":[{"embeddable":true,"href":"https:\/\/www.tourisme-carcassonne.fr\/es\/wp-json\/wp\/v2\/comments?post=13325"}],"version-history":[{"count":0,"href":"https:\/\/www.tourisme-carcassonne.fr\/es\/wp-json\/wp\/v2\/pages\/13325\/revisions"}],"up":[{"embeddable":true,"href":"https:\/\/www.tourisme-carcassonne.fr\/es\/wp-json\/wp\/v2\/pages\/13163"}],"wp:featuredmedia":[{"embeddable":true,"href":"https:\/\/www.tourisme-carcassonne.fr\/es\/wp-json\/wp\/v2\/media\/8646"}],"wp:attachment":[{"href":"https:\/\/www.tourisme-carcassonne.fr\/es\/wp-json\/wp\/v2\/media?parent=13325"}],"curies":[{"name":"wp","href":"https:\/\/api.w.org\/{rel}","templated":true}]}}