{"id":13199,"date":"2021-11-22T09:23:12","date_gmt":"2021-11-22T08:23:12","guid":{"rendered":"https:\/\/www.tourisme-carcassonne.fr\/liens-utiles\/"},"modified":"2022-12-01T17:29:31","modified_gmt":"2022-12-01T16:29:31","slug":"enlaces-utiles","status":"publish","type":"page","link":"https:\/\/www.tourisme-carcassonne.fr\/es\/enlaces-utiles\/","title":{"rendered":"Enlaces \u00fatiles"},"content":{"rendered":"\t\t<div data-elementor-type=\"wp-page\" data-elementor-id=\"13199\" class=\"elementor elementor-13199 elementor-523\" data-elementor-post-type=\"page\">\n\t\t\t\t\t\t<section class=\"elementor-section elementor-top-section elementor-element elementor-element-5f16081a elementor-fs-modele-texte100 elementor-section-boxed elementor-section-height-default elementor-section-height-default\" data-id=\"5f16081a\" data-element_type=\"section\" data-e-type=\"section\">\n\t\t\t\t\t\t<div class=\"elementor-container elementor-column-gap-default\">\n\t\t\t\t\t<div class=\"elementor-column elementor-col-100 elementor-top-column elementor-element elementor-element-6a8a9e0b fs-texte\" data-id=\"6a8a9e0b\" data-element_type=\"column\" data-e-type=\"column\">\n\t\t\t<div class=\"elementor-widget-wrap elementor-element-populated\">\n\t\t\t\t\t\t<div class=\"elementor-element elementor-element-b69ba0a elementor-widget elementor-widget-text-editor\" data-id=\"b69ba0a\" data-element_type=\"widget\" data-e-type=\"widget\" data-widget_type=\"text-editor.default\">\n\t\t\t\t<div class=\"elementor-widget-container\">\n\t\t\t\t\t\t\t\t\t<div class=\"field-collection\"><div class=\"field-collection-0 field-collection-item type-text \"><div class=\"markup\"><h2>Institucional<\/h2><ul><li>Ciudad de Carcasona: <a href=\"http:\/\/www.carcassonne.org\/\" target=\"_blank\" rel=\"noopener\">www.carcassonne.org<\/a><\/li><li>C\u00e1mara de Comercio e Industria de Carcasona : <a href=\"http:\/\/www.carcassonne.cci.fr\/\" target=\"_blank\" rel=\"noopener\">www.carcassonne.cci.fr<\/a><\/li><li>Syndicat Mixte Grand site Carcassonne:\u00a0<a href=\"http:\/\/www.grandsite-carcassonne.fr\/\" target=\"_blank\" rel=\"noopener\">www.grandsite-carcassonne.fr<\/a><\/li><\/ul><h2>Turismo<\/h2><ul><li>Comit\u00e9 Departamental de Turismo del Aude: <a href=\"http:\/\/www.audetourisme.com\/\" target=\"_blank\" rel=\"noopener\">www.audetourisme.com<\/a><\/li><li>Asociaciones de los sitios del pa\u00eds c\u00e1taro: <a href=\"http:\/\/www.payscathare.org\/\" target=\"_blank\" rel=\"noopener\">www.payscathare.org<\/a><\/li><li>Comit\u00e9 Regional de Occitania :<a href=\"https:\/\/www.tourisme-occitanie.com\" target=\"_blank\" rel=\"noopener\">https:\/\/www.tourisme-occitanie.com<\/a><\/li><li>Atout France :\u00a0<a href=\"http:\/\/www.atout-france.fr\/\" target=\"_blank\" rel=\"noopener\">www.atout-france.fr<\/a><\/li><li>Aeropuerto de Carcassonne: <a href=\"http:\/\/www.aeroport-carcassonne.com\/\" target=\"_blank\" rel=\"noopener\">www.aeroport-carcassonne.com<\/a><\/li><li>Puerto de Carcassonne : <a href=\"http:\/\/www.port-carcassonne.com\/\" target=\"_blank\" rel=\"noopener\">www.port-carcassonne.com<\/a><\/li><li>Centre des Monuments Nationaux:\u00a0<a href=\"http:\/\/www.monuments-nationaux.fr\/\" target=\"_blank\" rel=\"noopener\">www.monuments-nationaux.fr<\/a><\/li><li>Canal del midi : <a href=\"http:\/\/www.canal-du-midi.org\/\" target=\"_blank\" rel=\"noopener\">http:\/\/www.canal-du-midi.org\/<\/a><\/li><\/ul><h2>Otros<\/h2><ul><li>Gites de France :\u00a0<a href=\"http:\/\/www.gites-de-france-aude.com\/\" target=\"_blank\" rel=\"noopener\">www.gites-de-france-aude.com<\/a><\/li><li>Casa de las Ciudades Francesas Carcasona : <a href=\"mailto:avf.carcassonne@wanadoo.fr\">avf.carcassonne@wanadoo.fr<\/a><\/li><\/ul><\/div><\/div><\/div>\t\t\t\t\t\t\t\t<\/div>\n\t\t\t\t<\/div>\n\t\t\t\t\t<\/div>\n\t\t<\/div>\n\t\t\t\t\t<\/div>\n\t\t<\/section>\n\t\t\t\t<\/div>\n\t\t","protected":false},"excerpt":{"rendered":"<p>Institucional Ciudad de Carcasona: www.carcassonne.org C\u00e1mara de Comercio e Industria de Carcasona : www.carcassonne.cci.fr Syndicat Mixte Grand site Carcassonne:\u00a0www.grandsite-carcassonne.fr Turismo Comit\u00e9 Departamental de Turismo del Aude: www.audetourisme.com Asociaciones de los sitios del pa\u00eds c\u00e1taro: www.payscathare.org Comit\u00e9 Regional de Occitania :https:\/\/www.tourisme-occitanie.com Atout France :\u00a0www.atout-france.fr Aeropuerto de Carcassonne: www.aeroport-carcassonne.com Puerto de Carcassonne : www.port-carcassonne.com Centre des Monuments [&hellip;]<\/p>\n","protected":false},"author":3,"featured_media":0,"parent":0,"menu_order":0,"comment_status":"closed","ping_status":"closed","template":"templates\/edito.php","meta":{"_acf_changed":false,"footnotes":""},"class_list":["post-13199","page","type-page","status-publish","hentry"],"acf":[],"yoast_head":"<!-- This site is optimized with the Yoast SEO plugin v27.1.1 - https:\/\/yoast.com\/product\/yoast-seo-wordpress\/ -->\n<title>Enlaces \u00fatiles - Office de tourisme de Carcassonne<\/title>\n<meta name=\"description\" content=\"Enlaces \u00fatiles que permiten encontrar informaci\u00f3n institucional relacionada con el turismo en Carcasona, el Aude y Occitania.\" \/>\n<meta name=\"robots\" content=\"index, follow, max-snippet:-1, max-image-preview:large, max-video-preview:-1\" \/>\n<link rel=\"canonical\" href=\"https:\/\/www.tourisme-carcassonne.fr\/es\/enlaces-utiles\/\" \/>\n<meta property=\"og:locale\" content=\"es_ES\" \/>\n<meta property=\"og:type\" content=\"article\" \/>\n<meta property=\"og:title\" content=\"Enlaces \u00fatiles - Office de tourisme de Carcassonne\" \/>\n<meta property=\"og:description\" content=\"Enlaces \u00fatiles que permiten encontrar informaci\u00f3n institucional relacionada con el turismo en Carcasona, el Aude y Occitania.\" \/>\n<meta property=\"og:url\" content=\"https:\/\/www.tourisme-carcassonne.fr\/es\/enlaces-utiles\/\" \/>\n<meta property=\"og:site_name\" content=\"Office de tourisme de Carcassonne\" \/>\n<meta property=\"article:publisher\" content=\"https:\/\/www.facebook.com\/tourismecarcassonne\/\" \/>\n<meta property=\"article:modified_time\" content=\"2022-12-01T16:29:31+00:00\" \/>\n<meta name=\"twitter:card\" content=\"summary_large_image\" \/>\n<meta name=\"twitter:label1\" content=\"Tiempo de lectura\" \/>\n\t<meta name=\"twitter:data1\" content=\"1 minuto\" \/>\n<script type=\"application\/ld+json\" class=\"yoast-schema-graph\">{\"@context\":\"https:\/\/schema.org\",\"@graph\":[{\"@type\":\"WebPage\",\"@id\":\"https:\/\/www.tourisme-carcassonne.fr\/es\/enlaces-utiles\/\",\"url\":\"https:\/\/www.tourisme-carcassonne.fr\/es\/enlaces-utiles\/\",\"name\":\"Enlaces \u00fatiles - Office de tourisme de Carcassonne\",\"isPartOf\":{\"@id\":\"https:\/\/www.tourisme-carcassonne.fr\/es\/#website\"},\"datePublished\":\"2021-11-22T08:23:12+00:00\",\"dateModified\":\"2022-12-01T16:29:31+00:00\",\"description\":\"Enlaces \u00fatiles que permiten encontrar informaci\u00f3n institucional relacionada con el turismo en Carcasona, el Aude y Occitania.\",\"breadcrumb\":{\"@id\":\"https:\/\/www.tourisme-carcassonne.fr\/es\/enlaces-utiles\/#breadcrumb\"},\"inLanguage\":\"es\",\"potentialAction\":[{\"@type\":\"ReadAction\",\"target\":[\"https:\/\/www.tourisme-carcassonne.fr\/es\/enlaces-utiles\/\"]}]},{\"@type\":\"BreadcrumbList\",\"@id\":\"https:\/\/www.tourisme-carcassonne.fr\/es\/enlaces-utiles\/#breadcrumb\",\"itemListElement\":[{\"@type\":\"ListItem\",\"position\":1,\"name\":\"Accueil\",\"item\":\"https:\/\/www.tourisme-carcassonne.fr\/es\/\"},{\"@type\":\"ListItem\",\"position\":2,\"name\":\"Enlaces \u00fatiles\"}]},{\"@type\":\"WebSite\",\"@id\":\"https:\/\/www.tourisme-carcassonne.fr\/es\/#website\",\"url\":\"https:\/\/www.tourisme-carcassonne.fr\/es\/\",\"name\":\"Office de tourisme de Carcassonne\",\"description\":\"\",\"publisher\":{\"@id\":\"https:\/\/www.tourisme-carcassonne.fr\/es\/#organization\"},\"potentialAction\":[{\"@type\":\"SearchAction\",\"target\":{\"@type\":\"EntryPoint\",\"urlTemplate\":\"https:\/\/www.tourisme-carcassonne.fr\/es\/?s={search_term_string}\"},\"query-input\":{\"@type\":\"PropertyValueSpecification\",\"valueRequired\":true,\"valueName\":\"search_term_string\"}}],\"inLanguage\":\"es\"},{\"@type\":\"Organization\",\"@id\":\"https:\/\/www.tourisme-carcassonne.fr\/es\/#organization\",\"name\":\"Office de tourisme de Carcassonne\",\"url\":\"https:\/\/www.tourisme-carcassonne.fr\/es\/\",\"logo\":{\"@type\":\"ImageObject\",\"inLanguage\":\"es\",\"@id\":\"https:\/\/www.tourisme-carcassonne.fr\/es\/#\/schema\/logo\/image\/\",\"url\":\"https:\/\/www.tourisme-carcassonne.fr\/assets\/uploads\/2021\/11\/logo-carcassonne.svg\",\"contentUrl\":\"https:\/\/www.tourisme-carcassonne.fr\/assets\/uploads\/2021\/11\/logo-carcassonne.svg\",\"width\":167,\"height\":49,\"caption\":\"Office de tourisme de Carcassonne\"},\"image\":{\"@id\":\"https:\/\/www.tourisme-carcassonne.fr\/es\/#\/schema\/logo\/image\/\"},\"sameAs\":[\"https:\/\/www.facebook.com\/tourismecarcassonne\/\",\"https:\/\/www.instagram.com\/tourismecarcassonne\/\"]}]}<\/script>\n<!-- \/ Yoast SEO plugin. -->","yoast_head_json":{"title":"Enlaces \u00fatiles - Office de tourisme de Carcassonne","description":"Enlaces \u00fatiles que permiten encontrar informaci\u00f3n institucional relacionada con el turismo en Carcasona, el Aude y Occitania.","robots":{"index":"index","follow":"follow","max-snippet":"max-snippet:-1","max-image-preview":"max-image-preview:large","max-video-preview":"max-video-preview:-1"},"canonical":"https:\/\/www.tourisme-carcassonne.fr\/es\/enlaces-utiles\/","og_locale":"es_ES","og_type":"article","og_title":"Enlaces \u00fatiles - Office de tourisme de Carcassonne","og_description":"Enlaces \u00fatiles que permiten encontrar informaci\u00f3n institucional relacionada con el turismo en Carcasona, el Aude y Occitania.","og_url":"https:\/\/www.tourisme-carcassonne.fr\/es\/enlaces-utiles\/","og_site_name":"Office de tourisme de Carcassonne","article_publisher":"https:\/\/www.facebook.com\/tourismecarcassonne\/","article_modified_time":"2022-12-01T16:29:31+00:00","twitter_card":"summary_large_image","twitter_misc":{"Tiempo de lectura":"1 minuto"},"schema":{"@context":"https:\/\/schema.org","@graph":[{"@type":"WebPage","@id":"https:\/\/www.tourisme-carcassonne.fr\/es\/enlaces-utiles\/","url":"https:\/\/www.tourisme-carcassonne.fr\/es\/enlaces-utiles\/","name":"Enlaces \u00fatiles - Office de tourisme de Carcassonne","isPartOf":{"@id":"https:\/\/www.tourisme-carcassonne.fr\/es\/#website"},"datePublished":"2021-11-22T08:23:12+00:00","dateModified":"2022-12-01T16:29:31+00:00","description":"Enlaces \u00fatiles que permiten encontrar informaci\u00f3n institucional relacionada con el turismo en Carcasona, el Aude y Occitania.","breadcrumb":{"@id":"https:\/\/www.tourisme-carcassonne.fr\/es\/enlaces-utiles\/#breadcrumb"},"inLanguage":"es","potentialAction":[{"@type":"ReadAction","target":["https:\/\/www.tourisme-carcassonne.fr\/es\/enlaces-utiles\/"]}]},{"@type":"BreadcrumbList","@id":"https:\/\/www.tourisme-carcassonne.fr\/es\/enlaces-utiles\/#breadcrumb","itemListElement":[{"@type":"ListItem","position":1,"name":"Accueil","item":"https:\/\/www.tourisme-carcassonne.fr\/es\/"},{"@type":"ListItem","position":2,"name":"Enlaces \u00fatiles"}]},{"@type":"WebSite","@id":"https:\/\/www.tourisme-carcassonne.fr\/es\/#website","url":"https:\/\/www.tourisme-carcassonne.fr\/es\/","name":"Office de tourisme de Carcassonne","description":"","publisher":{"@id":"https:\/\/www.tourisme-carcassonne.fr\/es\/#organization"},"potentialAction":[{"@type":"SearchAction","target":{"@type":"EntryPoint","urlTemplate":"https:\/\/www.tourisme-carcassonne.fr\/es\/?s={search_term_string}"},"query-input":{"@type":"PropertyValueSpecification","valueRequired":true,"valueName":"search_term_string"}}],"inLanguage":"es"},{"@type":"Organization","@id":"https:\/\/www.tourisme-carcassonne.fr\/es\/#organization","name":"Office de tourisme de Carcassonne","url":"https:\/\/www.tourisme-carcassonne.fr\/es\/","logo":{"@type":"ImageObject","inLanguage":"es","@id":"https:\/\/www.tourisme-carcassonne.fr\/es\/#\/schema\/logo\/image\/","url":"https:\/\/www.tourisme-carcassonne.fr\/assets\/uploads\/2021\/11\/logo-carcassonne.svg","contentUrl":"https:\/\/www.tourisme-carcassonne.fr\/assets\/uploads\/2021\/11\/logo-carcassonne.svg","width":167,"height":49,"caption":"Office de tourisme de Carcassonne"},"image":{"@id":"https:\/\/www.tourisme-carcassonne.fr\/es\/#\/schema\/logo\/image\/"},"sameAs":["https:\/\/www.facebook.com\/tourismecarcassonne\/","https:\/\/www.instagram.com\/tourismecarcassonne\/"]}]}},"_links":{"self":[{"href":"https:\/\/www.tourisme-carcassonne.fr\/es\/wp-json\/wp\/v2\/pages\/13199","targetHints":{"allow":["GET"]}}],"collection":[{"href":"https:\/\/www.tourisme-carcassonne.fr\/es\/wp-json\/wp\/v2\/pages"}],"about":[{"href":"https:\/\/www.tourisme-carcassonne.fr\/es\/wp-json\/wp\/v2\/types\/page"}],"author":[{"embeddable":true,"href":"https:\/\/www.tourisme-carcassonne.fr\/es\/wp-json\/wp\/v2\/users\/3"}],"replies":[{"embeddable":true,"href":"https:\/\/www.tourisme-carcassonne.fr\/es\/wp-json\/wp\/v2\/comments?post=13199"}],"version-history":[{"count":0,"href":"https:\/\/www.tourisme-carcassonne.fr\/es\/wp-json\/wp\/v2\/pages\/13199\/revisions"}],"wp:attachment":[{"href":"https:\/\/www.tourisme-carcassonne.fr\/es\/wp-json\/wp\/v2\/media?parent=13199"}],"curies":[{"name":"wp","href":"https:\/\/api.w.org\/{rel}","templated":true}]}}