{"id":13181,"date":"2022-04-04T12:29:27","date_gmt":"2022-04-04T10:29:27","guid":{"rendered":"https:\/\/www.tourisme-carcassonne.fr\/toutes-les-experiences\/un-week-end-en-amoureux\/"},"modified":"2022-08-30T12:27:40","modified_gmt":"2022-08-30T10:27:40","slug":"fin-de-semana-de-amor","status":"publish","type":"page","link":"https:\/\/www.tourisme-carcassonne.fr\/es\/todas-las-experiencias\/fin-de-semana-de-amor\/","title":{"rendered":"Un fin de semana para dos"},"content":{"rendered":"\t\t<div data-elementor-type=\"wp-page\" data-elementor-id=\"13181\" class=\"elementor elementor-13181 elementor-9491\" data-elementor-post-type=\"page\">\n\t\t\t\t\t\t<section class=\"elementor-section elementor-top-section elementor-element elementor-element-27cf94eb elementor-fs-modele-texte100 elementor-section-boxed elementor-section-height-default elementor-section-height-default\" data-id=\"27cf94eb\" data-element_type=\"section\" data-e-type=\"section\">\n\t\t\t\t\t\t<div class=\"elementor-container elementor-column-gap-default\">\n\t\t\t\t\t<div class=\"elementor-column elementor-col-100 elementor-top-column elementor-element elementor-element-1655cdf9 fs-texte\" data-id=\"1655cdf9\" data-element_type=\"column\" data-e-type=\"column\">\n\t\t\t<div class=\"elementor-widget-wrap elementor-element-populated\">\n\t\t\t\t\t\t<div class=\"elementor-element elementor-element-18093068 elementor-widget elementor-widget-text-editor\" data-id=\"18093068\" data-element_type=\"widget\" data-e-type=\"widget\" data-widget_type=\"text-editor.default\">\n\t\t\t\t<div class=\"elementor-widget-container\">\n\t\t\t\t\t\t\t\t\t<h1>En la Ciudad Medieval de Carcasona, dijo que s\u00ed.<\/h1><p>Mi novia y yo pasamos un fin de semana inolvidable en Carcassonne. Hab\u00eda reservado un gran hotel **** con terraza y vistas a la Cit\u00e9. Super clase y el personal con la peque\u00f1a atenci\u00f3n. Lo mejor. En el acto, el camarero nos sugiri\u00f3 que prob\u00e1ramos la blanquette de Limoux (el champ\u00e1n es la bebida favorita de Emilie). No s\u00f3lo aprendimos que la blanquette se invent\u00f3 antes que el champ\u00e1n, sino que es realmente deliciosa.<\/p>\t\t\t\t\t\t\t\t<\/div>\n\t\t\t\t<\/div>\n\t\t\t\t\t<\/div>\n\t\t<\/div>\n\t\t\t\t\t<\/div>\n\t\t<\/section>\n\t\t\t\t<section class=\"elementor-section elementor-top-section elementor-element elementor-element-54f94dca elementor-fs-modele-photo33-texte66 elementor-section-boxed elementor-section-height-default elementor-section-height-default\" data-id=\"54f94dca\" data-element_type=\"section\" data-e-type=\"section\">\n\t\t\t\t\t\t<div class=\"elementor-container elementor-column-gap-no\">\n\t\t\t\t\t<div class=\"elementor-column elementor-col-50 elementor-top-column elementor-element elementor-element-7fd5a421 fs-photo\" data-id=\"7fd5a421\" data-element_type=\"column\" data-e-type=\"column\">\n\t\t\t<div class=\"elementor-widget-wrap elementor-element-populated\">\n\t\t\t\t\t\t<div class=\"elementor-element elementor-element-5a0b24f1 elementor-widget elementor-widget-image\" data-id=\"5a0b24f1\" data-element_type=\"widget\" data-e-type=\"widget\" data-widget_type=\"image.default\">\n\t\t\t\t<div class=\"elementor-widget-container\">\n\t\t\t\t\t\t\t\t\t\t\t\t<figure class=\"wp-caption\">\n\t\t\t\t\t\t\t\t\t\t<img fetchpriority=\"high\" decoding=\"async\" width=\"1170\" height=\"1610\" src=\"https:\/\/www.tourisme-carcassonne.fr\/assets\/uploads\/2022\/04\/couple-4-1170x1610.jpg\" class=\"attachment-large size-large wp-image-9497\" alt=\"\" srcset=\"https:\/\/www.tourisme-carcassonne.fr\/assets\/uploads\/2022\/04\/couple-4-1170x1610.jpg 1170w, https:\/\/www.tourisme-carcassonne.fr\/assets\/uploads\/2022\/04\/couple-4-570x784.jpg 570w, https:\/\/www.tourisme-carcassonne.fr\/assets\/uploads\/2022\/04\/couple-4-370x509.jpg 370w, https:\/\/www.tourisme-carcassonne.fr\/assets\/uploads\/2022\/04\/couple-4-768x1057.jpg 768w, https:\/\/www.tourisme-carcassonne.fr\/assets\/uploads\/2022\/04\/couple-4-1116x1536.jpg 1116w, https:\/\/www.tourisme-carcassonne.fr\/assets\/uploads\/2022\/04\/couple-4-scaled.jpg 1488w\" sizes=\"(max-width: 1170px) 100vw, 1170px\" \/>\t\t\t\t\t\t\t\t\t\t\t<figcaption class=\"widget-image-caption wp-caption-text\">\u00a9 S\u00e9bastien Carles<\/figcaption>\n\t\t\t\t\t\t\t\t\t\t<\/figure>\n\t\t\t\t\t\t\t\t\t<\/div>\n\t\t\t\t<\/div>\n\t\t\t\t\t<\/div>\n\t\t<\/div>\n\t\t\t\t<div class=\"elementor-column elementor-col-50 elementor-top-column elementor-element elementor-element-6b0e9935 fs-texte\" data-id=\"6b0e9935\" data-element_type=\"column\" data-e-type=\"column\">\n\t\t\t<div class=\"elementor-widget-wrap elementor-element-populated\">\n\t\t\t\t\t\t<div class=\"elementor-element elementor-element-3a679129 elementor-widget elementor-widget-text-editor\" data-id=\"3a679129\" data-element_type=\"widget\" data-e-type=\"widget\" data-widget_type=\"text-editor.default\">\n\t\t\t\t<div class=\"elementor-widget-container\">\n\t\t\t\t\t\t\t\t\t<p>Visita del Castillo Comtal situado en el coraz\u00f3n de la<\/p><h1>Ciudad Medieval\u00a0<\/h1><p>La visita merece la pena, tanto por la historia del castillo como por las vistas que ofrece de los Pirineos, la Monta\u00f1a Negra y la ciudad de Carcasona. Despu\u00e9s, un rom\u00e1ntico paseo en carruaje por las murallas.<\/p><p>Por la noche, cena a la luz de las velas en un restaurante supergastron\u00f3mico de la Cit\u00e9. Oh l\u00e0 l\u00e0, su foie gras y su pechuga de pato con higos, \u00a1una pasada! Adem\u00e1s, la decoraci\u00f3n del restaurante era estupenda. A la hora del postre, puse una rodilla en tierra y solemnemente como un caballero (mejor que en las pel\u00edculas), le ofrec\u00ed EL anillo pregunt\u00e1ndole si quer\u00eda ser mi esposa. Fingi\u00f3 dudar y mir\u00e1ndome directamente a los ojos, dijo: \u00abS\u00ed caballero, te quiero para toda la vida\u00bb.<\/p><p>Al salir del restaurante, bailamos cerca de los 2 pozos de la Cit\u00e9. Dicen que trae buena suerte&#8230; as\u00ed que no lo dudamos \ud83d\ude0a\ud83d\ude0a. Ya era de noche y la iluminaci\u00f3n de las calles y las murallas daba una sensaci\u00f3n realmente m\u00e1gica al lugar.<\/p><p>A la ma\u00f1ana siguiente, tras un abundante desayuno servido en la habitaci\u00f3n, nos dirigimos al spa para una sesi\u00f3n especial en pareja. Hammam, jacuzzi y masaje a 4 manos. Suavidad, serenidad, plenitud. \u00a1\u00a1\u00a1Qu\u00e9 felicidad!!! Recomiendo la experiencia y la profesionalidad de las masajistas que nos atendieron. Relajaci\u00f3n, relajaci\u00f3n y descanso.<\/p><h1>\u00a1Muchas gracias!<\/h1>\t\t\t\t\t\t\t\t<\/div>\n\t\t\t\t<\/div>\n\t\t\t\t\t<\/div>\n\t\t<\/div>\n\t\t\t\t\t<\/div>\n\t\t<\/section>\n\t\t\t\t<section class=\"elementor-section elementor-top-section elementor-element elementor-element-69d8ca1c elementor-fs-modele-texte100 elementor-section-boxed elementor-section-height-default elementor-section-height-default\" data-id=\"69d8ca1c\" data-element_type=\"section\" data-e-type=\"section\">\n\t\t\t\t\t\t<div class=\"elementor-container elementor-column-gap-default\">\n\t\t\t\t\t<div class=\"elementor-column elementor-col-100 elementor-top-column elementor-element elementor-element-3c8b6413 fs-texte\" data-id=\"3c8b6413\" data-element_type=\"column\" data-e-type=\"column\">\n\t\t\t<div class=\"elementor-widget-wrap elementor-element-populated\">\n\t\t\t\t\t\t<div class=\"elementor-element elementor-element-7355aa63 elementor-widget elementor-widget-text-editor\" data-id=\"7355aa63\" data-element_type=\"widget\" data-e-type=\"widget\" data-widget_type=\"text-editor.default\">\n\t\t\t\t<div class=\"elementor-widget-container\">\n\t\t\t\t\t\t\t\t\t<p>Despu\u00e9s, un rom\u00e1ntico y delicioso almuerzo en el centro de la ciudad:<\/p><h1>La Bastida San-Luis<\/h1><p>Hab\u00eda reservado todo y avisado al propietario que fue genial y prepar\u00f3 muchos peque\u00f1os detalles para nosotros. A continuaci\u00f3n, un suave crucero por las tranquilas aguas del Canal du Midi que serpentea entre los \u00e1rboles. El gu\u00eda es muy amable y nos explica el funcionamiento de las esclusas a medida que avanzamos. Un momento m\u00e1gico que nunca olvidaremos.<\/p><p>Luego, es hora de volver a casa al final de este excepcional fin de semana que quedar\u00e1 grabado para siempre en nuestras mentes. Una cosa es segura: \u00a1volveremos para nuestro aniversario de boda!<\/p>\t\t\t\t\t\t\t\t<\/div>\n\t\t\t\t<\/div>\n\t\t\t\t\t<\/div>\n\t\t<\/div>\n\t\t\t\t\t<\/div>\n\t\t<\/section>\n\t\t\t\t<section class=\"elementor-section elementor-top-section elementor-element elementor-element-720327d7 elementor-fs-modele-galerie100full elementor-section-boxed elementor-section-height-default elementor-section-height-default\" data-id=\"720327d7\" data-element_type=\"section\" data-e-type=\"section\">\n\t\t\t\t\t\t<div class=\"elementor-container elementor-column-gap-default\">\n\t\t\t\t\t<div class=\"elementor-column elementor-col-100 elementor-top-column elementor-element elementor-element-57c934ce\" data-id=\"57c934ce\" data-element_type=\"column\" data-e-type=\"column\">\n\t\t\t<div class=\"elementor-widget-wrap elementor-element-populated\">\n\t\t\t\t\t\t<div class=\"elementor-element elementor-element-2886a8e9 elementor-widget elementor-widget-image-carousel\" data-id=\"2886a8e9\" data-element_type=\"widget\" data-e-type=\"widget\" data-settings=\"{&quot;slides_to_show&quot;:&quot;3&quot;,&quot;navigation&quot;:&quot;none&quot;,&quot;autoplay&quot;:&quot;no&quot;,&quot;infinite&quot;:&quot;no&quot;,&quot;image_spacing_custom&quot;:{&quot;unit&quot;:&quot;px&quot;,&quot;size&quot;:30,&quot;sizes&quot;:[]},&quot;speed&quot;:500,&quot;image_spacing_custom_tablet&quot;:{&quot;unit&quot;:&quot;px&quot;,&quot;size&quot;:&quot;&quot;,&quot;sizes&quot;:[]},&quot;image_spacing_custom_mobile&quot;:{&quot;unit&quot;:&quot;px&quot;,&quot;size&quot;:&quot;&quot;,&quot;sizes&quot;:[]}}\" data-widget_type=\"image-carousel.default\">\n\t\t\t\t<div class=\"elementor-widget-container\">\n\t\t\t\t\t\t\t<div class=\"elementor-image-carousel-wrapper swiper\" role=\"region\" aria-roledescription=\"carousel\" aria-label=\"Carrusel de im\u00e1genes\" dir=\"ltr\">\n\t\t\t<div class=\"elementor-image-carousel swiper-wrapper swiper-image-stretch\" aria-live=\"polite\">\n\t\t\t\t\t\t\t\t<div class=\"swiper-slide\" role=\"group\" aria-roledescription=\"slide\" aria-label=\"1 de 4\"><figure class=\"swiper-slide-inner\"><img decoding=\"async\" class=\"swiper-slide-image\" src=\"https:\/\/www.tourisme-carcassonne.fr\/assets\/uploads\/2022\/04\/en-couple-a-carcassonne-1-370x370.jpg\" alt=\"en couple \u00e0 carcassonne 1\" \/><\/figure><\/div><div class=\"swiper-slide\" role=\"group\" aria-roledescription=\"slide\" aria-label=\"2 de 4\"><figure class=\"swiper-slide-inner\"><img decoding=\"async\" class=\"swiper-slide-image\" src=\"https:\/\/www.tourisme-carcassonne.fr\/assets\/uploads\/2022\/04\/en-couple-a-carcassonne-2-370x370.jpg\" alt=\"en couple \u00e0 carcassonne 2\" \/><\/figure><\/div><div class=\"swiper-slide\" role=\"group\" aria-roledescription=\"slide\" aria-label=\"3 de 4\"><figure class=\"swiper-slide-inner\"><img decoding=\"async\" class=\"swiper-slide-image\" src=\"https:\/\/www.tourisme-carcassonne.fr\/assets\/uploads\/2022\/04\/en-couple-a-carcassonne-4-370x370.jpg\" alt=\"en couple \u00e0 carcassonne 4\" \/><\/figure><\/div><div class=\"swiper-slide\" role=\"group\" aria-roledescription=\"slide\" aria-label=\"4 de 4\"><figure class=\"swiper-slide-inner\"><img decoding=\"async\" class=\"swiper-slide-image\" src=\"https:\/\/www.tourisme-carcassonne.fr\/assets\/uploads\/2022\/04\/en-couple-a-carcassonne-3-370x370.jpg\" alt=\"en couple \u00e0 carcassonne 3\" \/><\/figure><\/div>\t\t\t<\/div>\n\t\t\t\t\t\t\t\n\t\t\t\t\t\t\t\t\t<\/div>\n\t\t\t\t\t\t<\/div>\n\t\t\t\t<\/div>\n\t\t\t\t\t<\/div>\n\t\t<\/div>\n\t\t\t\t\t<\/div>\n\t\t<\/section>\n\t\t\t\t<\/div>\n\t\t","protected":false},"excerpt":{"rendered":"<p>En la Ciudad Medieval de Carcasona, dijo que s\u00ed. Mi novia y yo pasamos un fin de semana inolvidable en Carcassonne. Hab\u00eda reservado un gran hotel **** con terraza y vistas a la Cit\u00e9. Super clase y el personal con la peque\u00f1a atenci\u00f3n. Lo mejor. En el acto, el camarero nos sugiri\u00f3 que prob\u00e1ramos la [&hellip;]<\/p>\n","protected":false},"author":3,"featured_media":8187,"parent":13166,"menu_order":6,"comment_status":"closed","ping_status":"closed","template":"templates\/experience.php","meta":{"_acf_changed":false,"footnotes":""},"class_list":["post-13181","page","type-page","status-publish","has-post-thumbnail","hentry"],"acf":[],"yoast_head":"<!-- This site is optimized with the Yoast SEO plugin v27.1.1 - https:\/\/yoast.com\/product\/yoast-seo-wordpress\/ -->\n<title>Un fin de semana para dos - Office de tourisme de Carcassonne<\/title>\n<meta name=\"robots\" content=\"index, follow, max-snippet:-1, max-image-preview:large, max-video-preview:-1\" \/>\n<link rel=\"canonical\" href=\"https:\/\/www.tourisme-carcassonne.fr\/es\/todas-las-experiencias\/fin-de-semana-de-amor\/\" \/>\n<meta property=\"og:locale\" content=\"es_ES\" \/>\n<meta property=\"og:type\" content=\"article\" \/>\n<meta property=\"og:title\" content=\"Un fin de semana para dos - Office de tourisme de Carcassonne\" \/>\n<meta property=\"og:description\" content=\"En la Ciudad Medieval de Carcasona, dijo que s\u00ed. Mi novia y yo pasamos un fin de semana inolvidable en Carcassonne. Hab\u00eda reservado un gran hotel **** con terraza y vistas a la Cit\u00e9. Super clase y el personal con la peque\u00f1a atenci\u00f3n. Lo mejor. En el acto, el camarero nos sugiri\u00f3 que prob\u00e1ramos la [&hellip;]\" \/>\n<meta property=\"og:url\" content=\"https:\/\/www.tourisme-carcassonne.fr\/es\/todas-las-experiencias\/fin-de-semana-de-amor\/\" \/>\n<meta property=\"og:site_name\" content=\"Office de tourisme de Carcassonne\" \/>\n<meta property=\"article:publisher\" content=\"https:\/\/www.facebook.com\/tourismecarcassonne\/\" \/>\n<meta property=\"article:modified_time\" content=\"2022-08-30T10:27:40+00:00\" \/>\n<meta property=\"og:image\" content=\"https:\/\/www.tourisme-carcassonne.fr\/assets\/uploads\/2022\/02\/couple-5-scaled.jpg\" \/>\n\t<meta property=\"og:image:width\" content=\"2048\" \/>\n\t<meta property=\"og:image:height\" content=\"1224\" \/>\n\t<meta property=\"og:image:type\" content=\"image\/jpeg\" \/>\n<meta name=\"twitter:card\" content=\"summary_large_image\" \/>\n<meta name=\"twitter:label1\" content=\"Tiempo de lectura\" \/>\n\t<meta name=\"twitter:data1\" content=\"4 minutos\" \/>\n<script type=\"application\/ld+json\" class=\"yoast-schema-graph\">{\"@context\":\"https:\/\/schema.org\",\"@graph\":[{\"@type\":\"WebPage\",\"@id\":\"https:\/\/www.tourisme-carcassonne.fr\/es\/todas-las-experiencias\/fin-de-semana-de-amor\/\",\"url\":\"https:\/\/www.tourisme-carcassonne.fr\/es\/todas-las-experiencias\/fin-de-semana-de-amor\/\",\"name\":\"Un fin de semana para dos - Office de tourisme de Carcassonne\",\"isPartOf\":{\"@id\":\"https:\/\/www.tourisme-carcassonne.fr\/es\/#website\"},\"primaryImageOfPage\":{\"@id\":\"https:\/\/www.tourisme-carcassonne.fr\/es\/todas-las-experiencias\/fin-de-semana-de-amor\/#primaryimage\"},\"image\":{\"@id\":\"https:\/\/www.tourisme-carcassonne.fr\/es\/todas-las-experiencias\/fin-de-semana-de-amor\/#primaryimage\"},\"thumbnailUrl\":\"https:\/\/www.tourisme-carcassonne.fr\/assets\/uploads\/2022\/02\/couple-5-scaled.jpg\",\"datePublished\":\"2022-04-04T10:29:27+00:00\",\"dateModified\":\"2022-08-30T10:27:40+00:00\",\"breadcrumb\":{\"@id\":\"https:\/\/www.tourisme-carcassonne.fr\/es\/todas-las-experiencias\/fin-de-semana-de-amor\/#breadcrumb\"},\"inLanguage\":\"es\",\"potentialAction\":[{\"@type\":\"ReadAction\",\"target\":[\"https:\/\/www.tourisme-carcassonne.fr\/es\/todas-las-experiencias\/fin-de-semana-de-amor\/\"]}]},{\"@type\":\"ImageObject\",\"inLanguage\":\"es\",\"@id\":\"https:\/\/www.tourisme-carcassonne.fr\/es\/todas-las-experiencias\/fin-de-semana-de-amor\/#primaryimage\",\"url\":\"https:\/\/www.tourisme-carcassonne.fr\/assets\/uploads\/2022\/02\/couple-5-scaled.jpg\",\"contentUrl\":\"https:\/\/www.tourisme-carcassonne.fr\/assets\/uploads\/2022\/02\/couple-5-scaled.jpg\",\"width\":2048,\"height\":1224,\"caption\":\"\u00a9 S\u00e9bastien Carles\"},{\"@type\":\"BreadcrumbList\",\"@id\":\"https:\/\/www.tourisme-carcassonne.fr\/es\/todas-las-experiencias\/fin-de-semana-de-amor\/#breadcrumb\",\"itemListElement\":[{\"@type\":\"ListItem\",\"position\":1,\"name\":\"Accueil\",\"item\":\"https:\/\/www.tourisme-carcassonne.fr\/es\/\"},{\"@type\":\"ListItem\",\"position\":2,\"name\":\"Todas las experiencias\",\"item\":\"https:\/\/www.tourisme-carcassonne.fr\/es\/todas-las-experiencias\/\"},{\"@type\":\"ListItem\",\"position\":3,\"name\":\"Un fin de semana para dos\"}]},{\"@type\":\"WebSite\",\"@id\":\"https:\/\/www.tourisme-carcassonne.fr\/es\/#website\",\"url\":\"https:\/\/www.tourisme-carcassonne.fr\/es\/\",\"name\":\"Office de tourisme de Carcassonne\",\"description\":\"\",\"publisher\":{\"@id\":\"https:\/\/www.tourisme-carcassonne.fr\/es\/#organization\"},\"potentialAction\":[{\"@type\":\"SearchAction\",\"target\":{\"@type\":\"EntryPoint\",\"urlTemplate\":\"https:\/\/www.tourisme-carcassonne.fr\/es\/?s={search_term_string}\"},\"query-input\":{\"@type\":\"PropertyValueSpecification\",\"valueRequired\":true,\"valueName\":\"search_term_string\"}}],\"inLanguage\":\"es\"},{\"@type\":\"Organization\",\"@id\":\"https:\/\/www.tourisme-carcassonne.fr\/es\/#organization\",\"name\":\"Office de tourisme de Carcassonne\",\"url\":\"https:\/\/www.tourisme-carcassonne.fr\/es\/\",\"logo\":{\"@type\":\"ImageObject\",\"inLanguage\":\"es\",\"@id\":\"https:\/\/www.tourisme-carcassonne.fr\/es\/#\/schema\/logo\/image\/\",\"url\":\"https:\/\/www.tourisme-carcassonne.fr\/assets\/uploads\/2021\/11\/logo-carcassonne.svg\",\"contentUrl\":\"https:\/\/www.tourisme-carcassonne.fr\/assets\/uploads\/2021\/11\/logo-carcassonne.svg\",\"width\":167,\"height\":49,\"caption\":\"Office de tourisme de Carcassonne\"},\"image\":{\"@id\":\"https:\/\/www.tourisme-carcassonne.fr\/es\/#\/schema\/logo\/image\/\"},\"sameAs\":[\"https:\/\/www.facebook.com\/tourismecarcassonne\/\",\"https:\/\/www.instagram.com\/tourismecarcassonne\/\"]}]}<\/script>\n<!-- \/ Yoast SEO plugin. -->","yoast_head_json":{"title":"Un fin de semana para dos - Office de tourisme de Carcassonne","robots":{"index":"index","follow":"follow","max-snippet":"max-snippet:-1","max-image-preview":"max-image-preview:large","max-video-preview":"max-video-preview:-1"},"canonical":"https:\/\/www.tourisme-carcassonne.fr\/es\/todas-las-experiencias\/fin-de-semana-de-amor\/","og_locale":"es_ES","og_type":"article","og_title":"Un fin de semana para dos - Office de tourisme de Carcassonne","og_description":"En la Ciudad Medieval de Carcasona, dijo que s\u00ed. Mi novia y yo pasamos un fin de semana inolvidable en Carcassonne. Hab\u00eda reservado un gran hotel **** con terraza y vistas a la Cit\u00e9. Super clase y el personal con la peque\u00f1a atenci\u00f3n. Lo mejor. En el acto, el camarero nos sugiri\u00f3 que prob\u00e1ramos la [&hellip;]","og_url":"https:\/\/www.tourisme-carcassonne.fr\/es\/todas-las-experiencias\/fin-de-semana-de-amor\/","og_site_name":"Office de tourisme de Carcassonne","article_publisher":"https:\/\/www.facebook.com\/tourismecarcassonne\/","article_modified_time":"2022-08-30T10:27:40+00:00","og_image":[{"width":2048,"height":1224,"url":"https:\/\/www.tourisme-carcassonne.fr\/assets\/uploads\/2022\/02\/couple-5-scaled.jpg","type":"image\/jpeg"}],"twitter_card":"summary_large_image","twitter_misc":{"Tiempo de lectura":"4 minutos"},"schema":{"@context":"https:\/\/schema.org","@graph":[{"@type":"WebPage","@id":"https:\/\/www.tourisme-carcassonne.fr\/es\/todas-las-experiencias\/fin-de-semana-de-amor\/","url":"https:\/\/www.tourisme-carcassonne.fr\/es\/todas-las-experiencias\/fin-de-semana-de-amor\/","name":"Un fin de semana para dos - Office de tourisme de Carcassonne","isPartOf":{"@id":"https:\/\/www.tourisme-carcassonne.fr\/es\/#website"},"primaryImageOfPage":{"@id":"https:\/\/www.tourisme-carcassonne.fr\/es\/todas-las-experiencias\/fin-de-semana-de-amor\/#primaryimage"},"image":{"@id":"https:\/\/www.tourisme-carcassonne.fr\/es\/todas-las-experiencias\/fin-de-semana-de-amor\/#primaryimage"},"thumbnailUrl":"https:\/\/www.tourisme-carcassonne.fr\/assets\/uploads\/2022\/02\/couple-5-scaled.jpg","datePublished":"2022-04-04T10:29:27+00:00","dateModified":"2022-08-30T10:27:40+00:00","breadcrumb":{"@id":"https:\/\/www.tourisme-carcassonne.fr\/es\/todas-las-experiencias\/fin-de-semana-de-amor\/#breadcrumb"},"inLanguage":"es","potentialAction":[{"@type":"ReadAction","target":["https:\/\/www.tourisme-carcassonne.fr\/es\/todas-las-experiencias\/fin-de-semana-de-amor\/"]}]},{"@type":"ImageObject","inLanguage":"es","@id":"https:\/\/www.tourisme-carcassonne.fr\/es\/todas-las-experiencias\/fin-de-semana-de-amor\/#primaryimage","url":"https:\/\/www.tourisme-carcassonne.fr\/assets\/uploads\/2022\/02\/couple-5-scaled.jpg","contentUrl":"https:\/\/www.tourisme-carcassonne.fr\/assets\/uploads\/2022\/02\/couple-5-scaled.jpg","width":2048,"height":1224,"caption":"\u00a9 S\u00e9bastien Carles"},{"@type":"BreadcrumbList","@id":"https:\/\/www.tourisme-carcassonne.fr\/es\/todas-las-experiencias\/fin-de-semana-de-amor\/#breadcrumb","itemListElement":[{"@type":"ListItem","position":1,"name":"Accueil","item":"https:\/\/www.tourisme-carcassonne.fr\/es\/"},{"@type":"ListItem","position":2,"name":"Todas las experiencias","item":"https:\/\/www.tourisme-carcassonne.fr\/es\/todas-las-experiencias\/"},{"@type":"ListItem","position":3,"name":"Un fin de semana para dos"}]},{"@type":"WebSite","@id":"https:\/\/www.tourisme-carcassonne.fr\/es\/#website","url":"https:\/\/www.tourisme-carcassonne.fr\/es\/","name":"Office de tourisme de Carcassonne","description":"","publisher":{"@id":"https:\/\/www.tourisme-carcassonne.fr\/es\/#organization"},"potentialAction":[{"@type":"SearchAction","target":{"@type":"EntryPoint","urlTemplate":"https:\/\/www.tourisme-carcassonne.fr\/es\/?s={search_term_string}"},"query-input":{"@type":"PropertyValueSpecification","valueRequired":true,"valueName":"search_term_string"}}],"inLanguage":"es"},{"@type":"Organization","@id":"https:\/\/www.tourisme-carcassonne.fr\/es\/#organization","name":"Office de tourisme de Carcassonne","url":"https:\/\/www.tourisme-carcassonne.fr\/es\/","logo":{"@type":"ImageObject","inLanguage":"es","@id":"https:\/\/www.tourisme-carcassonne.fr\/es\/#\/schema\/logo\/image\/","url":"https:\/\/www.tourisme-carcassonne.fr\/assets\/uploads\/2021\/11\/logo-carcassonne.svg","contentUrl":"https:\/\/www.tourisme-carcassonne.fr\/assets\/uploads\/2021\/11\/logo-carcassonne.svg","width":167,"height":49,"caption":"Office de tourisme de Carcassonne"},"image":{"@id":"https:\/\/www.tourisme-carcassonne.fr\/es\/#\/schema\/logo\/image\/"},"sameAs":["https:\/\/www.facebook.com\/tourismecarcassonne\/","https:\/\/www.instagram.com\/tourismecarcassonne\/"]}]}},"_links":{"self":[{"href":"https:\/\/www.tourisme-carcassonne.fr\/es\/wp-json\/wp\/v2\/pages\/13181","targetHints":{"allow":["GET"]}}],"collection":[{"href":"https:\/\/www.tourisme-carcassonne.fr\/es\/wp-json\/wp\/v2\/pages"}],"about":[{"href":"https:\/\/www.tourisme-carcassonne.fr\/es\/wp-json\/wp\/v2\/types\/page"}],"author":[{"embeddable":true,"href":"https:\/\/www.tourisme-carcassonne.fr\/es\/wp-json\/wp\/v2\/users\/3"}],"replies":[{"embeddable":true,"href":"https:\/\/www.tourisme-carcassonne.fr\/es\/wp-json\/wp\/v2\/comments?post=13181"}],"version-history":[{"count":0,"href":"https:\/\/www.tourisme-carcassonne.fr\/es\/wp-json\/wp\/v2\/pages\/13181\/revisions"}],"up":[{"embeddable":true,"href":"https:\/\/www.tourisme-carcassonne.fr\/es\/wp-json\/wp\/v2\/pages\/13166"}],"wp:featuredmedia":[{"embeddable":true,"href":"https:\/\/www.tourisme-carcassonne.fr\/es\/wp-json\/wp\/v2\/media\/8187"}],"wp:attachment":[{"href":"https:\/\/www.tourisme-carcassonne.fr\/es\/wp-json\/wp\/v2\/media?parent=13181"}],"curies":[{"name":"wp","href":"https:\/\/api.w.org\/{rel}","templated":true}]}}