{"id":13404,"date":"2022-01-18T15:32:11","date_gmt":"2022-01-18T14:32:11","guid":{"rendered":"https:\/\/www.tourisme-carcassonne.fr\/restaurants\/"},"modified":"2026-04-01T17:20:00","modified_gmt":"2026-04-01T15:20:00","slug":"restaurants","status":"publish","type":"page","link":"https:\/\/www.tourisme-carcassonne.fr\/en\/prepare\/restaurants-gastronomy\/restaurants\/","title":{"rendered":"Restaurants et bonnes adresses"},"content":{"rendered":"","protected":false},"excerpt":{"rendered":"","protected":false},"author":3,"featured_media":8081,"parent":13407,"menu_order":1,"comment_status":"closed","ping_status":"closed","template":"templates\/listing-map.php","meta":{"_acf_changed":true,"footnotes":""},"class_list":["post-13404","page","type-page","status-publish","has-post-thumbnail","hentry"],"acf":[],"yoast_head":"<!-- This site is optimized with the Yoast SEO plugin v27.1.1 - https:\/\/yoast.com\/product\/yoast-seo-wordpress\/ -->\n<title>Restaurants et bonnes adresses - Office de tourisme de Carcassonne<\/title>\n<meta name=\"description\" content=\"Retrouvez tous les restaurants de la Cit\u00e9 M\u00e9di\u00e9vale, proche du Canal du Midi, dans la Bastide Saint-Louis et aux alentours.\" \/>\n<meta name=\"robots\" content=\"index, follow, max-snippet:-1, max-image-preview:large, max-video-preview:-1\" \/>\n<link rel=\"canonical\" href=\"https:\/\/www.tourisme-carcassonne.fr\/en\/prepare\/restaurants-gastronomy\/restaurants\/\" \/>\n<meta property=\"og:locale\" content=\"en_US\" \/>\n<meta property=\"og:type\" content=\"article\" \/>\n<meta property=\"og:title\" content=\"Restaurants et bonnes adresses - Office de tourisme de Carcassonne\" \/>\n<meta property=\"og:description\" content=\"Retrouvez tous les restaurants de la Cit\u00e9 M\u00e9di\u00e9vale, proche du Canal du Midi, dans la Bastide Saint-Louis et aux alentours.\" \/>\n<meta property=\"og:url\" content=\"https:\/\/www.tourisme-carcassonne.fr\/en\/prepare\/restaurants-gastronomy\/restaurants\/\" \/>\n<meta property=\"og:site_name\" content=\"Office de tourisme de Carcassonne\" \/>\n<meta property=\"article:publisher\" content=\"https:\/\/www.facebook.com\/tourismecarcassonne\/\" \/>\n<meta property=\"article:modified_time\" content=\"2026-04-01T15:20:00+00:00\" \/>\n<meta property=\"og:image\" content=\"https:\/\/www.tourisme-carcassonne.fr\/assets\/uploads\/2022\/02\/eric-mcnew-wwtubrjkxk8-unsplash-scaled.jpg\" \/>\n\t<meta property=\"og:image:width\" content=\"2048\" \/>\n\t<meta property=\"og:image:height\" content=\"1315\" \/>\n\t<meta property=\"og:image:type\" content=\"image\/jpeg\" \/>\n<meta name=\"twitter:card\" content=\"summary_large_image\" \/>\n<script type=\"application\/ld+json\" class=\"yoast-schema-graph\">{\"@context\":\"https:\/\/schema.org\",\"@graph\":[{\"@type\":\"WebPage\",\"@id\":\"https:\/\/www.tourisme-carcassonne.fr\/en\/prepare\/restaurants-gastronomy\/restaurants\/\",\"url\":\"https:\/\/www.tourisme-carcassonne.fr\/en\/prepare\/restaurants-gastronomy\/restaurants\/\",\"name\":\"Restaurants et bonnes adresses - Office de tourisme de Carcassonne\",\"isPartOf\":{\"@id\":\"https:\/\/www.tourisme-carcassonne.fr\/en\/#website\"},\"primaryImageOfPage\":{\"@id\":\"https:\/\/www.tourisme-carcassonne.fr\/en\/prepare\/restaurants-gastronomy\/restaurants\/#primaryimage\"},\"image\":{\"@id\":\"https:\/\/www.tourisme-carcassonne.fr\/en\/prepare\/restaurants-gastronomy\/restaurants\/#primaryimage\"},\"thumbnailUrl\":\"https:\/\/www.tourisme-carcassonne.fr\/assets\/uploads\/2022\/02\/eric-mcnew-wwtubrjkxk8-unsplash-scaled.jpg\",\"datePublished\":\"2022-01-18T14:32:11+00:00\",\"dateModified\":\"2026-04-01T15:20:00+00:00\",\"description\":\"Retrouvez tous les restaurants de la Cit\u00e9 M\u00e9di\u00e9vale, proche du Canal du Midi, dans la Bastide Saint-Louis et aux alentours.\",\"breadcrumb\":{\"@id\":\"https:\/\/www.tourisme-carcassonne.fr\/en\/prepare\/restaurants-gastronomy\/restaurants\/#breadcrumb\"},\"inLanguage\":\"en-US\",\"potentialAction\":[{\"@type\":\"ReadAction\",\"target\":[\"https:\/\/www.tourisme-carcassonne.fr\/en\/prepare\/restaurants-gastronomy\/restaurants\/\"]}]},{\"@type\":\"ImageObject\",\"inLanguage\":\"en-US\",\"@id\":\"https:\/\/www.tourisme-carcassonne.fr\/en\/prepare\/restaurants-gastronomy\/restaurants\/#primaryimage\",\"url\":\"https:\/\/www.tourisme-carcassonne.fr\/assets\/uploads\/2022\/02\/eric-mcnew-wwtubrjkxk8-unsplash-scaled.jpg\",\"contentUrl\":\"https:\/\/www.tourisme-carcassonne.fr\/assets\/uploads\/2022\/02\/eric-mcnew-wwtubrjkxk8-unsplash-scaled.jpg\",\"width\":2048,\"height\":1315,\"caption\":\"Eric Mcnew\"},{\"@type\":\"BreadcrumbList\",\"@id\":\"https:\/\/www.tourisme-carcassonne.fr\/en\/prepare\/restaurants-gastronomy\/restaurants\/#breadcrumb\",\"itemListElement\":[{\"@type\":\"ListItem\",\"position\":1,\"name\":\"Accueil\",\"item\":\"https:\/\/www.tourisme-carcassonne.fr\/en\/\"},{\"@type\":\"ListItem\",\"position\":2,\"name\":\"Prepare\",\"item\":\"https:\/\/www.tourisme-carcassonne.fr\/en\/prepare\/\"},{\"@type\":\"ListItem\",\"position\":3,\"name\":\"Gastronomy\",\"item\":\"https:\/\/www.tourisme-carcassonne.fr\/en\/prepare\/restaurants-gastronomy\/\"},{\"@type\":\"ListItem\",\"position\":4,\"name\":\"Restaurants et bonnes adresses\"}]},{\"@type\":\"WebSite\",\"@id\":\"https:\/\/www.tourisme-carcassonne.fr\/en\/#website\",\"url\":\"https:\/\/www.tourisme-carcassonne.fr\/en\/\",\"name\":\"Office de tourisme de Carcassonne\",\"description\":\"\",\"publisher\":{\"@id\":\"https:\/\/www.tourisme-carcassonne.fr\/en\/#organization\"},\"potentialAction\":[{\"@type\":\"SearchAction\",\"target\":{\"@type\":\"EntryPoint\",\"urlTemplate\":\"https:\/\/www.tourisme-carcassonne.fr\/en\/?s={search_term_string}\"},\"query-input\":{\"@type\":\"PropertyValueSpecification\",\"valueRequired\":true,\"valueName\":\"search_term_string\"}}],\"inLanguage\":\"en-US\"},{\"@type\":\"Organization\",\"@id\":\"https:\/\/www.tourisme-carcassonne.fr\/en\/#organization\",\"name\":\"Office de tourisme de Carcassonne\",\"url\":\"https:\/\/www.tourisme-carcassonne.fr\/en\/\",\"logo\":{\"@type\":\"ImageObject\",\"inLanguage\":\"en-US\",\"@id\":\"https:\/\/www.tourisme-carcassonne.fr\/en\/#\/schema\/logo\/image\/\",\"url\":\"https:\/\/www.tourisme-carcassonne.fr\/assets\/uploads\/2021\/11\/logo-carcassonne.svg\",\"contentUrl\":\"https:\/\/www.tourisme-carcassonne.fr\/assets\/uploads\/2021\/11\/logo-carcassonne.svg\",\"width\":167,\"height\":49,\"caption\":\"Office de tourisme de Carcassonne\"},\"image\":{\"@id\":\"https:\/\/www.tourisme-carcassonne.fr\/en\/#\/schema\/logo\/image\/\"},\"sameAs\":[\"https:\/\/www.facebook.com\/tourismecarcassonne\/\",\"https:\/\/www.instagram.com\/tourismecarcassonne\/\"]}]}<\/script>\n<!-- \/ Yoast SEO plugin. -->","yoast_head_json":{"title":"Restaurants et bonnes adresses - Office de tourisme de Carcassonne","description":"Retrouvez tous les restaurants de la Cit\u00e9 M\u00e9di\u00e9vale, proche du Canal du Midi, dans la Bastide Saint-Louis et aux alentours.","robots":{"index":"index","follow":"follow","max-snippet":"max-snippet:-1","max-image-preview":"max-image-preview:large","max-video-preview":"max-video-preview:-1"},"canonical":"https:\/\/www.tourisme-carcassonne.fr\/en\/prepare\/restaurants-gastronomy\/restaurants\/","og_locale":"en_US","og_type":"article","og_title":"Restaurants et bonnes adresses - Office de tourisme de Carcassonne","og_description":"Retrouvez tous les restaurants de la Cit\u00e9 M\u00e9di\u00e9vale, proche du Canal du Midi, dans la Bastide Saint-Louis et aux alentours.","og_url":"https:\/\/www.tourisme-carcassonne.fr\/en\/prepare\/restaurants-gastronomy\/restaurants\/","og_site_name":"Office de tourisme de Carcassonne","article_publisher":"https:\/\/www.facebook.com\/tourismecarcassonne\/","article_modified_time":"2026-04-01T15:20:00+00:00","og_image":[{"width":2048,"height":1315,"url":"https:\/\/www.tourisme-carcassonne.fr\/assets\/uploads\/2022\/02\/eric-mcnew-wwtubrjkxk8-unsplash-scaled.jpg","type":"image\/jpeg"}],"twitter_card":"summary_large_image","schema":{"@context":"https:\/\/schema.org","@graph":[{"@type":"WebPage","@id":"https:\/\/www.tourisme-carcassonne.fr\/en\/prepare\/restaurants-gastronomy\/restaurants\/","url":"https:\/\/www.tourisme-carcassonne.fr\/en\/prepare\/restaurants-gastronomy\/restaurants\/","name":"Restaurants et bonnes adresses - Office de tourisme de Carcassonne","isPartOf":{"@id":"https:\/\/www.tourisme-carcassonne.fr\/en\/#website"},"primaryImageOfPage":{"@id":"https:\/\/www.tourisme-carcassonne.fr\/en\/prepare\/restaurants-gastronomy\/restaurants\/#primaryimage"},"image":{"@id":"https:\/\/www.tourisme-carcassonne.fr\/en\/prepare\/restaurants-gastronomy\/restaurants\/#primaryimage"},"thumbnailUrl":"https:\/\/www.tourisme-carcassonne.fr\/assets\/uploads\/2022\/02\/eric-mcnew-wwtubrjkxk8-unsplash-scaled.jpg","datePublished":"2022-01-18T14:32:11+00:00","dateModified":"2026-04-01T15:20:00+00:00","description":"Retrouvez tous les restaurants de la Cit\u00e9 M\u00e9di\u00e9vale, proche du Canal du Midi, dans la Bastide Saint-Louis et aux alentours.","breadcrumb":{"@id":"https:\/\/www.tourisme-carcassonne.fr\/en\/prepare\/restaurants-gastronomy\/restaurants\/#breadcrumb"},"inLanguage":"en-US","potentialAction":[{"@type":"ReadAction","target":["https:\/\/www.tourisme-carcassonne.fr\/en\/prepare\/restaurants-gastronomy\/restaurants\/"]}]},{"@type":"ImageObject","inLanguage":"en-US","@id":"https:\/\/www.tourisme-carcassonne.fr\/en\/prepare\/restaurants-gastronomy\/restaurants\/#primaryimage","url":"https:\/\/www.tourisme-carcassonne.fr\/assets\/uploads\/2022\/02\/eric-mcnew-wwtubrjkxk8-unsplash-scaled.jpg","contentUrl":"https:\/\/www.tourisme-carcassonne.fr\/assets\/uploads\/2022\/02\/eric-mcnew-wwtubrjkxk8-unsplash-scaled.jpg","width":2048,"height":1315,"caption":"Eric Mcnew"},{"@type":"BreadcrumbList","@id":"https:\/\/www.tourisme-carcassonne.fr\/en\/prepare\/restaurants-gastronomy\/restaurants\/#breadcrumb","itemListElement":[{"@type":"ListItem","position":1,"name":"Accueil","item":"https:\/\/www.tourisme-carcassonne.fr\/en\/"},{"@type":"ListItem","position":2,"name":"Prepare","item":"https:\/\/www.tourisme-carcassonne.fr\/en\/prepare\/"},{"@type":"ListItem","position":3,"name":"Gastronomy","item":"https:\/\/www.tourisme-carcassonne.fr\/en\/prepare\/restaurants-gastronomy\/"},{"@type":"ListItem","position":4,"name":"Restaurants et bonnes adresses"}]},{"@type":"WebSite","@id":"https:\/\/www.tourisme-carcassonne.fr\/en\/#website","url":"https:\/\/www.tourisme-carcassonne.fr\/en\/","name":"Office de tourisme de Carcassonne","description":"","publisher":{"@id":"https:\/\/www.tourisme-carcassonne.fr\/en\/#organization"},"potentialAction":[{"@type":"SearchAction","target":{"@type":"EntryPoint","urlTemplate":"https:\/\/www.tourisme-carcassonne.fr\/en\/?s={search_term_string}"},"query-input":{"@type":"PropertyValueSpecification","valueRequired":true,"valueName":"search_term_string"}}],"inLanguage":"en-US"},{"@type":"Organization","@id":"https:\/\/www.tourisme-carcassonne.fr\/en\/#organization","name":"Office de tourisme de Carcassonne","url":"https:\/\/www.tourisme-carcassonne.fr\/en\/","logo":{"@type":"ImageObject","inLanguage":"en-US","@id":"https:\/\/www.tourisme-carcassonne.fr\/en\/#\/schema\/logo\/image\/","url":"https:\/\/www.tourisme-carcassonne.fr\/assets\/uploads\/2021\/11\/logo-carcassonne.svg","contentUrl":"https:\/\/www.tourisme-carcassonne.fr\/assets\/uploads\/2021\/11\/logo-carcassonne.svg","width":167,"height":49,"caption":"Office de tourisme de Carcassonne"},"image":{"@id":"https:\/\/www.tourisme-carcassonne.fr\/en\/#\/schema\/logo\/image\/"},"sameAs":["https:\/\/www.facebook.com\/tourismecarcassonne\/","https:\/\/www.instagram.com\/tourismecarcassonne\/"]}]}},"_links":{"self":[{"href":"https:\/\/www.tourisme-carcassonne.fr\/en\/wp-json\/wp\/v2\/pages\/13404","targetHints":{"allow":["GET"]}}],"collection":[{"href":"https:\/\/www.tourisme-carcassonne.fr\/en\/wp-json\/wp\/v2\/pages"}],"about":[{"href":"https:\/\/www.tourisme-carcassonne.fr\/en\/wp-json\/wp\/v2\/types\/page"}],"author":[{"embeddable":true,"href":"https:\/\/www.tourisme-carcassonne.fr\/en\/wp-json\/wp\/v2\/users\/3"}],"replies":[{"embeddable":true,"href":"https:\/\/www.tourisme-carcassonne.fr\/en\/wp-json\/wp\/v2\/comments?post=13404"}],"version-history":[{"count":0,"href":"https:\/\/www.tourisme-carcassonne.fr\/en\/wp-json\/wp\/v2\/pages\/13404\/revisions"}],"up":[{"embeddable":true,"href":"https:\/\/www.tourisme-carcassonne.fr\/en\/wp-json\/wp\/v2\/pages\/13407"}],"wp:featuredmedia":[{"embeddable":true,"href":"https:\/\/www.tourisme-carcassonne.fr\/en\/wp-json\/wp\/v2\/media\/8081"}],"wp:attachment":[{"href":"https:\/\/www.tourisme-carcassonne.fr\/en\/wp-json\/wp\/v2\/media?parent=13404"}],"curies":[{"name":"wp","href":"https:\/\/api.w.org\/{rel}","templated":true}]}}