{"id":13308,"date":"2022-04-06T18:16:50","date_gmt":"2022-04-06T16:16:50","guid":{"rendered":"https:\/\/www.tourisme-carcassonne.fr\/decouvrir\/la-cite-medievale\/lhistoire-de-carcassonne\/"},"modified":"2022-12-29T16:40:12","modified_gmt":"2022-12-29T15:40:12","slug":"lhistoire-de-carcassonne","status":"publish","type":"page","link":"https:\/\/www.tourisme-carcassonne.fr\/en\/discover\/the-medieval-city-of-carcassonne\/lhistoire-de-carcassonne\/","title":{"rendered":"L&#8217;Histoire de la Cit\u00e9 de Carcassonne"},"content":{"rendered":"\t\t<div data-elementor-type=\"wp-page\" data-elementor-id=\"13308\" class=\"elementor elementor-13308 elementor-9575\" data-elementor-post-type=\"page\">\n\t\t\t\t\t\t<section class=\"elementor-section elementor-top-section elementor-element elementor-element-3898444e elementor-fs-modele-texte100 elementor-section-boxed elementor-section-height-default elementor-section-height-default\" data-id=\"3898444e\" data-element_type=\"section\" data-e-type=\"section\">\n\t\t\t\t\t\t<div class=\"elementor-container elementor-column-gap-default\">\n\t\t\t\t\t<div class=\"elementor-column elementor-col-100 elementor-top-column elementor-element elementor-element-18db419e fs-texte\" data-id=\"18db419e\" data-element_type=\"column\" data-e-type=\"column\">\n\t\t\t<div class=\"elementor-widget-wrap elementor-element-populated\">\n\t\t\t\t\t\t<div class=\"elementor-element elementor-element-4a431625 elementor-widget elementor-widget-text-editor\" data-id=\"4a431625\" data-element_type=\"widget\" data-e-type=\"widget\" data-widget_type=\"text-editor.default\">\n\t\t\t\t<div class=\"elementor-widget-container\">\n\t\t\t\t\t\t\t\t\t<div><div><h2>De l&#8217;aube au rayonnement<\/h2><p>Les traces humaines les plus anciennes -VI\u00e8me si\u00e8cle av.J.C.- se trouvent sur le promontoire o\u00f9 se situe la Cit\u00e9 de Carcassonne.<\/p><p>Vers 300 av.J.C., les Volques Tectosages soumirent les Ib\u00e8res du Languedoc. En 122 av.J.C., les Romains ont conquis la Provence et le Languedoc. Ils fortifi\u00e8rent l&#8217;oppidum qui prit le nom de Carcaso. Ils occup\u00e8rent notre r\u00e9gion jusqu&#8217;\u00e0 la moiti\u00e9 du V\u00e8me si\u00e8cle.<\/p><p>Les Wisigoths se sont alors rendus ma\u00eetres de l&#8217;Espagne et du Languedoc. La Cit\u00e9 resta entre leurs mains de 460 \u00e0 725.<\/p><p>Au printemps 725, les Sarrasins s&#8217;emparent de la Cit\u00e9 de Carcassonne. Ils en seront chass\u00e9s en 759 par P\u00e9pin le Bref, roi des Francs. Apr\u00e8s la mort de Charlemagne, le d\u00e9membrement de l&#8217;Empire donne naissance \u00e0 l&#8217;\u00e9poque f\u00e9odale. C&#8217;est avec la dynastie des Trencavel, de 1082 \u00e0 1209 que la ville va acc\u00e9der \u00e0 un rayonnement exceptionnel.<\/p><h2>La croisade<\/h2><p>Pendant cette p\u00e9riode faste, le Catharisme se d\u00e9veloppe rapidement. Raymond Roger Trencavel, vicomte de Carcassonne (1194-1209) tol\u00e8re et prot\u00e8ge l&#8217;h\u00e9r\u00e9sie sur ses terres. Il subira le premier choc de la croisade pr\u00each\u00e9e par le pape Innocent III et le 15 ao\u00fbt 1209, apr\u00e8s quinze jours de si\u00e8ge, tout est fini. La Cit\u00e9 et les terres de Trencavel sont attribu\u00e9es au chef militaire de la croisade, Simon de Montfort, puis en 1224 elles seront c\u00e9d\u00e9es au Roi de France.<\/p><\/div><\/div><div><div data-ride=\"carousel\"><div><div><a href=\"https:\/\/www.tourisme-carcassonne.fr\/sites\/carcassonne\/files\/styles\/gallery_lightbox\/public\/content\/images\/cite_medievale_panoramiquecvincent_photographie.jpg?itok=qkMgoAnx\" data-fresco-caption=\"&lt;strong&gt;&lt;\/strong&gt;&lt;br&gt;\" data-fresco-group=\"fresco-group-389\" data-fresco-options=\"thumbnail:'https:\/\/www.tourisme-carcassonne.fr\/sites\/carcassonne\/files\/styles\/fresco_thumbnail\/public\/content\/images\/cite_medievale_panoramiquecvincent_photographie.jpg?itok=fEkz_SJt'\"> <br \/><\/a><\/div><\/div><\/div><div><div><div>\u00a0<\/div><\/div><\/div><\/div><div><div><h2>D\u00e9truite et reconstruite<\/h2><p>Avec son entr\u00e9e dans le domaine royal, le destin de la Cit\u00e9 va \u00eatre boulevers\u00e9. Sous les r\u00e8gnes successifs de Louis IX, Philippe Le Hardi et Philippe Le Bel, elle prend sa physionomie actuelle. Un nouveau bourg na\u00eet en 1262 sur la rive gauche : La Bastide Saint-Louis. Incendi\u00e9e en 1355 par le Prince Noir, elle est imm\u00e9diatement reconstruite. Pendant que cette nouvelle ville d\u00e9borde d&#8217;activit\u00e9s, la Cit\u00e9 de Carcassonne\u00a0s&#8217;affirme dans son r\u00f4le de forteresse royale.<\/p><h2>La fin de la place forte<\/h2><p>Mais l&#8217;utilisation des nouvelles techniques de guerre (poudre, canon) et surtout le recul de la fronti\u00e8re Franco-Espagnole en 1659 avec la Paix des Pyr\u00e9n\u00e9es entra\u00eenent peu \u00e0 peu son abandon. Au XVIII\u00e8me si\u00e8cle, elle n&#8217;est plus qu&#8217;un quartier mis\u00e9rable et excentr\u00e9 de la ville enrichie par le commerce des vins et la fabrication des draps. Ce n&#8217;est que gr\u00e2ce \u00e0 l&#8217;action conjugu\u00e9e de Jean-Pierre Cros-Mayrevieille, \u00e9rudit carcassonnais, de M\u00e9rim\u00e9e et du c\u00e9l\u00e8bre architecte Viollet-le-Duc qu&#8217;elle sera sauv\u00e9e de la d\u00e9molition et qu&#8217;aujourd&#8217;hui des milllions de visiteurs peuvent admirer la ville fortifi\u00e9e la plus accomplie en Europe.<\/p><\/div><\/div><p>\u00a0<\/p>\t\t\t\t\t\t\t\t<\/div>\n\t\t\t\t<\/div>\n\t\t\t\t\t<\/div>\n\t\t<\/div>\n\t\t\t\t\t<\/div>\n\t\t<\/section>\n\t\t\t\t<section class=\"elementor-section elementor-top-section elementor-element elementor-element-697dcb79 elementor-fs-modele-galerie100full elementor-section-boxed elementor-section-height-default elementor-section-height-default\" data-id=\"697dcb79\" data-element_type=\"section\" data-e-type=\"section\">\n\t\t\t\t\t\t<div class=\"elementor-container elementor-column-gap-default\">\n\t\t\t\t\t<div class=\"elementor-column elementor-col-100 elementor-top-column elementor-element elementor-element-df3d4e7\" data-id=\"df3d4e7\" data-element_type=\"column\" data-e-type=\"column\">\n\t\t\t<div class=\"elementor-widget-wrap elementor-element-populated\">\n\t\t\t\t\t\t<div class=\"elementor-element elementor-element-a665630 elementor-widget elementor-widget-image-carousel\" data-id=\"a665630\" data-element_type=\"widget\" data-e-type=\"widget\" data-settings=\"{&quot;slides_to_show&quot;:&quot;3&quot;,&quot;navigation&quot;:&quot;none&quot;,&quot;autoplay&quot;:&quot;no&quot;,&quot;infinite&quot;:&quot;no&quot;,&quot;image_spacing_custom&quot;:{&quot;unit&quot;:&quot;px&quot;,&quot;size&quot;:30,&quot;sizes&quot;:[]},&quot;speed&quot;:500,&quot;image_spacing_custom_tablet&quot;:{&quot;unit&quot;:&quot;px&quot;,&quot;size&quot;:&quot;&quot;,&quot;sizes&quot;:[]},&quot;image_spacing_custom_mobile&quot;:{&quot;unit&quot;:&quot;px&quot;,&quot;size&quot;:&quot;&quot;,&quot;sizes&quot;:[]}}\" data-widget_type=\"image-carousel.default\">\n\t\t\t\t<div class=\"elementor-widget-container\">\n\t\t\t\t\t\t\t<div class=\"elementor-image-carousel-wrapper swiper\" role=\"region\" aria-roledescription=\"carousel\" aria-label=\"Image Carousel\" dir=\"ltr\">\n\t\t\t<div class=\"elementor-image-carousel swiper-wrapper swiper-image-stretch\" aria-live=\"polite\">\n\t\t\t\t\t\t\t\t<div class=\"swiper-slide\" role=\"group\" aria-roledescription=\"slide\" aria-label=\"1 of 7\"><figure class=\"swiper-slide-inner\"><img decoding=\"async\" class=\"swiper-slide-image\" src=\"https:\/\/www.tourisme-carcassonne.fr\/assets\/uploads\/2022\/01\/ad11-5fi00350-001-370x264.jpg\" alt=\"\u00a9 Archives d\u00e9partementales de l&#039;Aude\" \/><\/figure><\/div><div class=\"swiper-slide\" role=\"group\" aria-roledescription=\"slide\" aria-label=\"2 of 7\"><figure class=\"swiper-slide-inner\"><img decoding=\"async\" class=\"swiper-slide-image\" src=\"https:\/\/www.tourisme-carcassonne.fr\/assets\/uploads\/2022\/01\/theatre-cite-de-carcassonne-370x312.jpg\" alt=\"\u00a9 Archives d\u00e9partementales de l&#039;Aude\" \/><\/figure><\/div><div class=\"swiper-slide\" role=\"group\" aria-roledescription=\"slide\" aria-label=\"3 of 7\"><figure class=\"swiper-slide-inner\"><img decoding=\"async\" class=\"swiper-slide-image\" src=\"https:\/\/www.tourisme-carcassonne.fr\/assets\/uploads\/2022\/01\/cite-de-carcassonne-avant-restauration-370x348.jpg\" alt=\"\u00a9Archives D\u00e9partementales de l&#039;Aude\" \/><\/figure><\/div><div class=\"swiper-slide\" role=\"group\" aria-roledescription=\"slide\" aria-label=\"4 of 7\"><figure class=\"swiper-slide-inner\"><img decoding=\"async\" class=\"swiper-slide-image\" src=\"https:\/\/www.tourisme-carcassonne.fr\/assets\/uploads\/2022\/01\/ad11-5fi00362-001-370x264.jpg\" alt=\"\u00a9 Archives d\u00e9partementales de l&#039;Aude\" \/><\/figure><\/div><div class=\"swiper-slide\" role=\"group\" aria-roledescription=\"slide\" aria-label=\"5 of 7\"><figure class=\"swiper-slide-inner\"><img decoding=\"async\" class=\"swiper-slide-image\" src=\"https:\/\/www.tourisme-carcassonne.fr\/assets\/uploads\/2022\/01\/viollet-le-duc-carcassonne-370x470.jpg\" alt=\"\u00a9Wikipedia\" \/><\/figure><\/div><div class=\"swiper-slide\" role=\"group\" aria-roledescription=\"slide\" aria-label=\"6 of 7\"><figure class=\"swiper-slide-inner\"><img decoding=\"async\" class=\"swiper-slide-image\" src=\"https:\/\/www.tourisme-carcassonne.fr\/assets\/uploads\/2022\/04\/sisenando-rey-de-los-visigodos-museo-del-prado-370x370.jpg\" alt=\"\u00a9 Wikimedia\" \/><\/figure><\/div><div class=\"swiper-slide\" role=\"group\" aria-roledescription=\"slide\" aria-label=\"7 of 7\"><figure class=\"swiper-slide-inner\"><img decoding=\"async\" class=\"swiper-slide-image\" src=\"https:\/\/www.tourisme-carcassonne.fr\/assets\/uploads\/2022\/04\/mariage-of-ermengard-of-carcassonne-and-gausfred-iii-of-roussillon-370x371.jpg\" alt=\"\u00a9 Wikimedia\" \/><\/figure><\/div>\t\t\t<\/div>\n\t\t\t\t\t\t\t\n\t\t\t\t\t\t\t\t\t<\/div>\n\t\t\t\t\t\t<\/div>\n\t\t\t\t<\/div>\n\t\t\t\t\t<\/div>\n\t\t<\/div>\n\t\t\t\t\t<\/div>\n\t\t<\/section>\n\t\t\t\t<\/div>\n\t\t","protected":false},"excerpt":{"rendered":"<p>De l&#8217;aube au rayonnement Les traces humaines les plus anciennes -VI\u00e8me si\u00e8cle av.J.C.- se trouvent sur le promontoire o\u00f9 se situe la Cit\u00e9 de Carcassonne. Vers 300 av.J.C., les Volques Tectosages soumirent les Ib\u00e8res du Languedoc. En 122 av.J.C., les Romains ont conquis la Provence et le Languedoc. Ils fortifi\u00e8rent l&#8217;oppidum qui prit le nom [&hellip;]<\/p>\n","protected":false},"author":3,"featured_media":9577,"parent":13305,"menu_order":0,"comment_status":"closed","ping_status":"closed","template":"templates\/edito.php","meta":{"_acf_changed":false,"footnotes":""},"class_list":["post-13308","page","type-page","status-publish","has-post-thumbnail","hentry"],"acf":[],"yoast_head":"<!-- This site is optimized with the Yoast SEO plugin v27.1.1 - https:\/\/yoast.com\/product\/yoast-seo-wordpress\/ -->\n<title>L&#039;Histoire de la Cit\u00e9 de Carcassonne - Office de tourisme de Carcassonne<\/title>\n<meta name=\"robots\" content=\"index, follow, max-snippet:-1, max-image-preview:large, max-video-preview:-1\" \/>\n<link rel=\"canonical\" href=\"https:\/\/www.tourisme-carcassonne.fr\/en\/discover\/the-medieval-city-of-carcassonne\/lhistoire-de-carcassonne\/\" \/>\n<meta property=\"og:locale\" content=\"en_US\" \/>\n<meta property=\"og:type\" content=\"article\" \/>\n<meta property=\"og:title\" content=\"L&#039;Histoire de la Cit\u00e9 de Carcassonne - Office de tourisme de Carcassonne\" \/>\n<meta property=\"og:description\" content=\"De l&#8217;aube au rayonnement Les traces humaines les plus anciennes -VI\u00e8me si\u00e8cle av.J.C.- se trouvent sur le promontoire o\u00f9 se situe la Cit\u00e9 de Carcassonne. Vers 300 av.J.C., les Volques Tectosages soumirent les Ib\u00e8res du Languedoc. En 122 av.J.C., les Romains ont conquis la Provence et le Languedoc. Ils fortifi\u00e8rent l&#8217;oppidum qui prit le nom [&hellip;]\" \/>\n<meta property=\"og:url\" content=\"https:\/\/www.tourisme-carcassonne.fr\/en\/discover\/the-medieval-city-of-carcassonne\/lhistoire-de-carcassonne\/\" \/>\n<meta property=\"og:site_name\" content=\"Office de tourisme de Carcassonne\" \/>\n<meta property=\"article:publisher\" content=\"https:\/\/www.facebook.com\/tourismecarcassonne\/\" \/>\n<meta property=\"article:modified_time\" content=\"2022-12-29T15:40:12+00:00\" \/>\n<meta property=\"og:image\" content=\"https:\/\/www.tourisme-carcassonne.fr\/assets\/uploads\/2022\/04\/ad11-5fi01404-001-scaled.jpg\" \/>\n\t<meta property=\"og:image:width\" content=\"2048\" \/>\n\t<meta property=\"og:image:height\" content=\"1492\" \/>\n\t<meta property=\"og:image:type\" content=\"image\/jpeg\" \/>\n<meta name=\"twitter:card\" content=\"summary_large_image\" \/>\n<script type=\"application\/ld+json\" class=\"yoast-schema-graph\">{\"@context\":\"https:\/\/schema.org\",\"@graph\":[{\"@type\":\"WebPage\",\"@id\":\"https:\/\/www.tourisme-carcassonne.fr\/en\/discover\/the-medieval-city-of-carcassonne\/lhistoire-de-carcassonne\/\",\"url\":\"https:\/\/www.tourisme-carcassonne.fr\/en\/discover\/the-medieval-city-of-carcassonne\/lhistoire-de-carcassonne\/\",\"name\":\"L'Histoire de la Cit\u00e9 de Carcassonne - Office de tourisme de Carcassonne\",\"isPartOf\":{\"@id\":\"https:\/\/www.tourisme-carcassonne.fr\/en\/#website\"},\"primaryImageOfPage\":{\"@id\":\"https:\/\/www.tourisme-carcassonne.fr\/en\/discover\/the-medieval-city-of-carcassonne\/lhistoire-de-carcassonne\/#primaryimage\"},\"image\":{\"@id\":\"https:\/\/www.tourisme-carcassonne.fr\/en\/discover\/the-medieval-city-of-carcassonne\/lhistoire-de-carcassonne\/#primaryimage\"},\"thumbnailUrl\":\"https:\/\/www.tourisme-carcassonne.fr\/assets\/uploads\/2022\/04\/ad11-5fi01404-001-scaled.jpg\",\"datePublished\":\"2022-04-06T16:16:50+00:00\",\"dateModified\":\"2022-12-29T15:40:12+00:00\",\"breadcrumb\":{\"@id\":\"https:\/\/www.tourisme-carcassonne.fr\/en\/discover\/the-medieval-city-of-carcassonne\/lhistoire-de-carcassonne\/#breadcrumb\"},\"inLanguage\":\"en-US\",\"potentialAction\":[{\"@type\":\"ReadAction\",\"target\":[\"https:\/\/www.tourisme-carcassonne.fr\/en\/discover\/the-medieval-city-of-carcassonne\/lhistoire-de-carcassonne\/\"]}]},{\"@type\":\"ImageObject\",\"inLanguage\":\"en-US\",\"@id\":\"https:\/\/www.tourisme-carcassonne.fr\/en\/discover\/the-medieval-city-of-carcassonne\/lhistoire-de-carcassonne\/#primaryimage\",\"url\":\"https:\/\/www.tourisme-carcassonne.fr\/assets\/uploads\/2022\/04\/ad11-5fi01404-001-scaled.jpg\",\"contentUrl\":\"https:\/\/www.tourisme-carcassonne.fr\/assets\/uploads\/2022\/04\/ad11-5fi01404-001-scaled.jpg\",\"width\":2048,\"height\":1492,\"caption\":\"\u00a9 Archives de l'Aude\"},{\"@type\":\"BreadcrumbList\",\"@id\":\"https:\/\/www.tourisme-carcassonne.fr\/en\/discover\/the-medieval-city-of-carcassonne\/lhistoire-de-carcassonne\/#breadcrumb\",\"itemListElement\":[{\"@type\":\"ListItem\",\"position\":1,\"name\":\"Accueil\",\"item\":\"https:\/\/www.tourisme-carcassonne.fr\/en\/\"},{\"@type\":\"ListItem\",\"position\":2,\"name\":\"Discover\",\"item\":\"https:\/\/www.tourisme-carcassonne.fr\/en\/discover\/\"},{\"@type\":\"ListItem\",\"position\":3,\"name\":\"The Medieval City\",\"item\":\"https:\/\/www.tourisme-carcassonne.fr\/en\/decouvrir\/la-cite-medievale\/\"},{\"@type\":\"ListItem\",\"position\":4,\"name\":\"L&rsquo;Histoire de la Cit\u00e9 de Carcassonne\"}]},{\"@type\":\"WebSite\",\"@id\":\"https:\/\/www.tourisme-carcassonne.fr\/en\/#website\",\"url\":\"https:\/\/www.tourisme-carcassonne.fr\/en\/\",\"name\":\"Office de tourisme de Carcassonne\",\"description\":\"\",\"publisher\":{\"@id\":\"https:\/\/www.tourisme-carcassonne.fr\/en\/#organization\"},\"potentialAction\":[{\"@type\":\"SearchAction\",\"target\":{\"@type\":\"EntryPoint\",\"urlTemplate\":\"https:\/\/www.tourisme-carcassonne.fr\/en\/?s={search_term_string}\"},\"query-input\":{\"@type\":\"PropertyValueSpecification\",\"valueRequired\":true,\"valueName\":\"search_term_string\"}}],\"inLanguage\":\"en-US\"},{\"@type\":\"Organization\",\"@id\":\"https:\/\/www.tourisme-carcassonne.fr\/en\/#organization\",\"name\":\"Office de tourisme de Carcassonne\",\"url\":\"https:\/\/www.tourisme-carcassonne.fr\/en\/\",\"logo\":{\"@type\":\"ImageObject\",\"inLanguage\":\"en-US\",\"@id\":\"https:\/\/www.tourisme-carcassonne.fr\/en\/#\/schema\/logo\/image\/\",\"url\":\"https:\/\/www.tourisme-carcassonne.fr\/assets\/uploads\/2021\/11\/logo-carcassonne.svg\",\"contentUrl\":\"https:\/\/www.tourisme-carcassonne.fr\/assets\/uploads\/2021\/11\/logo-carcassonne.svg\",\"width\":167,\"height\":49,\"caption\":\"Office de tourisme de Carcassonne\"},\"image\":{\"@id\":\"https:\/\/www.tourisme-carcassonne.fr\/en\/#\/schema\/logo\/image\/\"},\"sameAs\":[\"https:\/\/www.facebook.com\/tourismecarcassonne\/\",\"https:\/\/www.instagram.com\/tourismecarcassonne\/\"]}]}<\/script>\n<!-- \/ Yoast SEO plugin. -->","yoast_head_json":{"title":"L'Histoire de la Cit\u00e9 de Carcassonne - Office de tourisme de Carcassonne","robots":{"index":"index","follow":"follow","max-snippet":"max-snippet:-1","max-image-preview":"max-image-preview:large","max-video-preview":"max-video-preview:-1"},"canonical":"https:\/\/www.tourisme-carcassonne.fr\/en\/discover\/the-medieval-city-of-carcassonne\/lhistoire-de-carcassonne\/","og_locale":"en_US","og_type":"article","og_title":"L'Histoire de la Cit\u00e9 de Carcassonne - Office de tourisme de Carcassonne","og_description":"De l&#8217;aube au rayonnement Les traces humaines les plus anciennes -VI\u00e8me si\u00e8cle av.J.C.- se trouvent sur le promontoire o\u00f9 se situe la Cit\u00e9 de Carcassonne. Vers 300 av.J.C., les Volques Tectosages soumirent les Ib\u00e8res du Languedoc. En 122 av.J.C., les Romains ont conquis la Provence et le Languedoc. Ils fortifi\u00e8rent l&#8217;oppidum qui prit le nom [&hellip;]","og_url":"https:\/\/www.tourisme-carcassonne.fr\/en\/discover\/the-medieval-city-of-carcassonne\/lhistoire-de-carcassonne\/","og_site_name":"Office de tourisme de Carcassonne","article_publisher":"https:\/\/www.facebook.com\/tourismecarcassonne\/","article_modified_time":"2022-12-29T15:40:12+00:00","og_image":[{"width":2048,"height":1492,"url":"https:\/\/www.tourisme-carcassonne.fr\/assets\/uploads\/2022\/04\/ad11-5fi01404-001-scaled.jpg","type":"image\/jpeg"}],"twitter_card":"summary_large_image","schema":{"@context":"https:\/\/schema.org","@graph":[{"@type":"WebPage","@id":"https:\/\/www.tourisme-carcassonne.fr\/en\/discover\/the-medieval-city-of-carcassonne\/lhistoire-de-carcassonne\/","url":"https:\/\/www.tourisme-carcassonne.fr\/en\/discover\/the-medieval-city-of-carcassonne\/lhistoire-de-carcassonne\/","name":"L'Histoire de la Cit\u00e9 de Carcassonne - Office de tourisme de Carcassonne","isPartOf":{"@id":"https:\/\/www.tourisme-carcassonne.fr\/en\/#website"},"primaryImageOfPage":{"@id":"https:\/\/www.tourisme-carcassonne.fr\/en\/discover\/the-medieval-city-of-carcassonne\/lhistoire-de-carcassonne\/#primaryimage"},"image":{"@id":"https:\/\/www.tourisme-carcassonne.fr\/en\/discover\/the-medieval-city-of-carcassonne\/lhistoire-de-carcassonne\/#primaryimage"},"thumbnailUrl":"https:\/\/www.tourisme-carcassonne.fr\/assets\/uploads\/2022\/04\/ad11-5fi01404-001-scaled.jpg","datePublished":"2022-04-06T16:16:50+00:00","dateModified":"2022-12-29T15:40:12+00:00","breadcrumb":{"@id":"https:\/\/www.tourisme-carcassonne.fr\/en\/discover\/the-medieval-city-of-carcassonne\/lhistoire-de-carcassonne\/#breadcrumb"},"inLanguage":"en-US","potentialAction":[{"@type":"ReadAction","target":["https:\/\/www.tourisme-carcassonne.fr\/en\/discover\/the-medieval-city-of-carcassonne\/lhistoire-de-carcassonne\/"]}]},{"@type":"ImageObject","inLanguage":"en-US","@id":"https:\/\/www.tourisme-carcassonne.fr\/en\/discover\/the-medieval-city-of-carcassonne\/lhistoire-de-carcassonne\/#primaryimage","url":"https:\/\/www.tourisme-carcassonne.fr\/assets\/uploads\/2022\/04\/ad11-5fi01404-001-scaled.jpg","contentUrl":"https:\/\/www.tourisme-carcassonne.fr\/assets\/uploads\/2022\/04\/ad11-5fi01404-001-scaled.jpg","width":2048,"height":1492,"caption":"\u00a9 Archives de l'Aude"},{"@type":"BreadcrumbList","@id":"https:\/\/www.tourisme-carcassonne.fr\/en\/discover\/the-medieval-city-of-carcassonne\/lhistoire-de-carcassonne\/#breadcrumb","itemListElement":[{"@type":"ListItem","position":1,"name":"Accueil","item":"https:\/\/www.tourisme-carcassonne.fr\/en\/"},{"@type":"ListItem","position":2,"name":"Discover","item":"https:\/\/www.tourisme-carcassonne.fr\/en\/discover\/"},{"@type":"ListItem","position":3,"name":"The Medieval City","item":"https:\/\/www.tourisme-carcassonne.fr\/en\/decouvrir\/la-cite-medievale\/"},{"@type":"ListItem","position":4,"name":"L&rsquo;Histoire de la Cit\u00e9 de Carcassonne"}]},{"@type":"WebSite","@id":"https:\/\/www.tourisme-carcassonne.fr\/en\/#website","url":"https:\/\/www.tourisme-carcassonne.fr\/en\/","name":"Office de tourisme de Carcassonne","description":"","publisher":{"@id":"https:\/\/www.tourisme-carcassonne.fr\/en\/#organization"},"potentialAction":[{"@type":"SearchAction","target":{"@type":"EntryPoint","urlTemplate":"https:\/\/www.tourisme-carcassonne.fr\/en\/?s={search_term_string}"},"query-input":{"@type":"PropertyValueSpecification","valueRequired":true,"valueName":"search_term_string"}}],"inLanguage":"en-US"},{"@type":"Organization","@id":"https:\/\/www.tourisme-carcassonne.fr\/en\/#organization","name":"Office de tourisme de Carcassonne","url":"https:\/\/www.tourisme-carcassonne.fr\/en\/","logo":{"@type":"ImageObject","inLanguage":"en-US","@id":"https:\/\/www.tourisme-carcassonne.fr\/en\/#\/schema\/logo\/image\/","url":"https:\/\/www.tourisme-carcassonne.fr\/assets\/uploads\/2021\/11\/logo-carcassonne.svg","contentUrl":"https:\/\/www.tourisme-carcassonne.fr\/assets\/uploads\/2021\/11\/logo-carcassonne.svg","width":167,"height":49,"caption":"Office de tourisme de Carcassonne"},"image":{"@id":"https:\/\/www.tourisme-carcassonne.fr\/en\/#\/schema\/logo\/image\/"},"sameAs":["https:\/\/www.facebook.com\/tourismecarcassonne\/","https:\/\/www.instagram.com\/tourismecarcassonne\/"]}]}},"_links":{"self":[{"href":"https:\/\/www.tourisme-carcassonne.fr\/en\/wp-json\/wp\/v2\/pages\/13308","targetHints":{"allow":["GET"]}}],"collection":[{"href":"https:\/\/www.tourisme-carcassonne.fr\/en\/wp-json\/wp\/v2\/pages"}],"about":[{"href":"https:\/\/www.tourisme-carcassonne.fr\/en\/wp-json\/wp\/v2\/types\/page"}],"author":[{"embeddable":true,"href":"https:\/\/www.tourisme-carcassonne.fr\/en\/wp-json\/wp\/v2\/users\/3"}],"replies":[{"embeddable":true,"href":"https:\/\/www.tourisme-carcassonne.fr\/en\/wp-json\/wp\/v2\/comments?post=13308"}],"version-history":[{"count":0,"href":"https:\/\/www.tourisme-carcassonne.fr\/en\/wp-json\/wp\/v2\/pages\/13308\/revisions"}],"up":[{"embeddable":true,"href":"https:\/\/www.tourisme-carcassonne.fr\/en\/wp-json\/wp\/v2\/pages\/13305"}],"wp:featuredmedia":[{"embeddable":true,"href":"https:\/\/www.tourisme-carcassonne.fr\/en\/wp-json\/wp\/v2\/media\/9577"}],"wp:attachment":[{"href":"https:\/\/www.tourisme-carcassonne.fr\/en\/wp-json\/wp\/v2\/media?parent=13308"}],"curies":[{"name":"wp","href":"https:\/\/api.w.org\/{rel}","templated":true}]}}