{"id":13158,"date":"2022-05-11T17:28:37","date_gmt":"2022-05-11T15:28:37","guid":{"rendered":"https:\/\/www.tourisme-carcassonne.fr\/credit\/"},"modified":"2024-05-29T18:12:21","modified_gmt":"2024-05-29T16:12:21","slug":"credit","status":"publish","type":"page","link":"https:\/\/www.tourisme-carcassonne.fr\/en\/credit\/","title":{"rendered":"Cr\u00e9dit"},"content":{"rendered":"\t\t<div data-elementor-type=\"wp-page\" data-elementor-id=\"13158\" class=\"elementor elementor-13158 elementor-10248\" data-elementor-post-type=\"page\">\n\t\t\t\t\t\t<section class=\"elementor-section elementor-top-section elementor-element elementor-element-23264d11 elementor-fs-modele-texte100 elementor-section-boxed elementor-section-height-default elementor-section-height-default\" data-id=\"23264d11\" data-element_type=\"section\" data-e-type=\"section\">\n\t\t\t\t\t\t<div class=\"elementor-container elementor-column-gap-default\">\n\t\t\t\t\t<div class=\"elementor-column elementor-col-100 elementor-top-column elementor-element elementor-element-59ec96ba fs-texte\" data-id=\"59ec96ba\" data-element_type=\"column\" data-e-type=\"column\">\n\t\t\t<div class=\"elementor-widget-wrap elementor-element-populated\">\n\t\t\t\t\t\t<div class=\"elementor-element elementor-element-47938347 elementor-widget elementor-widget-text-editor\" data-id=\"47938347\" data-element_type=\"widget\" data-e-type=\"widget\" data-widget_type=\"text-editor.default\">\n\t\t\t\t<div class=\"elementor-widget-container\">\n\t\t\t\t\t\t\t\t\t<h3><span style=\"color: #ea5f00; font-size: 1.25em; font-weight: 600;\">site r\u00e9alis\u00e9 et h\u00e9berg\u00e9 par :<\/span><\/h3><p><b data-stringify-type=\"bold\">Faire-Savoir<\/b><br \/>Parc Horizon de la Haute Borne<br \/>2\/6 avenue de l\u2019Horizon \u2013 B\u00e2timent 4 \u2013 59650 VILLENEUVE D\u2019ASCQ<br \/><a class=\"c-link\" href=\"mailto:contact@faire-savoir.com\" target=\"_blank\" rel=\"noopener noreferrer\" data-stringify-link=\"mailto:contact@faire-savoir.com\" data-sk=\"tooltip_parent\" aria-haspopup=\"menu\" aria-expanded=\"false\">contact@faire-savoir.com<\/a>\u00a0\u00a0\u00a0\u00a0<a class=\"c-link\" href=\"http:\/\/www.faire-savoir.com\/\" target=\"_blank\" rel=\"noopener noreferrer\" data-stringify-link=\"http:\/\/www.faire-savoir.com\" data-sk=\"tooltip_parent\">www.faire-savoir.com<\/a><\/p>\t\t\t\t\t\t\t\t<\/div>\n\t\t\t\t<\/div>\n\t\t\t\t\t<\/div>\n\t\t<\/div>\n\t\t\t\t\t<\/div>\n\t\t<\/section>\n\t\t\t\t<section class=\"elementor-section elementor-top-section elementor-element elementor-element-67e69ae elementor-fs-modele-texte100 elementor-section-boxed elementor-section-height-default elementor-section-height-default\" data-id=\"67e69ae\" data-element_type=\"section\" data-e-type=\"section\">\n\t\t\t\t\t\t<div class=\"elementor-container elementor-column-gap-default\">\n\t\t\t\t\t<div class=\"elementor-column elementor-col-100 elementor-top-column elementor-element elementor-element-f2f9112 fs-texte\" data-id=\"f2f9112\" data-element_type=\"column\" data-e-type=\"column\">\n\t\t\t<div class=\"elementor-widget-wrap elementor-element-populated\">\n\t\t\t\t\t\t<div class=\"elementor-element elementor-element-3698906 elementor-widget elementor-widget-text-editor\" data-id=\"3698906\" data-element_type=\"widget\" data-e-type=\"widget\" data-widget_type=\"text-editor.default\">\n\t\t\t\t<div class=\"elementor-widget-container\">\n\t\t\t\t\t\t\t\t\t<h3><span style=\"color: #ea5f00; font-size: 1.25em; font-weight: 600;\">Site g\u00e9r\u00e9 par l&#8217;OMT de Carcassonne <br \/><\/span><\/h3><p>Office Municipal de Tourisme de Carcassonne dont le si\u00e8ge est situ\u00e9 au 28 rue de Verdun \u00e0 Carcassonne (11890 CEDEX) est un EPIC (\u00c9tablissement Public Industriel et Commercial).<\/p><ul><li>Num\u00e9ro de SIRET- 40347989200024<\/li><li>Code APE &#8211; 7911Z<\/li><li>Immatriculation Atout France : IM011200002<\/li><li>N\u00b0 TVA intracommunautaire : FR\u00a06540347989200024.<\/li><li>Adh\u00e9rent APST<\/li><\/ul>\t\t\t\t\t\t\t\t<\/div>\n\t\t\t\t<\/div>\n\t\t\t\t\t<\/div>\n\t\t<\/div>\n\t\t\t\t\t<\/div>\n\t\t<\/section>\n\t\t\t\t<\/div>\n\t\t","protected":false},"excerpt":{"rendered":"<p>site r\u00e9alis\u00e9 et h\u00e9berg\u00e9 par : Faire-SavoirParc Horizon de la Haute Borne2\/6 avenue de l\u2019Horizon \u2013 B\u00e2timent 4 \u2013 59650 VILLENEUVE D\u2019ASCQcontact@faire-savoir.com\u00a0\u00a0\u00a0\u00a0www.faire-savoir.com Site g\u00e9r\u00e9 par l&#8217;OMT de Carcassonne Office Municipal de Tourisme de Carcassonne dont le si\u00e8ge est situ\u00e9 au 28 rue de Verdun \u00e0 Carcassonne (11890 CEDEX) est un EPIC (\u00c9tablissement Public Industriel et [&hellip;]<\/p>\n","protected":false},"author":1,"featured_media":0,"parent":0,"menu_order":0,"comment_status":"closed","ping_status":"closed","template":"","meta":{"_acf_changed":false,"footnotes":""},"class_list":["post-13158","page","type-page","status-publish","hentry"],"acf":[],"yoast_head":"<!-- This site is optimized with the Yoast SEO plugin v27.1.1 - https:\/\/yoast.com\/product\/yoast-seo-wordpress\/ -->\n<title>Cr\u00e9dit - Office de tourisme de Carcassonne<\/title>\n<meta name=\"robots\" content=\"index, follow, max-snippet:-1, max-image-preview:large, max-video-preview:-1\" \/>\n<link rel=\"canonical\" href=\"https:\/\/www.tourisme-carcassonne.fr\/en\/credit\/\" \/>\n<meta property=\"og:locale\" content=\"en_US\" \/>\n<meta property=\"og:type\" content=\"article\" \/>\n<meta property=\"og:title\" content=\"Cr\u00e9dit - Office de tourisme de Carcassonne\" \/>\n<meta property=\"og:description\" content=\"site r\u00e9alis\u00e9 et h\u00e9berg\u00e9 par : Faire-SavoirParc Horizon de la Haute Borne2\/6 avenue de l\u2019Horizon \u2013 B\u00e2timent 4 \u2013 59650 VILLENEUVE D\u2019ASCQcontact@faire-savoir.com\u00a0\u00a0\u00a0\u00a0www.faire-savoir.com Site g\u00e9r\u00e9 par l&#8217;OMT de Carcassonne Office Municipal de Tourisme de Carcassonne dont le si\u00e8ge est situ\u00e9 au 28 rue de Verdun \u00e0 Carcassonne (11890 CEDEX) est un EPIC (\u00c9tablissement Public Industriel et [&hellip;]\" \/>\n<meta property=\"og:url\" content=\"https:\/\/www.tourisme-carcassonne.fr\/en\/credit\/\" \/>\n<meta property=\"og:site_name\" content=\"Office de tourisme de Carcassonne\" \/>\n<meta property=\"article:publisher\" content=\"https:\/\/www.facebook.com\/tourismecarcassonne\/\" \/>\n<meta property=\"article:modified_time\" content=\"2024-05-29T16:12:21+00:00\" \/>\n<meta name=\"twitter:card\" content=\"summary_large_image\" \/>\n<meta name=\"twitter:label1\" content=\"Est. reading time\" \/>\n\t<meta name=\"twitter:data1\" content=\"1 minute\" \/>\n<script type=\"application\/ld+json\" class=\"yoast-schema-graph\">{\"@context\":\"https:\/\/schema.org\",\"@graph\":[{\"@type\":\"WebPage\",\"@id\":\"https:\/\/www.tourisme-carcassonne.fr\/en\/credit\/\",\"url\":\"https:\/\/www.tourisme-carcassonne.fr\/en\/credit\/\",\"name\":\"Cr\u00e9dit - Office de tourisme de Carcassonne\",\"isPartOf\":{\"@id\":\"https:\/\/www.tourisme-carcassonne.fr\/en\/#website\"},\"datePublished\":\"2022-05-11T15:28:37+00:00\",\"dateModified\":\"2024-05-29T16:12:21+00:00\",\"breadcrumb\":{\"@id\":\"https:\/\/www.tourisme-carcassonne.fr\/en\/credit\/#breadcrumb\"},\"inLanguage\":\"en-US\",\"potentialAction\":[{\"@type\":\"ReadAction\",\"target\":[\"https:\/\/www.tourisme-carcassonne.fr\/en\/credit\/\"]}]},{\"@type\":\"BreadcrumbList\",\"@id\":\"https:\/\/www.tourisme-carcassonne.fr\/en\/credit\/#breadcrumb\",\"itemListElement\":[{\"@type\":\"ListItem\",\"position\":1,\"name\":\"Accueil\",\"item\":\"https:\/\/www.tourisme-carcassonne.fr\/en\/\"},{\"@type\":\"ListItem\",\"position\":2,\"name\":\"Cr\u00e9dit\"}]},{\"@type\":\"WebSite\",\"@id\":\"https:\/\/www.tourisme-carcassonne.fr\/en\/#website\",\"url\":\"https:\/\/www.tourisme-carcassonne.fr\/en\/\",\"name\":\"Office de tourisme de Carcassonne\",\"description\":\"\",\"publisher\":{\"@id\":\"https:\/\/www.tourisme-carcassonne.fr\/en\/#organization\"},\"potentialAction\":[{\"@type\":\"SearchAction\",\"target\":{\"@type\":\"EntryPoint\",\"urlTemplate\":\"https:\/\/www.tourisme-carcassonne.fr\/en\/?s={search_term_string}\"},\"query-input\":{\"@type\":\"PropertyValueSpecification\",\"valueRequired\":true,\"valueName\":\"search_term_string\"}}],\"inLanguage\":\"en-US\"},{\"@type\":\"Organization\",\"@id\":\"https:\/\/www.tourisme-carcassonne.fr\/en\/#organization\",\"name\":\"Office de tourisme de Carcassonne\",\"url\":\"https:\/\/www.tourisme-carcassonne.fr\/en\/\",\"logo\":{\"@type\":\"ImageObject\",\"inLanguage\":\"en-US\",\"@id\":\"https:\/\/www.tourisme-carcassonne.fr\/en\/#\/schema\/logo\/image\/\",\"url\":\"https:\/\/www.tourisme-carcassonne.fr\/assets\/uploads\/2021\/11\/logo-carcassonne.svg\",\"contentUrl\":\"https:\/\/www.tourisme-carcassonne.fr\/assets\/uploads\/2021\/11\/logo-carcassonne.svg\",\"width\":167,\"height\":49,\"caption\":\"Office de tourisme de Carcassonne\"},\"image\":{\"@id\":\"https:\/\/www.tourisme-carcassonne.fr\/en\/#\/schema\/logo\/image\/\"},\"sameAs\":[\"https:\/\/www.facebook.com\/tourismecarcassonne\/\",\"https:\/\/www.instagram.com\/tourismecarcassonne\/\"]}]}<\/script>\n<!-- \/ Yoast SEO plugin. -->","yoast_head_json":{"title":"Cr\u00e9dit - Office de tourisme de Carcassonne","robots":{"index":"index","follow":"follow","max-snippet":"max-snippet:-1","max-image-preview":"max-image-preview:large","max-video-preview":"max-video-preview:-1"},"canonical":"https:\/\/www.tourisme-carcassonne.fr\/en\/credit\/","og_locale":"en_US","og_type":"article","og_title":"Cr\u00e9dit - Office de tourisme de Carcassonne","og_description":"site r\u00e9alis\u00e9 et h\u00e9berg\u00e9 par : Faire-SavoirParc Horizon de la Haute Borne2\/6 avenue de l\u2019Horizon \u2013 B\u00e2timent 4 \u2013 59650 VILLENEUVE D\u2019ASCQcontact@faire-savoir.com\u00a0\u00a0\u00a0\u00a0www.faire-savoir.com Site g\u00e9r\u00e9 par l&#8217;OMT de Carcassonne Office Municipal de Tourisme de Carcassonne dont le si\u00e8ge est situ\u00e9 au 28 rue de Verdun \u00e0 Carcassonne (11890 CEDEX) est un EPIC (\u00c9tablissement Public Industriel et [&hellip;]","og_url":"https:\/\/www.tourisme-carcassonne.fr\/en\/credit\/","og_site_name":"Office de tourisme de Carcassonne","article_publisher":"https:\/\/www.facebook.com\/tourismecarcassonne\/","article_modified_time":"2024-05-29T16:12:21+00:00","twitter_card":"summary_large_image","twitter_misc":{"Est. reading time":"1 minute"},"schema":{"@context":"https:\/\/schema.org","@graph":[{"@type":"WebPage","@id":"https:\/\/www.tourisme-carcassonne.fr\/en\/credit\/","url":"https:\/\/www.tourisme-carcassonne.fr\/en\/credit\/","name":"Cr\u00e9dit - Office de tourisme de Carcassonne","isPartOf":{"@id":"https:\/\/www.tourisme-carcassonne.fr\/en\/#website"},"datePublished":"2022-05-11T15:28:37+00:00","dateModified":"2024-05-29T16:12:21+00:00","breadcrumb":{"@id":"https:\/\/www.tourisme-carcassonne.fr\/en\/credit\/#breadcrumb"},"inLanguage":"en-US","potentialAction":[{"@type":"ReadAction","target":["https:\/\/www.tourisme-carcassonne.fr\/en\/credit\/"]}]},{"@type":"BreadcrumbList","@id":"https:\/\/www.tourisme-carcassonne.fr\/en\/credit\/#breadcrumb","itemListElement":[{"@type":"ListItem","position":1,"name":"Accueil","item":"https:\/\/www.tourisme-carcassonne.fr\/en\/"},{"@type":"ListItem","position":2,"name":"Cr\u00e9dit"}]},{"@type":"WebSite","@id":"https:\/\/www.tourisme-carcassonne.fr\/en\/#website","url":"https:\/\/www.tourisme-carcassonne.fr\/en\/","name":"Office de tourisme de Carcassonne","description":"","publisher":{"@id":"https:\/\/www.tourisme-carcassonne.fr\/en\/#organization"},"potentialAction":[{"@type":"SearchAction","target":{"@type":"EntryPoint","urlTemplate":"https:\/\/www.tourisme-carcassonne.fr\/en\/?s={search_term_string}"},"query-input":{"@type":"PropertyValueSpecification","valueRequired":true,"valueName":"search_term_string"}}],"inLanguage":"en-US"},{"@type":"Organization","@id":"https:\/\/www.tourisme-carcassonne.fr\/en\/#organization","name":"Office de tourisme de Carcassonne","url":"https:\/\/www.tourisme-carcassonne.fr\/en\/","logo":{"@type":"ImageObject","inLanguage":"en-US","@id":"https:\/\/www.tourisme-carcassonne.fr\/en\/#\/schema\/logo\/image\/","url":"https:\/\/www.tourisme-carcassonne.fr\/assets\/uploads\/2021\/11\/logo-carcassonne.svg","contentUrl":"https:\/\/www.tourisme-carcassonne.fr\/assets\/uploads\/2021\/11\/logo-carcassonne.svg","width":167,"height":49,"caption":"Office de tourisme de Carcassonne"},"image":{"@id":"https:\/\/www.tourisme-carcassonne.fr\/en\/#\/schema\/logo\/image\/"},"sameAs":["https:\/\/www.facebook.com\/tourismecarcassonne\/","https:\/\/www.instagram.com\/tourismecarcassonne\/"]}]}},"_links":{"self":[{"href":"https:\/\/www.tourisme-carcassonne.fr\/en\/wp-json\/wp\/v2\/pages\/13158","targetHints":{"allow":["GET"]}}],"collection":[{"href":"https:\/\/www.tourisme-carcassonne.fr\/en\/wp-json\/wp\/v2\/pages"}],"about":[{"href":"https:\/\/www.tourisme-carcassonne.fr\/en\/wp-json\/wp\/v2\/types\/page"}],"author":[{"embeddable":true,"href":"https:\/\/www.tourisme-carcassonne.fr\/en\/wp-json\/wp\/v2\/users\/1"}],"replies":[{"embeddable":true,"href":"https:\/\/www.tourisme-carcassonne.fr\/en\/wp-json\/wp\/v2\/comments?post=13158"}],"version-history":[{"count":0,"href":"https:\/\/www.tourisme-carcassonne.fr\/en\/wp-json\/wp\/v2\/pages\/13158\/revisions"}],"wp:attachment":[{"href":"https:\/\/www.tourisme-carcassonne.fr\/en\/wp-json\/wp\/v2\/media?parent=13158"}],"curies":[{"name":"wp","href":"https:\/\/api.w.org\/{rel}","templated":true}]}}