{"id":13372,"date":"2021-11-19T15:49:53","date_gmt":"2021-11-19T15:49:53","guid":{"rendered":"https:\/\/www.tourisme-carcassonne.fr\/residences-village-de-vacances\/"},"modified":"2022-10-28T11:00:38","modified_gmt":"2022-10-28T09:00:38","slug":"residenzen","status":"publish","type":"page","link":"https:\/\/www.tourisme-carcassonne.fr\/de\/vorbereiten\/die-unterkuenfte\/residenzen\/","title":{"rendered":"Residenzen"},"content":{"rendered":"","protected":false},"excerpt":{"rendered":"","protected":false},"author":3,"featured_media":11572,"parent":13387,"menu_order":5,"comment_status":"closed","ping_status":"closed","template":"templates\/listing-map.php","meta":{"_acf_changed":false,"footnotes":""},"class_list":["post-13372","page","type-page","status-publish","has-post-thumbnail","hentry"],"acf":[],"yoast_head":"<!-- This site is optimized with the Yoast SEO plugin v27.1.1 - https:\/\/yoast.com\/product\/yoast-seo-wordpress\/ -->\n<title>Residenzen - Office de tourisme de Carcassonne<\/title>\n<meta name=\"description\" content=\"Buchen Sie ein paar Tage in einem der Wohnheime in Carcassonne. Die Wohnheime erm\u00f6glichen Ihnen v\u00f6llige Unabh\u00e4ngigkeit, um Carcassonne frei zu erkunden.\" \/>\n<meta name=\"robots\" content=\"index, follow, max-snippet:-1, max-image-preview:large, max-video-preview:-1\" \/>\n<link rel=\"canonical\" href=\"https:\/\/www.tourisme-carcassonne.fr\/de\/vorbereiten\/die-unterkuenfte\/residenzen\/\" \/>\n<meta property=\"og:locale\" content=\"de_DE\" \/>\n<meta property=\"og:type\" content=\"article\" \/>\n<meta property=\"og:title\" content=\"Residenzen - Office de tourisme de Carcassonne\" \/>\n<meta property=\"og:description\" content=\"Buchen Sie ein paar Tage in einem der Wohnheime in Carcassonne. Die Wohnheime erm\u00f6glichen Ihnen v\u00f6llige Unabh\u00e4ngigkeit, um Carcassonne frei zu erkunden.\" \/>\n<meta property=\"og:url\" content=\"https:\/\/www.tourisme-carcassonne.fr\/de\/vorbereiten\/die-unterkuenfte\/residenzen\/\" \/>\n<meta property=\"og:site_name\" content=\"Office de tourisme de Carcassonne\" \/>\n<meta property=\"article:publisher\" content=\"https:\/\/www.facebook.com\/tourismecarcassonne\/\" \/>\n<meta property=\"article:modified_time\" content=\"2022-10-28T09:00:38+00:00\" \/>\n<meta property=\"og:image\" content=\"https:\/\/www.tourisme-carcassonne.fr\/assets\/uploads\/2022\/02\/salle-a-manger-zenitude-carcassonnenord-hd-13-scaled.jpg\" \/>\n\t<meta property=\"og:image:width\" content=\"2048\" \/>\n\t<meta property=\"og:image:height\" content=\"1365\" \/>\n\t<meta property=\"og:image:type\" content=\"image\/jpeg\" \/>\n<meta name=\"twitter:card\" content=\"summary_large_image\" \/>\n<script type=\"application\/ld+json\" class=\"yoast-schema-graph\">{\"@context\":\"https:\/\/schema.org\",\"@graph\":[{\"@type\":\"WebPage\",\"@id\":\"https:\/\/www.tourisme-carcassonne.fr\/de\/vorbereiten\/die-unterkuenfte\/residenzen\/\",\"url\":\"https:\/\/www.tourisme-carcassonne.fr\/de\/vorbereiten\/die-unterkuenfte\/residenzen\/\",\"name\":\"Residenzen - Office de tourisme de Carcassonne\",\"isPartOf\":{\"@id\":\"https:\/\/www.tourisme-carcassonne.fr\/de\/#website\"},\"primaryImageOfPage\":{\"@id\":\"https:\/\/www.tourisme-carcassonne.fr\/de\/vorbereiten\/die-unterkuenfte\/residenzen\/#primaryimage\"},\"image\":{\"@id\":\"https:\/\/www.tourisme-carcassonne.fr\/de\/vorbereiten\/die-unterkuenfte\/residenzen\/#primaryimage\"},\"thumbnailUrl\":\"https:\/\/www.tourisme-carcassonne.fr\/assets\/uploads\/2022\/02\/salle-a-manger-zenitude-carcassonnenord-hd-13-scaled.jpg\",\"datePublished\":\"2021-11-19T15:49:53+00:00\",\"dateModified\":\"2022-10-28T09:00:38+00:00\",\"description\":\"Buchen Sie ein paar Tage in einem der Wohnheime in Carcassonne. Die Wohnheime erm\u00f6glichen Ihnen v\u00f6llige Unabh\u00e4ngigkeit, um Carcassonne frei zu erkunden.\",\"breadcrumb\":{\"@id\":\"https:\/\/www.tourisme-carcassonne.fr\/de\/vorbereiten\/die-unterkuenfte\/residenzen\/#breadcrumb\"},\"inLanguage\":\"de\",\"potentialAction\":[{\"@type\":\"ReadAction\",\"target\":[\"https:\/\/www.tourisme-carcassonne.fr\/de\/vorbereiten\/die-unterkuenfte\/residenzen\/\"]}]},{\"@type\":\"ImageObject\",\"inLanguage\":\"de\",\"@id\":\"https:\/\/www.tourisme-carcassonne.fr\/de\/vorbereiten\/die-unterkuenfte\/residenzen\/#primaryimage\",\"url\":\"https:\/\/www.tourisme-carcassonne.fr\/assets\/uploads\/2022\/02\/salle-a-manger-zenitude-carcassonnenord-hd-13-scaled.jpg\",\"contentUrl\":\"https:\/\/www.tourisme-carcassonne.fr\/assets\/uploads\/2022\/02\/salle-a-manger-zenitude-carcassonnenord-hd-13-scaled.jpg\",\"width\":2048,\"height\":1365,\"caption\":\"\u00a9 Hotel Zenitude Carcassonne Nord\"},{\"@type\":\"BreadcrumbList\",\"@id\":\"https:\/\/www.tourisme-carcassonne.fr\/de\/vorbereiten\/die-unterkuenfte\/residenzen\/#breadcrumb\",\"itemListElement\":[{\"@type\":\"ListItem\",\"position\":1,\"name\":\"Accueil\",\"item\":\"https:\/\/www.tourisme-carcassonne.fr\/de\/\"},{\"@type\":\"ListItem\",\"position\":2,\"name\":\"Vorbereiten\",\"item\":\"https:\/\/www.tourisme-carcassonne.fr\/de\/vorbereiten\/\"},{\"@type\":\"ListItem\",\"position\":3,\"name\":\"Die Unterk\u00fcnfte\",\"item\":\"https:\/\/www.tourisme-carcassonne.fr\/de\/vorbereiten\/die-unterkuenfte\/\"},{\"@type\":\"ListItem\",\"position\":4,\"name\":\"Residenzen\"}]},{\"@type\":\"WebSite\",\"@id\":\"https:\/\/www.tourisme-carcassonne.fr\/de\/#website\",\"url\":\"https:\/\/www.tourisme-carcassonne.fr\/de\/\",\"name\":\"Office de tourisme de Carcassonne\",\"description\":\"\",\"publisher\":{\"@id\":\"https:\/\/www.tourisme-carcassonne.fr\/de\/#organization\"},\"potentialAction\":[{\"@type\":\"SearchAction\",\"target\":{\"@type\":\"EntryPoint\",\"urlTemplate\":\"https:\/\/www.tourisme-carcassonne.fr\/de\/?s={search_term_string}\"},\"query-input\":{\"@type\":\"PropertyValueSpecification\",\"valueRequired\":true,\"valueName\":\"search_term_string\"}}],\"inLanguage\":\"de\"},{\"@type\":\"Organization\",\"@id\":\"https:\/\/www.tourisme-carcassonne.fr\/de\/#organization\",\"name\":\"Office de tourisme de Carcassonne\",\"url\":\"https:\/\/www.tourisme-carcassonne.fr\/de\/\",\"logo\":{\"@type\":\"ImageObject\",\"inLanguage\":\"de\",\"@id\":\"https:\/\/www.tourisme-carcassonne.fr\/de\/#\/schema\/logo\/image\/\",\"url\":\"https:\/\/www.tourisme-carcassonne.fr\/assets\/uploads\/2021\/11\/logo-carcassonne.svg\",\"contentUrl\":\"https:\/\/www.tourisme-carcassonne.fr\/assets\/uploads\/2021\/11\/logo-carcassonne.svg\",\"width\":167,\"height\":49,\"caption\":\"Office de tourisme de Carcassonne\"},\"image\":{\"@id\":\"https:\/\/www.tourisme-carcassonne.fr\/de\/#\/schema\/logo\/image\/\"},\"sameAs\":[\"https:\/\/www.facebook.com\/tourismecarcassonne\/\",\"https:\/\/www.instagram.com\/tourismecarcassonne\/\"]}]}<\/script>\n<!-- \/ Yoast SEO plugin. -->","yoast_head_json":{"title":"Residenzen - Office de tourisme de Carcassonne","description":"Buchen Sie ein paar Tage in einem der Wohnheime in Carcassonne. Die Wohnheime erm\u00f6glichen Ihnen v\u00f6llige Unabh\u00e4ngigkeit, um Carcassonne frei zu erkunden.","robots":{"index":"index","follow":"follow","max-snippet":"max-snippet:-1","max-image-preview":"max-image-preview:large","max-video-preview":"max-video-preview:-1"},"canonical":"https:\/\/www.tourisme-carcassonne.fr\/de\/vorbereiten\/die-unterkuenfte\/residenzen\/","og_locale":"de_DE","og_type":"article","og_title":"Residenzen - Office de tourisme de Carcassonne","og_description":"Buchen Sie ein paar Tage in einem der Wohnheime in Carcassonne. Die Wohnheime erm\u00f6glichen Ihnen v\u00f6llige Unabh\u00e4ngigkeit, um Carcassonne frei zu erkunden.","og_url":"https:\/\/www.tourisme-carcassonne.fr\/de\/vorbereiten\/die-unterkuenfte\/residenzen\/","og_site_name":"Office de tourisme de Carcassonne","article_publisher":"https:\/\/www.facebook.com\/tourismecarcassonne\/","article_modified_time":"2022-10-28T09:00:38+00:00","og_image":[{"width":2048,"height":1365,"url":"https:\/\/www.tourisme-carcassonne.fr\/assets\/uploads\/2022\/02\/salle-a-manger-zenitude-carcassonnenord-hd-13-scaled.jpg","type":"image\/jpeg"}],"twitter_card":"summary_large_image","schema":{"@context":"https:\/\/schema.org","@graph":[{"@type":"WebPage","@id":"https:\/\/www.tourisme-carcassonne.fr\/de\/vorbereiten\/die-unterkuenfte\/residenzen\/","url":"https:\/\/www.tourisme-carcassonne.fr\/de\/vorbereiten\/die-unterkuenfte\/residenzen\/","name":"Residenzen - Office de tourisme de Carcassonne","isPartOf":{"@id":"https:\/\/www.tourisme-carcassonne.fr\/de\/#website"},"primaryImageOfPage":{"@id":"https:\/\/www.tourisme-carcassonne.fr\/de\/vorbereiten\/die-unterkuenfte\/residenzen\/#primaryimage"},"image":{"@id":"https:\/\/www.tourisme-carcassonne.fr\/de\/vorbereiten\/die-unterkuenfte\/residenzen\/#primaryimage"},"thumbnailUrl":"https:\/\/www.tourisme-carcassonne.fr\/assets\/uploads\/2022\/02\/salle-a-manger-zenitude-carcassonnenord-hd-13-scaled.jpg","datePublished":"2021-11-19T15:49:53+00:00","dateModified":"2022-10-28T09:00:38+00:00","description":"Buchen Sie ein paar Tage in einem der Wohnheime in Carcassonne. Die Wohnheime erm\u00f6glichen Ihnen v\u00f6llige Unabh\u00e4ngigkeit, um Carcassonne frei zu erkunden.","breadcrumb":{"@id":"https:\/\/www.tourisme-carcassonne.fr\/de\/vorbereiten\/die-unterkuenfte\/residenzen\/#breadcrumb"},"inLanguage":"de","potentialAction":[{"@type":"ReadAction","target":["https:\/\/www.tourisme-carcassonne.fr\/de\/vorbereiten\/die-unterkuenfte\/residenzen\/"]}]},{"@type":"ImageObject","inLanguage":"de","@id":"https:\/\/www.tourisme-carcassonne.fr\/de\/vorbereiten\/die-unterkuenfte\/residenzen\/#primaryimage","url":"https:\/\/www.tourisme-carcassonne.fr\/assets\/uploads\/2022\/02\/salle-a-manger-zenitude-carcassonnenord-hd-13-scaled.jpg","contentUrl":"https:\/\/www.tourisme-carcassonne.fr\/assets\/uploads\/2022\/02\/salle-a-manger-zenitude-carcassonnenord-hd-13-scaled.jpg","width":2048,"height":1365,"caption":"\u00a9 Hotel Zenitude Carcassonne Nord"},{"@type":"BreadcrumbList","@id":"https:\/\/www.tourisme-carcassonne.fr\/de\/vorbereiten\/die-unterkuenfte\/residenzen\/#breadcrumb","itemListElement":[{"@type":"ListItem","position":1,"name":"Accueil","item":"https:\/\/www.tourisme-carcassonne.fr\/de\/"},{"@type":"ListItem","position":2,"name":"Vorbereiten","item":"https:\/\/www.tourisme-carcassonne.fr\/de\/vorbereiten\/"},{"@type":"ListItem","position":3,"name":"Die Unterk\u00fcnfte","item":"https:\/\/www.tourisme-carcassonne.fr\/de\/vorbereiten\/die-unterkuenfte\/"},{"@type":"ListItem","position":4,"name":"Residenzen"}]},{"@type":"WebSite","@id":"https:\/\/www.tourisme-carcassonne.fr\/de\/#website","url":"https:\/\/www.tourisme-carcassonne.fr\/de\/","name":"Office de tourisme de Carcassonne","description":"","publisher":{"@id":"https:\/\/www.tourisme-carcassonne.fr\/de\/#organization"},"potentialAction":[{"@type":"SearchAction","target":{"@type":"EntryPoint","urlTemplate":"https:\/\/www.tourisme-carcassonne.fr\/de\/?s={search_term_string}"},"query-input":{"@type":"PropertyValueSpecification","valueRequired":true,"valueName":"search_term_string"}}],"inLanguage":"de"},{"@type":"Organization","@id":"https:\/\/www.tourisme-carcassonne.fr\/de\/#organization","name":"Office de tourisme de Carcassonne","url":"https:\/\/www.tourisme-carcassonne.fr\/de\/","logo":{"@type":"ImageObject","inLanguage":"de","@id":"https:\/\/www.tourisme-carcassonne.fr\/de\/#\/schema\/logo\/image\/","url":"https:\/\/www.tourisme-carcassonne.fr\/assets\/uploads\/2021\/11\/logo-carcassonne.svg","contentUrl":"https:\/\/www.tourisme-carcassonne.fr\/assets\/uploads\/2021\/11\/logo-carcassonne.svg","width":167,"height":49,"caption":"Office de tourisme de Carcassonne"},"image":{"@id":"https:\/\/www.tourisme-carcassonne.fr\/de\/#\/schema\/logo\/image\/"},"sameAs":["https:\/\/www.facebook.com\/tourismecarcassonne\/","https:\/\/www.instagram.com\/tourismecarcassonne\/"]}]}},"_links":{"self":[{"href":"https:\/\/www.tourisme-carcassonne.fr\/de\/wp-json\/wp\/v2\/pages\/13372","targetHints":{"allow":["GET"]}}],"collection":[{"href":"https:\/\/www.tourisme-carcassonne.fr\/de\/wp-json\/wp\/v2\/pages"}],"about":[{"href":"https:\/\/www.tourisme-carcassonne.fr\/de\/wp-json\/wp\/v2\/types\/page"}],"author":[{"embeddable":true,"href":"https:\/\/www.tourisme-carcassonne.fr\/de\/wp-json\/wp\/v2\/users\/3"}],"replies":[{"embeddable":true,"href":"https:\/\/www.tourisme-carcassonne.fr\/de\/wp-json\/wp\/v2\/comments?post=13372"}],"version-history":[{"count":0,"href":"https:\/\/www.tourisme-carcassonne.fr\/de\/wp-json\/wp\/v2\/pages\/13372\/revisions"}],"up":[{"embeddable":true,"href":"https:\/\/www.tourisme-carcassonne.fr\/de\/wp-json\/wp\/v2\/pages\/13387"}],"wp:featuredmedia":[{"embeddable":true,"href":"https:\/\/www.tourisme-carcassonne.fr\/de\/wp-json\/wp\/v2\/media\/11572"}],"wp:attachment":[{"href":"https:\/\/www.tourisme-carcassonne.fr\/de\/wp-json\/wp\/v2\/media?parent=13372"}],"curies":[{"name":"wp","href":"https:\/\/api.w.org\/{rel}","templated":true}]}}