{"id":13255,"date":"2022-03-31T17:34:18","date_gmt":"2022-03-31T15:34:18","guid":{"rendered":"https:\/\/www.tourisme-carcassonne.fr\/tourisme-daffaires\/autres-salles-de-reunion\/cinema-mega-cgr\/"},"modified":"2022-03-31T17:34:18","modified_gmt":"2022-03-31T15:34:18","slug":"cinema-mega-cgr","status":"publish","type":"page","link":"https:\/\/www.tourisme-carcassonne.fr\/de\/geschaeftstourismus\/andere-tagungsraeume\/cinema-mega-cgr\/","title":{"rendered":"Cin\u00e9ma M\u00e9ga CGR"},"content":{"rendered":"\t\t<div data-elementor-type=\"wp-page\" data-elementor-id=\"13255\" class=\"elementor elementor-13255 elementor-9427\" data-elementor-post-type=\"page\">\n\t\t\t\t\t\t<section class=\"elementor-section elementor-top-section elementor-element elementor-element-63401ed elementor-fs-modele-texte100 elementor-section-boxed elementor-section-height-default elementor-section-height-default\" data-id=\"63401ed\" data-element_type=\"section\" data-e-type=\"section\">\n\t\t\t\t\t\t<div class=\"elementor-container elementor-column-gap-default\">\n\t\t\t\t\t<div class=\"elementor-column elementor-col-100 elementor-top-column elementor-element elementor-element-13fd72f fs-texte\" data-id=\"13fd72f\" data-element_type=\"column\" data-e-type=\"column\">\n\t\t\t<div class=\"elementor-widget-wrap elementor-element-populated\">\n\t\t\t\t\t\t<div class=\"elementor-element elementor-element-57bbde5 elementor-widget elementor-widget-text-editor\" data-id=\"57bbde5\" data-element_type=\"widget\" data-e-type=\"widget\" data-widget_type=\"text-editor.default\">\n\t\t\t\t<div class=\"elementor-widget-container\">\n\t\t\t\t\t\t\t\t\t<h1>Zone Industrielle du Pont Rouge &#8211; 11 000 Carcassonne<\/h1><p>D\u2019acc\u00e8s facile, le cin\u00e9ma vous accueillera dans l\u2019une de ses <strong>9 salles climatis\u00e9es<\/strong>, organis\u00e9es en amphith\u00e9\u00e2tre. L\u2019immense <strong>hall<\/strong> sera mis \u00e0 votre disposition pour l\u2019accueil caf\u00e9 ou encore l\u2019organisation de votre d\u00e9jeuner si une configuration cocktail est envisag\u00e9e. <strong>500 places de parking gratuit<\/strong> vous permettront d\u2019acc\u00e9der sereinement \u00e0 nos espaces. Fort de notre exp\u00e9rience, toute notre \u00e9quipe sera enti\u00e8rement d\u00e9di\u00e9e \u00e0 votre accueil.<\/p>\t\t\t\t\t\t\t\t<\/div>\n\t\t\t\t<\/div>\n\t\t\t\t\t<\/div>\n\t\t<\/div>\n\t\t\t\t\t<\/div>\n\t\t<\/section>\n\t\t\t\t<section class=\"elementor-section elementor-top-section elementor-element elementor-element-085519d elementor-fs-modele-texte100 elementor-section-boxed elementor-section-height-default elementor-section-height-default\" data-id=\"085519d\" data-element_type=\"section\" data-e-type=\"section\">\n\t\t\t\t\t\t<div class=\"elementor-container elementor-column-gap-default\">\n\t\t\t\t\t<div class=\"elementor-column elementor-col-100 elementor-top-column elementor-element elementor-element-3e9aa33 fs-texte\" data-id=\"3e9aa33\" data-element_type=\"column\" data-e-type=\"column\">\n\t\t\t<div class=\"elementor-widget-wrap elementor-element-populated\">\n\t\t\t\t\t\t<div class=\"elementor-element elementor-element-d01f081 elementor-widget elementor-widget-text-editor\" data-id=\"d01f081\" data-element_type=\"widget\" data-e-type=\"widget\" data-widget_type=\"text-editor.default\">\n\t\t\t\t<div class=\"elementor-widget-container\">\n\t\t\t\t\t\t\t\t\t<h1>\u00a0<\/h1><h1>Les Salles de S\u00e9minaire<\/h1>\t\t\t\t\t\t\t\t<\/div>\n\t\t\t\t<\/div>\n\t\t\t\t\t<\/div>\n\t\t<\/div>\n\t\t\t\t\t<\/div>\n\t\t<\/section>\n\t\t\t\t<section class=\"elementor-section elementor-top-section elementor-element elementor-element-3a0c397 elementor-fs-modele-photo100 elementor-section-boxed elementor-section-height-default elementor-section-height-default\" data-id=\"3a0c397\" data-element_type=\"section\" data-e-type=\"section\">\n\t\t\t\t\t\t<div class=\"elementor-container elementor-column-gap-default\">\n\t\t\t\t\t<div class=\"elementor-column elementor-col-100 elementor-top-column elementor-element elementor-element-4268bfe fs-photo\" data-id=\"4268bfe\" data-element_type=\"column\" data-e-type=\"column\">\n\t\t\t<div class=\"elementor-widget-wrap elementor-element-populated\">\n\t\t\t\t\t\t<div class=\"elementor-element elementor-element-cf5bb97 elementor-widget elementor-widget-image\" data-id=\"cf5bb97\" data-element_type=\"widget\" data-e-type=\"widget\" data-widget_type=\"image.default\">\n\t\t\t\t<div class=\"elementor-widget-container\">\n\t\t\t\t\t\t\t\t\t\t\t\t<figure class=\"wp-caption\">\n\t\t\t\t\t\t\t\t\t\t\t<a href=\"https:\/\/www.tourisme-carcassonne.fr\/assets\/uploads\/2022\/04\/salles-tourisme-daffaires-mega-cgr.jpg\" data-elementor-open-lightbox=\"yes\" data-elementor-lightbox-title=\"Salles Tourisme d&#039;affaires mega cgr\" data-e-action-hash=\"#elementor-action%3Aaction%3Dlightbox%26settings%3DeyJpZCI6MTE5OTIsInVybCI6Imh0dHBzOlwvXC93d3cudG91cmlzbWUtY2FyY2Fzc29ubmUuZnJcL2Fzc2V0c1wvdXBsb2Fkc1wvMjAyMlwvMDRcL3NhbGxlcy10b3VyaXNtZS1kYWZmYWlyZXMtbWVnYS1jZ3IuanBnIn0%3D\">\n\t\t\t\t\t\t\t<img fetchpriority=\"high\" decoding=\"async\" width=\"1170\" height=\"776\" src=\"https:\/\/www.tourisme-carcassonne.fr\/assets\/uploads\/2022\/04\/salles-tourisme-daffaires-mega-cgr-1170x776.jpg\" class=\"attachment-large size-large wp-image-11992\" alt=\"\" srcset=\"https:\/\/www.tourisme-carcassonne.fr\/assets\/uploads\/2022\/04\/salles-tourisme-daffaires-mega-cgr-1170x776.jpg 1170w, https:\/\/www.tourisme-carcassonne.fr\/assets\/uploads\/2022\/04\/salles-tourisme-daffaires-mega-cgr-570x378.jpg 570w, https:\/\/www.tourisme-carcassonne.fr\/assets\/uploads\/2022\/04\/salles-tourisme-daffaires-mega-cgr-370x246.jpg 370w, https:\/\/www.tourisme-carcassonne.fr\/assets\/uploads\/2022\/04\/salles-tourisme-daffaires-mega-cgr-768x510.jpg 768w, https:\/\/www.tourisme-carcassonne.fr\/assets\/uploads\/2022\/04\/salles-tourisme-daffaires-mega-cgr-1536x1019.jpg 1536w, https:\/\/www.tourisme-carcassonne.fr\/assets\/uploads\/2022\/04\/salles-tourisme-daffaires-mega-cgr.jpg 2048w\" sizes=\"(max-width: 1170px) 100vw, 1170px\" \/>\t\t\t\t\t\t\t\t<\/a>\n\t\t\t\t\t\t\t\t\t\t\t<figcaption class=\"widget-image-caption wp-caption-text\"><\/figcaption>\n\t\t\t\t\t\t\t\t\t\t<\/figure>\n\t\t\t\t\t\t\t\t\t<\/div>\n\t\t\t\t<\/div>\n\t\t\t\t\t<\/div>\n\t\t<\/div>\n\t\t\t\t\t<\/div>\n\t\t<\/section>\n\t\t\t\t<section class=\"elementor-section elementor-top-section elementor-element elementor-element-05a5586 elementor-fs-modele-texte100 elementor-section-boxed elementor-section-height-default elementor-section-height-default\" data-id=\"05a5586\" data-element_type=\"section\" data-e-type=\"section\">\n\t\t\t\t\t\t<div class=\"elementor-container elementor-column-gap-default\">\n\t\t\t\t\t<div class=\"elementor-column elementor-col-100 elementor-top-column elementor-element elementor-element-b63b7c9 fs-texte\" data-id=\"b63b7c9\" data-element_type=\"column\" data-e-type=\"column\">\n\t\t\t<div class=\"elementor-widget-wrap elementor-element-populated\">\n\t\t\t\t\t\t<div class=\"elementor-element elementor-element-ea7ccac elementor-widget elementor-widget-text-editor\" data-id=\"ea7ccac\" data-element_type=\"widget\" data-e-type=\"widget\" data-widget_type=\"text-editor.default\">\n\t\t\t\t<div class=\"elementor-widget-container\">\n\t\t\t\t\t\t\t\t\t<p>\u00a0Le forfait journ\u00e9e d\u2019\u00e9tude inclut la mise \u00e0 disposition de 3 micros HF sans fil, la projection sur \u00e9cran avec notre PC ou le v\u00f4tre, un pupitre, tables, chaises, fauteuils et paperboard. L\u2019accueil caf\u00e9 peut-\u00eatre organis\u00e9 dans le hall du cin\u00e9ma. Un espace de restauration priv\u00e9 accueillant jusqu&#8217;\u00e0 <strong>300 personnes<\/strong> en cocktail et <strong>250 en tables<\/strong> rectangulaires. <\/p>\t\t\t\t\t\t\t\t<\/div>\n\t\t\t\t<\/div>\n\t\t\t\t\t<\/div>\n\t\t<\/div>\n\t\t\t\t\t<\/div>\n\t\t<\/section>\n\t\t\t\t<section class=\"elementor-section elementor-top-section elementor-element elementor-element-4e886ba elementor-fs-modele-photo50-texte50 elementor-section-boxed elementor-section-height-default elementor-section-height-default\" data-id=\"4e886ba\" data-element_type=\"section\" data-e-type=\"section\">\n\t\t\t\t\t\t<div class=\"elementor-container elementor-column-gap-no\">\n\t\t\t\t\t<div class=\"elementor-column elementor-col-50 elementor-top-column elementor-element elementor-element-a5564ba fs-photo\" data-id=\"a5564ba\" data-element_type=\"column\" data-e-type=\"column\">\n\t\t\t<div class=\"elementor-widget-wrap elementor-element-populated\">\n\t\t\t\t\t\t<div class=\"elementor-element elementor-element-4504655 elementor-widget elementor-widget-image\" data-id=\"4504655\" data-element_type=\"widget\" data-e-type=\"widget\" data-widget_type=\"image.default\">\n\t\t\t\t<div class=\"elementor-widget-container\">\n\t\t\t\t\t\t\t\t\t\t\t\t<figure class=\"wp-caption\">\n\t\t\t\t\t\t\t\t\t\t<img decoding=\"async\" width=\"1170\" height=\"780\" src=\"https:\/\/www.tourisme-carcassonne.fr\/assets\/uploads\/2022\/03\/krists-luhaers-atpwnyndjnm-unsplash-1170x780.jpg\" class=\"attachment-large size-large wp-image-11913\" alt=\"\" srcset=\"https:\/\/www.tourisme-carcassonne.fr\/assets\/uploads\/2022\/03\/krists-luhaers-atpwnyndjnm-unsplash-1170x780.jpg 1170w, https:\/\/www.tourisme-carcassonne.fr\/assets\/uploads\/2022\/03\/krists-luhaers-atpwnyndjnm-unsplash-570x380.jpg 570w, https:\/\/www.tourisme-carcassonne.fr\/assets\/uploads\/2022\/03\/krists-luhaers-atpwnyndjnm-unsplash-370x247.jpg 370w, https:\/\/www.tourisme-carcassonne.fr\/assets\/uploads\/2022\/03\/krists-luhaers-atpwnyndjnm-unsplash-768x512.jpg 768w, https:\/\/www.tourisme-carcassonne.fr\/assets\/uploads\/2022\/03\/krists-luhaers-atpwnyndjnm-unsplash-1536x1024.jpg 1536w, https:\/\/www.tourisme-carcassonne.fr\/assets\/uploads\/2022\/03\/krists-luhaers-atpwnyndjnm-unsplash-scaled.jpg 2048w\" sizes=\"(max-width: 1170px) 100vw, 1170px\" \/>\t\t\t\t\t\t\t\t\t\t\t<figcaption class=\"widget-image-caption wp-caption-text\">\u00a9 krists luhaers<\/figcaption>\n\t\t\t\t\t\t\t\t\t\t<\/figure>\n\t\t\t\t\t\t\t\t\t<\/div>\n\t\t\t\t<\/div>\n\t\t\t\t\t<\/div>\n\t\t<\/div>\n\t\t\t\t<div class=\"elementor-column elementor-col-50 elementor-top-column elementor-element elementor-element-d0d8fa6 fs-texte\" data-id=\"d0d8fa6\" data-element_type=\"column\" data-e-type=\"column\">\n\t\t\t<div class=\"elementor-widget-wrap elementor-element-populated\">\n\t\t\t\t\t\t<div class=\"elementor-element elementor-element-43af1d7 elementor-widget elementor-widget-text-editor\" data-id=\"43af1d7\" data-element_type=\"widget\" data-e-type=\"widget\" data-widget_type=\"text-editor.default\">\n\t\t\t\t<div class=\"elementor-widget-container\">\n\t\t\t\t\t\t\t\t\t<h2>De nombreux atouts<\/h2><ol><li>9 salles de 95 \u00e0 456 places<\/li><li>Restaurants accol\u00e9s au site<\/li><li>Cocktail avec service traiteur jusqu\u2019\u00e0 300 personnes et jusqu\u2019\u00e0 250 assis<\/li><li>Parking de 500 places<\/li><\/ol>\t\t\t\t\t\t\t\t<\/div>\n\t\t\t\t<\/div>\n\t\t\t\t\t<\/div>\n\t\t<\/div>\n\t\t\t\t\t<\/div>\n\t\t<\/section>\n\t\t\t\t<section class=\"elementor-section elementor-top-section elementor-element elementor-element-a3817d2 elementor-fs-modele-texte50-photo50 elementor-section-boxed elementor-section-height-default elementor-section-height-default\" data-id=\"a3817d2\" data-element_type=\"section\" data-e-type=\"section\">\n\t\t\t\t\t\t<div class=\"elementor-container elementor-column-gap-no\">\n\t\t\t\t\t<div class=\"elementor-column elementor-col-50 elementor-top-column elementor-element elementor-element-95138cb fs-texte\" data-id=\"95138cb\" data-element_type=\"column\" data-e-type=\"column\">\n\t\t\t<div class=\"elementor-widget-wrap elementor-element-populated\">\n\t\t\t\t\t\t<div class=\"elementor-element elementor-element-849bcc5 elementor-widget elementor-widget-text-editor\" data-id=\"849bcc5\" data-element_type=\"widget\" data-e-type=\"widget\" data-widget_type=\"text-editor.default\">\n\t\t\t\t<div class=\"elementor-widget-container\">\n\t\t\t\t\t\t\t\t\t<h2>Les distances<\/h2><p class=\"rtecenter\">Le Cin\u00e9ma &#8211; Gare SNCF : 5 km<\/p><p class=\"rtecenter\">Le Cin\u00e9ma \u2013 A\u00e9roport de Carcassonne : 10 km<\/p><p class=\"rtecenter\">Le Cin\u00e9ma \u2013 Autoroute Sortie Est (depuis Narbonne) : 4 km<\/p><p class=\"rtecenter\">Cin\u00e9ma &#8211; Autoroute Sortie Ouest (depuis Toulouse) : 12 km<\/p>\t\t\t\t\t\t\t\t<\/div>\n\t\t\t\t<\/div>\n\t\t\t\t\t<\/div>\n\t\t<\/div>\n\t\t\t\t<div class=\"elementor-column elementor-col-50 elementor-top-column elementor-element elementor-element-8c128de fs-photo\" data-id=\"8c128de\" data-element_type=\"column\" data-e-type=\"column\">\n\t\t\t<div class=\"elementor-widget-wrap elementor-element-populated\">\n\t\t\t\t\t\t<div class=\"elementor-element elementor-element-b5425d1 elementor-widget elementor-widget-image\" data-id=\"b5425d1\" data-element_type=\"widget\" data-e-type=\"widget\" data-widget_type=\"image.default\">\n\t\t\t\t<div class=\"elementor-widget-container\">\n\t\t\t\t\t\t\t\t\t\t\t\t<figure class=\"wp-caption\">\n\t\t\t\t\t\t\t\t\t\t\t<a href=\"https:\/\/www.tourisme-carcassonne.fr\/assets\/uploads\/2022\/04\/cgr-carcassonne-2.jpg\" data-elementor-open-lightbox=\"yes\" data-elementor-lightbox-title=\"cgr carcassonne 2\" data-e-action-hash=\"#elementor-action%3Aaction%3Dlightbox%26settings%3DeyJpZCI6MTE5ODYsInVybCI6Imh0dHBzOlwvXC93d3cudG91cmlzbWUtY2FyY2Fzc29ubmUuZnJcL2Fzc2V0c1wvdXBsb2Fkc1wvMjAyMlwvMDRcL2Nnci1jYXJjYXNzb25uZS0yLmpwZyJ9\">\n\t\t\t\t\t\t\t<img decoding=\"async\" width=\"570\" height=\"428\" src=\"https:\/\/www.tourisme-carcassonne.fr\/assets\/uploads\/2022\/04\/cgr-carcassonne-2-570x428.jpg\" class=\"attachment-medium size-medium wp-image-11986\" alt=\"\" srcset=\"https:\/\/www.tourisme-carcassonne.fr\/assets\/uploads\/2022\/04\/cgr-carcassonne-2-570x428.jpg 570w, https:\/\/www.tourisme-carcassonne.fr\/assets\/uploads\/2022\/04\/cgr-carcassonne-2-370x278.jpg 370w, https:\/\/www.tourisme-carcassonne.fr\/assets\/uploads\/2022\/04\/cgr-carcassonne-2.jpg 600w\" sizes=\"(max-width: 570px) 100vw, 570px\" \/>\t\t\t\t\t\t\t\t<\/a>\n\t\t\t\t\t\t\t\t\t\t\t<figcaption class=\"widget-image-caption wp-caption-text\"><\/figcaption>\n\t\t\t\t\t\t\t\t\t\t<\/figure>\n\t\t\t\t\t\t\t\t\t<\/div>\n\t\t\t\t<\/div>\n\t\t\t\t\t<\/div>\n\t\t<\/div>\n\t\t\t\t\t<\/div>\n\t\t<\/section>\n\t\t\t\t<\/div>\n\t\t","protected":false},"excerpt":{"rendered":"<p>Zone Industrielle du Pont Rouge &#8211; 11 000 Carcassonne D\u2019acc\u00e8s facile, le cin\u00e9ma vous accueillera dans l\u2019une de ses 9 salles climatis\u00e9es, organis\u00e9es en amphith\u00e9\u00e2tre. L\u2019immense hall sera mis \u00e0 votre disposition pour l\u2019accueil caf\u00e9 ou encore l\u2019organisation de votre d\u00e9jeuner si une configuration cocktail est envisag\u00e9e. 500 places de parking gratuit vous permettront d\u2019acc\u00e9der [&hellip;]<\/p>\n","protected":false},"author":3,"featured_media":11913,"parent":13249,"menu_order":1,"comment_status":"closed","ping_status":"closed","template":"templates\/edito.php","meta":{"_acf_changed":false,"footnotes":""},"class_list":["post-13255","page","type-page","status-publish","has-post-thumbnail","hentry"],"acf":[],"yoast_head":"<!-- This site is optimized with the Yoast SEO plugin v27.1.1 - https:\/\/yoast.com\/product\/yoast-seo-wordpress\/ -->\n<title>Cin\u00e9ma M\u00e9ga CGR - Office de tourisme de Carcassonne<\/title>\n<meta name=\"robots\" content=\"index, follow, max-snippet:-1, max-image-preview:large, max-video-preview:-1\" \/>\n<link rel=\"canonical\" href=\"https:\/\/www.tourisme-carcassonne.fr\/de\/geschaeftstourismus\/andere-tagungsraeume\/cinema-mega-cgr\/\" \/>\n<meta property=\"og:locale\" content=\"de_DE\" \/>\n<meta property=\"og:type\" content=\"article\" \/>\n<meta property=\"og:title\" content=\"Cin\u00e9ma M\u00e9ga CGR - Office de tourisme de Carcassonne\" \/>\n<meta property=\"og:description\" content=\"Zone Industrielle du Pont Rouge &#8211; 11 000 Carcassonne D\u2019acc\u00e8s facile, le cin\u00e9ma vous accueillera dans l\u2019une de ses 9 salles climatis\u00e9es, organis\u00e9es en amphith\u00e9\u00e2tre. L\u2019immense hall sera mis \u00e0 votre disposition pour l\u2019accueil caf\u00e9 ou encore l\u2019organisation de votre d\u00e9jeuner si une configuration cocktail est envisag\u00e9e. 500 places de parking gratuit vous permettront d\u2019acc\u00e9der [&hellip;]\" \/>\n<meta property=\"og:url\" content=\"https:\/\/www.tourisme-carcassonne.fr\/de\/geschaeftstourismus\/andere-tagungsraeume\/cinema-mega-cgr\/\" \/>\n<meta property=\"og:site_name\" content=\"Office de tourisme de Carcassonne\" \/>\n<meta property=\"article:publisher\" content=\"https:\/\/www.facebook.com\/tourismecarcassonne\/\" \/>\n<meta property=\"og:image\" content=\"http:\/\/www.tourisme-carcassonne.fr\/assets\/uploads\/2022\/04\/salles-tourisme-daffaires-mega-cgr-1170x776.jpg\" \/>\n<meta name=\"twitter:card\" content=\"summary_large_image\" \/>\n<meta name=\"twitter:label1\" content=\"Gesch\u00e4tzte Lesezeit\" \/>\n\t<meta name=\"twitter:data1\" content=\"1\u00a0Minute\" \/>\n<script type=\"application\/ld+json\" class=\"yoast-schema-graph\">{\"@context\":\"https:\/\/schema.org\",\"@graph\":[{\"@type\":\"WebPage\",\"@id\":\"https:\/\/www.tourisme-carcassonne.fr\/de\/geschaeftstourismus\/andere-tagungsraeume\/cinema-mega-cgr\/\",\"url\":\"https:\/\/www.tourisme-carcassonne.fr\/de\/geschaeftstourismus\/andere-tagungsraeume\/cinema-mega-cgr\/\",\"name\":\"Cin\u00e9ma M\u00e9ga CGR - Office de tourisme de Carcassonne\",\"isPartOf\":{\"@id\":\"https:\/\/www.tourisme-carcassonne.fr\/de\/#website\"},\"primaryImageOfPage\":{\"@id\":\"https:\/\/www.tourisme-carcassonne.fr\/de\/geschaeftstourismus\/andere-tagungsraeume\/cinema-mega-cgr\/#primaryimage\"},\"image\":{\"@id\":\"https:\/\/www.tourisme-carcassonne.fr\/de\/geschaeftstourismus\/andere-tagungsraeume\/cinema-mega-cgr\/#primaryimage\"},\"thumbnailUrl\":\"https:\/\/www.tourisme-carcassonne.fr\/assets\/uploads\/2022\/03\/krists-luhaers-atpwnyndjnm-unsplash-scaled.jpg\",\"datePublished\":\"2022-03-31T15:34:18+00:00\",\"breadcrumb\":{\"@id\":\"https:\/\/www.tourisme-carcassonne.fr\/de\/geschaeftstourismus\/andere-tagungsraeume\/cinema-mega-cgr\/#breadcrumb\"},\"inLanguage\":\"de\",\"potentialAction\":[{\"@type\":\"ReadAction\",\"target\":[\"https:\/\/www.tourisme-carcassonne.fr\/de\/geschaeftstourismus\/andere-tagungsraeume\/cinema-mega-cgr\/\"]}]},{\"@type\":\"ImageObject\",\"inLanguage\":\"de\",\"@id\":\"https:\/\/www.tourisme-carcassonne.fr\/de\/geschaeftstourismus\/andere-tagungsraeume\/cinema-mega-cgr\/#primaryimage\",\"url\":\"https:\/\/www.tourisme-carcassonne.fr\/assets\/uploads\/2022\/03\/krists-luhaers-atpwnyndjnm-unsplash-scaled.jpg\",\"contentUrl\":\"https:\/\/www.tourisme-carcassonne.fr\/assets\/uploads\/2022\/03\/krists-luhaers-atpwnyndjnm-unsplash-scaled.jpg\",\"width\":2048,\"height\":1365,\"caption\":\"\u00a9 krists luhaers\"},{\"@type\":\"BreadcrumbList\",\"@id\":\"https:\/\/www.tourisme-carcassonne.fr\/de\/geschaeftstourismus\/andere-tagungsraeume\/cinema-mega-cgr\/#breadcrumb\",\"itemListElement\":[{\"@type\":\"ListItem\",\"position\":1,\"name\":\"Accueil\",\"item\":\"https:\/\/www.tourisme-carcassonne.fr\/de\/\"},{\"@type\":\"ListItem\",\"position\":2,\"name\":\"Gesch\u00e4ftstourismus\",\"item\":\"https:\/\/www.tourisme-carcassonne.fr\/de\/groupes-affaires\/\"},{\"@type\":\"ListItem\",\"position\":3,\"name\":\"Andere Tagungsr\u00e4ume\",\"item\":\"https:\/\/www.tourisme-carcassonne.fr\/de\/groupes-affaires\/autres-salles-de-reunion\/\"},{\"@type\":\"ListItem\",\"position\":4,\"name\":\"Cin\u00e9ma M\u00e9ga CGR\"}]},{\"@type\":\"WebSite\",\"@id\":\"https:\/\/www.tourisme-carcassonne.fr\/de\/#website\",\"url\":\"https:\/\/www.tourisme-carcassonne.fr\/de\/\",\"name\":\"Office de tourisme de Carcassonne\",\"description\":\"\",\"publisher\":{\"@id\":\"https:\/\/www.tourisme-carcassonne.fr\/de\/#organization\"},\"potentialAction\":[{\"@type\":\"SearchAction\",\"target\":{\"@type\":\"EntryPoint\",\"urlTemplate\":\"https:\/\/www.tourisme-carcassonne.fr\/de\/?s={search_term_string}\"},\"query-input\":{\"@type\":\"PropertyValueSpecification\",\"valueRequired\":true,\"valueName\":\"search_term_string\"}}],\"inLanguage\":\"de\"},{\"@type\":\"Organization\",\"@id\":\"https:\/\/www.tourisme-carcassonne.fr\/de\/#organization\",\"name\":\"Office de tourisme de Carcassonne\",\"url\":\"https:\/\/www.tourisme-carcassonne.fr\/de\/\",\"logo\":{\"@type\":\"ImageObject\",\"inLanguage\":\"de\",\"@id\":\"https:\/\/www.tourisme-carcassonne.fr\/de\/#\/schema\/logo\/image\/\",\"url\":\"https:\/\/www.tourisme-carcassonne.fr\/assets\/uploads\/2021\/11\/logo-carcassonne.svg\",\"contentUrl\":\"https:\/\/www.tourisme-carcassonne.fr\/assets\/uploads\/2021\/11\/logo-carcassonne.svg\",\"width\":167,\"height\":49,\"caption\":\"Office de tourisme de Carcassonne\"},\"image\":{\"@id\":\"https:\/\/www.tourisme-carcassonne.fr\/de\/#\/schema\/logo\/image\/\"},\"sameAs\":[\"https:\/\/www.facebook.com\/tourismecarcassonne\/\",\"https:\/\/www.instagram.com\/tourismecarcassonne\/\"]}]}<\/script>\n<!-- \/ Yoast SEO plugin. -->","yoast_head_json":{"title":"Cin\u00e9ma M\u00e9ga CGR - Office de tourisme de Carcassonne","robots":{"index":"index","follow":"follow","max-snippet":"max-snippet:-1","max-image-preview":"max-image-preview:large","max-video-preview":"max-video-preview:-1"},"canonical":"https:\/\/www.tourisme-carcassonne.fr\/de\/geschaeftstourismus\/andere-tagungsraeume\/cinema-mega-cgr\/","og_locale":"de_DE","og_type":"article","og_title":"Cin\u00e9ma M\u00e9ga CGR - Office de tourisme de Carcassonne","og_description":"Zone Industrielle du Pont Rouge &#8211; 11 000 Carcassonne D\u2019acc\u00e8s facile, le cin\u00e9ma vous accueillera dans l\u2019une de ses 9 salles climatis\u00e9es, organis\u00e9es en amphith\u00e9\u00e2tre. L\u2019immense hall sera mis \u00e0 votre disposition pour l\u2019accueil caf\u00e9 ou encore l\u2019organisation de votre d\u00e9jeuner si une configuration cocktail est envisag\u00e9e. 500 places de parking gratuit vous permettront d\u2019acc\u00e9der [&hellip;]","og_url":"https:\/\/www.tourisme-carcassonne.fr\/de\/geschaeftstourismus\/andere-tagungsraeume\/cinema-mega-cgr\/","og_site_name":"Office de tourisme de Carcassonne","article_publisher":"https:\/\/www.facebook.com\/tourismecarcassonne\/","og_image":[{"url":"http:\/\/www.tourisme-carcassonne.fr\/assets\/uploads\/2022\/04\/salles-tourisme-daffaires-mega-cgr-1170x776.jpg","type":"","width":"","height":""}],"twitter_card":"summary_large_image","twitter_misc":{"Gesch\u00e4tzte Lesezeit":"1\u00a0Minute"},"schema":{"@context":"https:\/\/schema.org","@graph":[{"@type":"WebPage","@id":"https:\/\/www.tourisme-carcassonne.fr\/de\/geschaeftstourismus\/andere-tagungsraeume\/cinema-mega-cgr\/","url":"https:\/\/www.tourisme-carcassonne.fr\/de\/geschaeftstourismus\/andere-tagungsraeume\/cinema-mega-cgr\/","name":"Cin\u00e9ma M\u00e9ga CGR - Office de tourisme de Carcassonne","isPartOf":{"@id":"https:\/\/www.tourisme-carcassonne.fr\/de\/#website"},"primaryImageOfPage":{"@id":"https:\/\/www.tourisme-carcassonne.fr\/de\/geschaeftstourismus\/andere-tagungsraeume\/cinema-mega-cgr\/#primaryimage"},"image":{"@id":"https:\/\/www.tourisme-carcassonne.fr\/de\/geschaeftstourismus\/andere-tagungsraeume\/cinema-mega-cgr\/#primaryimage"},"thumbnailUrl":"https:\/\/www.tourisme-carcassonne.fr\/assets\/uploads\/2022\/03\/krists-luhaers-atpwnyndjnm-unsplash-scaled.jpg","datePublished":"2022-03-31T15:34:18+00:00","breadcrumb":{"@id":"https:\/\/www.tourisme-carcassonne.fr\/de\/geschaeftstourismus\/andere-tagungsraeume\/cinema-mega-cgr\/#breadcrumb"},"inLanguage":"de","potentialAction":[{"@type":"ReadAction","target":["https:\/\/www.tourisme-carcassonne.fr\/de\/geschaeftstourismus\/andere-tagungsraeume\/cinema-mega-cgr\/"]}]},{"@type":"ImageObject","inLanguage":"de","@id":"https:\/\/www.tourisme-carcassonne.fr\/de\/geschaeftstourismus\/andere-tagungsraeume\/cinema-mega-cgr\/#primaryimage","url":"https:\/\/www.tourisme-carcassonne.fr\/assets\/uploads\/2022\/03\/krists-luhaers-atpwnyndjnm-unsplash-scaled.jpg","contentUrl":"https:\/\/www.tourisme-carcassonne.fr\/assets\/uploads\/2022\/03\/krists-luhaers-atpwnyndjnm-unsplash-scaled.jpg","width":2048,"height":1365,"caption":"\u00a9 krists luhaers"},{"@type":"BreadcrumbList","@id":"https:\/\/www.tourisme-carcassonne.fr\/de\/geschaeftstourismus\/andere-tagungsraeume\/cinema-mega-cgr\/#breadcrumb","itemListElement":[{"@type":"ListItem","position":1,"name":"Accueil","item":"https:\/\/www.tourisme-carcassonne.fr\/de\/"},{"@type":"ListItem","position":2,"name":"Gesch\u00e4ftstourismus","item":"https:\/\/www.tourisme-carcassonne.fr\/de\/groupes-affaires\/"},{"@type":"ListItem","position":3,"name":"Andere Tagungsr\u00e4ume","item":"https:\/\/www.tourisme-carcassonne.fr\/de\/groupes-affaires\/autres-salles-de-reunion\/"},{"@type":"ListItem","position":4,"name":"Cin\u00e9ma M\u00e9ga CGR"}]},{"@type":"WebSite","@id":"https:\/\/www.tourisme-carcassonne.fr\/de\/#website","url":"https:\/\/www.tourisme-carcassonne.fr\/de\/","name":"Office de tourisme de Carcassonne","description":"","publisher":{"@id":"https:\/\/www.tourisme-carcassonne.fr\/de\/#organization"},"potentialAction":[{"@type":"SearchAction","target":{"@type":"EntryPoint","urlTemplate":"https:\/\/www.tourisme-carcassonne.fr\/de\/?s={search_term_string}"},"query-input":{"@type":"PropertyValueSpecification","valueRequired":true,"valueName":"search_term_string"}}],"inLanguage":"de"},{"@type":"Organization","@id":"https:\/\/www.tourisme-carcassonne.fr\/de\/#organization","name":"Office de tourisme de Carcassonne","url":"https:\/\/www.tourisme-carcassonne.fr\/de\/","logo":{"@type":"ImageObject","inLanguage":"de","@id":"https:\/\/www.tourisme-carcassonne.fr\/de\/#\/schema\/logo\/image\/","url":"https:\/\/www.tourisme-carcassonne.fr\/assets\/uploads\/2021\/11\/logo-carcassonne.svg","contentUrl":"https:\/\/www.tourisme-carcassonne.fr\/assets\/uploads\/2021\/11\/logo-carcassonne.svg","width":167,"height":49,"caption":"Office de tourisme de Carcassonne"},"image":{"@id":"https:\/\/www.tourisme-carcassonne.fr\/de\/#\/schema\/logo\/image\/"},"sameAs":["https:\/\/www.facebook.com\/tourismecarcassonne\/","https:\/\/www.instagram.com\/tourismecarcassonne\/"]}]}},"_links":{"self":[{"href":"https:\/\/www.tourisme-carcassonne.fr\/de\/wp-json\/wp\/v2\/pages\/13255","targetHints":{"allow":["GET"]}}],"collection":[{"href":"https:\/\/www.tourisme-carcassonne.fr\/de\/wp-json\/wp\/v2\/pages"}],"about":[{"href":"https:\/\/www.tourisme-carcassonne.fr\/de\/wp-json\/wp\/v2\/types\/page"}],"author":[{"embeddable":true,"href":"https:\/\/www.tourisme-carcassonne.fr\/de\/wp-json\/wp\/v2\/users\/3"}],"replies":[{"embeddable":true,"href":"https:\/\/www.tourisme-carcassonne.fr\/de\/wp-json\/wp\/v2\/comments?post=13255"}],"version-history":[{"count":0,"href":"https:\/\/www.tourisme-carcassonne.fr\/de\/wp-json\/wp\/v2\/pages\/13255\/revisions"}],"up":[{"embeddable":true,"href":"https:\/\/www.tourisme-carcassonne.fr\/de\/wp-json\/wp\/v2\/pages\/13249"}],"wp:featuredmedia":[{"embeddable":true,"href":"https:\/\/www.tourisme-carcassonne.fr\/de\/wp-json\/wp\/v2\/media\/11913"}],"wp:attachment":[{"href":"https:\/\/www.tourisme-carcassonne.fr\/de\/wp-json\/wp\/v2\/media?parent=13255"}],"curies":[{"name":"wp","href":"https:\/\/api.w.org\/{rel}","templated":true}]}}