{"id":13180,"date":"2022-04-04T12:29:27","date_gmt":"2022-04-04T10:29:27","guid":{"rendered":"https:\/\/www.tourisme-carcassonne.fr\/toutes-les-experiences\/un-week-end-en-amoureux\/"},"modified":"2022-11-16T15:32:42","modified_gmt":"2022-11-16T14:32:42","slug":"ein-wochenende-fuer-verliebte","status":"publish","type":"page","link":"https:\/\/www.tourisme-carcassonne.fr\/de\/alle-erfahrungen\/ein-wochenende-fuer-verliebte\/","title":{"rendered":"Ein Wochenende f\u00fcr Verliebte"},"content":{"rendered":"\t\t<div data-elementor-type=\"wp-page\" data-elementor-id=\"13180\" class=\"elementor elementor-13180 elementor-9491\" data-elementor-post-type=\"page\">\n\t\t\t\t\t\t<section class=\"elementor-section elementor-top-section elementor-element elementor-element-27cf94eb elementor-fs-modele-texte100 elementor-section-boxed elementor-section-height-default elementor-section-height-default\" data-id=\"27cf94eb\" data-element_type=\"section\" data-e-type=\"section\">\n\t\t\t\t\t\t<div class=\"elementor-container elementor-column-gap-default\">\n\t\t\t\t\t<div class=\"elementor-column elementor-col-100 elementor-top-column elementor-element elementor-element-1655cdf9 fs-texte\" data-id=\"1655cdf9\" data-element_type=\"column\" data-e-type=\"column\">\n\t\t\t<div class=\"elementor-widget-wrap elementor-element-populated\">\n\t\t\t\t\t\t<div class=\"elementor-element elementor-element-18093068 elementor-widget elementor-widget-text-editor\" data-id=\"18093068\" data-element_type=\"widget\" data-e-type=\"widget\" data-widget_type=\"text-editor.default\">\n\t\t\t\t<div class=\"elementor-widget-container\">\n\t\t\t\t\t\t\t\t\t<h1>In die Mittelalterliche Stadt sagte sie &#8222;Ja&#8220; zu mir!<\/h1><p>Meine Freundin und ich verbrachten ein unvergessliches Wochenende in Carcassonne. Ich hatte uns ein tolles Hotel **** mit Terrasse und Blick auf die Cit\u00e9 gebucht. Superklasse und Personal, das sich um uns k\u00fcmmerte. Das war das Beste. Vor Ort schlug uns der Barkeeper vor, den Blanquette de Limoux zu probieren (Champagner ist Emilies Lieblingsgetr\u00e4nk). Wir erfuhren nicht nur, dass Blanquette vor dem Champagner erfunden worden war, sondern auch, dass es wirklich k\u00f6stlich war.<\/p>\t\t\t\t\t\t\t\t<\/div>\n\t\t\t\t<\/div>\n\t\t\t\t\t<\/div>\n\t\t<\/div>\n\t\t\t\t\t<\/div>\n\t\t<\/section>\n\t\t\t\t<section class=\"elementor-section elementor-top-section elementor-element elementor-element-54f94dca elementor-fs-modele-photo33-texte66 elementor-section-boxed elementor-section-height-default elementor-section-height-default\" data-id=\"54f94dca\" data-element_type=\"section\" data-e-type=\"section\">\n\t\t\t\t\t\t<div class=\"elementor-container elementor-column-gap-no\">\n\t\t\t\t\t<div class=\"elementor-column elementor-col-50 elementor-top-column elementor-element elementor-element-7fd5a421 fs-photo\" data-id=\"7fd5a421\" data-element_type=\"column\" data-e-type=\"column\">\n\t\t\t<div class=\"elementor-widget-wrap elementor-element-populated\">\n\t\t\t\t\t\t<div class=\"elementor-element elementor-element-5a0b24f1 elementor-widget elementor-widget-image\" data-id=\"5a0b24f1\" data-element_type=\"widget\" data-e-type=\"widget\" data-widget_type=\"image.default\">\n\t\t\t\t<div class=\"elementor-widget-container\">\n\t\t\t\t\t\t\t\t\t\t\t\t<figure class=\"wp-caption\">\n\t\t\t\t\t\t\t\t\t\t<img fetchpriority=\"high\" decoding=\"async\" width=\"1170\" height=\"1610\" src=\"https:\/\/www.tourisme-carcassonne.fr\/assets\/uploads\/2022\/04\/couple-4-1170x1610.jpg\" class=\"attachment-large size-large wp-image-11938\" alt=\"\" srcset=\"https:\/\/www.tourisme-carcassonne.fr\/assets\/uploads\/2022\/04\/couple-4-1170x1610.jpg 1170w, https:\/\/www.tourisme-carcassonne.fr\/assets\/uploads\/2022\/04\/couple-4-570x784.jpg 570w, https:\/\/www.tourisme-carcassonne.fr\/assets\/uploads\/2022\/04\/couple-4-370x509.jpg 370w, https:\/\/www.tourisme-carcassonne.fr\/assets\/uploads\/2022\/04\/couple-4-768x1057.jpg 768w, https:\/\/www.tourisme-carcassonne.fr\/assets\/uploads\/2022\/04\/couple-4-1116x1536.jpg 1116w, https:\/\/www.tourisme-carcassonne.fr\/assets\/uploads\/2022\/04\/couple-4-scaled.jpg 1488w\" sizes=\"(max-width: 1170px) 100vw, 1170px\" \/>\t\t\t\t\t\t\t\t\t\t\t<figcaption class=\"widget-image-caption wp-caption-text\">\u00a9 S\u00e9bastien Carles<\/figcaption>\n\t\t\t\t\t\t\t\t\t\t<\/figure>\n\t\t\t\t\t\t\t\t\t<\/div>\n\t\t\t\t<\/div>\n\t\t\t\t\t<\/div>\n\t\t<\/div>\n\t\t\t\t<div class=\"elementor-column elementor-col-50 elementor-top-column elementor-element elementor-element-6b0e9935 fs-texte\" data-id=\"6b0e9935\" data-element_type=\"column\" data-e-type=\"column\">\n\t\t\t<div class=\"elementor-widget-wrap elementor-element-populated\">\n\t\t\t\t\t\t<div class=\"elementor-element elementor-element-3a679129 elementor-widget elementor-widget-text-editor\" data-id=\"3a679129\" data-element_type=\"widget\" data-e-type=\"widget\" data-widget_type=\"text-editor.default\">\n\t\t\t\t<div class=\"elementor-widget-container\">\n\t\t\t\t\t\t\t\t\t<p>Besichtigung des Grafenschlosses im Herzen der<\/p><h1>mittelalterlichen Stadt<\/h1><p>Der Besuch lohnt sich wirklich, sowohl wegen der Geschichte des Schlosses als auch wegen der Aussichtspunkte, die sich \u00fcber die Pyren\u00e4en, den Schwarzen Berg und die Stadt Carcassonne bieten. Anschlie\u00dfend eine kleine romantische Kutschfahrt entlang der Stadtmauern.<\/p><p>Am Abend gab es ein Abendessen bei Kerzenschein in einem tollen Gourmet-Restaurant in der Cit\u00e9. Die G\u00e4nseleberpastete und die Entenbrust mit Feigen waren ein Gedicht! Au\u00dferdem war die Dekoration des Lokals top. Beim Dessert ging ich auf die Knie und schenkte ihr feierlich wie ein Ritter (besser als in den Filmen) DEN Ring und fragte sie, ob sie meine Frau werden wolle. Sie tat so, als w\u00fcrde sie z\u00f6gern, schaute mir aber direkt in die Augen und sagte: &#8222;Ja, Ritter, ich will dich f\u00fcr das ganze Leben&#8220;.<\/p><p>Als wir das Lokal verlie\u00dfen, tanzten wir bei den beiden Brunnen der Cit\u00e9. Angeblich soll das Gl\u00fcck bringen &#8230; also z\u00f6gerten wir nicht \ud83d\ude0a \ud83d\ude0a. Es war bereits dunkel und die Beleuchtung der Gassen und der Stadtmauern verlieh dem Ort etwas wirklich Magisches.<\/p><p>Am n\u00e4chsten Morgen, nach einem reichhaltigen Fr\u00fchst\u00fcck, das auf dem Zimmer serviert wird, geht es ins Spa zu einer speziellen Sitzung f\u00fcr Paare. Hammam, Jacuzzi und eine vierh\u00e4ndige Massage. Sanftheit, Gelassenheit, F\u00fclle. Nur Gl\u00fcck!!! Ich empfehle die Erfahrung und die Professionalit\u00e4t der Masseurinnen, die sich um uns gek\u00fcmmert haben. Entspannung, Entspannung und Entspannung.<\/p><h1>Tausend Dank!<\/h1>\t\t\t\t\t\t\t\t<\/div>\n\t\t\t\t<\/div>\n\t\t\t\t\t<\/div>\n\t\t<\/div>\n\t\t\t\t\t<\/div>\n\t\t<\/section>\n\t\t\t\t<section class=\"elementor-section elementor-top-section elementor-element elementor-element-69d8ca1c elementor-fs-modele-texte100 elementor-section-boxed elementor-section-height-default elementor-section-height-default\" data-id=\"69d8ca1c\" data-element_type=\"section\" data-e-type=\"section\">\n\t\t\t\t\t\t<div class=\"elementor-container elementor-column-gap-default\">\n\t\t\t\t\t<div class=\"elementor-column elementor-col-100 elementor-top-column elementor-element elementor-element-3c8b6413 fs-texte\" data-id=\"3c8b6413\" data-element_type=\"column\" data-e-type=\"column\">\n\t\t\t<div class=\"elementor-widget-wrap elementor-element-populated\">\n\t\t\t\t\t\t<div class=\"elementor-element elementor-element-7355aa63 elementor-widget elementor-widget-text-editor\" data-id=\"7355aa63\" data-element_type=\"widget\" data-e-type=\"widget\" data-widget_type=\"text-editor.default\">\n\t\t\t\t<div class=\"elementor-widget-container\">\n\t\t\t\t\t\t\t\t\t<p>Anschlie\u00dfend romantisches und k\u00f6stliches Mittagessen im Stadtzentrum :<\/p><h1>Die Bastide Saint-Louis<\/h1><p>Ich hatte alles gebucht und den Chef informiert, der uns mit vielen kleinen Aufmerksamkeiten verw\u00f6hnte. Dann ging es auf dem ruhigen Wasser des Canal du Midi, der sich zwischen den B\u00e4umen hindurch schl\u00e4ngelt, ganz gem\u00fctlich weiter. Der F\u00fchrer ist sehr nett und erkl\u00e4rt uns nach und nach die Funktionsweise der Schleusen. Ein magischer Moment, den man nicht so schnell vergessen wird!<\/p><p>Dann m\u00fcssen wir am Ende dieses au\u00dfergew\u00f6hnlichen Wochenendes, das f\u00fcr immer in unseren K\u00f6pfen bleiben wird, nach Hause fahren. Eines ist sicher: Wir werden zu unserem Hochzeitstag wiederkommen!<\/p>\t\t\t\t\t\t\t\t<\/div>\n\t\t\t\t<\/div>\n\t\t\t\t\t<\/div>\n\t\t<\/div>\n\t\t\t\t\t<\/div>\n\t\t<\/section>\n\t\t\t\t<section class=\"elementor-section elementor-top-section elementor-element elementor-element-720327d7 elementor-fs-modele-galerie100full elementor-section-boxed elementor-section-height-default elementor-section-height-default\" data-id=\"720327d7\" data-element_type=\"section\" data-e-type=\"section\">\n\t\t\t\t\t\t<div class=\"elementor-container elementor-column-gap-default\">\n\t\t\t\t\t<div class=\"elementor-column elementor-col-100 elementor-top-column elementor-element elementor-element-57c934ce\" data-id=\"57c934ce\" data-element_type=\"column\" data-e-type=\"column\">\n\t\t\t<div class=\"elementor-widget-wrap elementor-element-populated\">\n\t\t\t\t\t\t<div class=\"elementor-element elementor-element-2886a8e9 elementor-widget elementor-widget-image-carousel\" data-id=\"2886a8e9\" data-element_type=\"widget\" data-e-type=\"widget\" data-settings=\"{&quot;slides_to_show&quot;:&quot;3&quot;,&quot;navigation&quot;:&quot;none&quot;,&quot;autoplay&quot;:&quot;no&quot;,&quot;infinite&quot;:&quot;no&quot;,&quot;image_spacing_custom&quot;:{&quot;unit&quot;:&quot;px&quot;,&quot;size&quot;:30,&quot;sizes&quot;:[]},&quot;speed&quot;:500,&quot;image_spacing_custom_tablet&quot;:{&quot;unit&quot;:&quot;px&quot;,&quot;size&quot;:&quot;&quot;,&quot;sizes&quot;:[]},&quot;image_spacing_custom_mobile&quot;:{&quot;unit&quot;:&quot;px&quot;,&quot;size&quot;:&quot;&quot;,&quot;sizes&quot;:[]}}\" data-widget_type=\"image-carousel.default\">\n\t\t\t\t<div class=\"elementor-widget-container\">\n\t\t\t\t\t\t\t<div class=\"elementor-image-carousel-wrapper swiper\" role=\"region\" aria-roledescription=\"carousel\" aria-label=\"Bild Karussell\" dir=\"ltr\">\n\t\t\t<div class=\"elementor-image-carousel swiper-wrapper swiper-image-stretch\" aria-live=\"polite\">\n\t\t\t\t\t\t\t\t<div class=\"swiper-slide\" role=\"group\" aria-roledescription=\"slide\" aria-label=\"1 von 4\"><figure class=\"swiper-slide-inner\"><img decoding=\"async\" class=\"swiper-slide-image\" src=\"https:\/\/www.tourisme-carcassonne.fr\/assets\/uploads\/2022\/04\/en-couple-a-carcassonne-1-370x370.jpg\" alt=\"\u00a9 S\u00e9bastien Carles\" \/><\/figure><\/div><div class=\"swiper-slide\" role=\"group\" aria-roledescription=\"slide\" aria-label=\"2 von 4\"><figure class=\"swiper-slide-inner\"><img decoding=\"async\" class=\"swiper-slide-image\" src=\"https:\/\/www.tourisme-carcassonne.fr\/assets\/uploads\/2022\/04\/en-couple-a-carcassonne-2-370x370.jpg\" alt=\"\u00a9 S\u00e9bastien Carles\" \/><\/figure><\/div><div class=\"swiper-slide\" role=\"group\" aria-roledescription=\"slide\" aria-label=\"3 von 4\"><figure class=\"swiper-slide-inner\"><img decoding=\"async\" class=\"swiper-slide-image\" src=\"https:\/\/www.tourisme-carcassonne.fr\/assets\/uploads\/2022\/04\/en-couple-a-carcassonne-4-370x370.jpg\" alt=\"\u00a9 S\u00e9bastien Carles\" \/><\/figure><\/div><div class=\"swiper-slide\" role=\"group\" aria-roledescription=\"slide\" aria-label=\"4 von 4\"><figure class=\"swiper-slide-inner\"><img decoding=\"async\" class=\"swiper-slide-image\" src=\"https:\/\/www.tourisme-carcassonne.fr\/assets\/uploads\/2022\/04\/en-couple-a-carcassonne-3-370x370.jpg\" alt=\"\u00a9 S\u00e9bastien Carles\" \/><\/figure><\/div>\t\t\t<\/div>\n\t\t\t\t\t\t\t\n\t\t\t\t\t\t\t\t\t<\/div>\n\t\t\t\t\t\t<\/div>\n\t\t\t\t<\/div>\n\t\t\t\t\t<\/div>\n\t\t<\/div>\n\t\t\t\t\t<\/div>\n\t\t<\/section>\n\t\t\t\t<\/div>\n\t\t","protected":false},"excerpt":{"rendered":"<p>In die Mittelalterliche Stadt sagte sie &#8222;Ja&#8220; zu mir! Meine Freundin und ich verbrachten ein unvergessliches Wochenende in Carcassonne. Ich hatte uns ein tolles Hotel **** mit Terrasse und Blick auf die Cit\u00e9 gebucht. Superklasse und Personal, das sich um uns k\u00fcmmerte. Das war das Beste. Vor Ort schlug uns der Barkeeper vor, den Blanquette [&hellip;]<\/p>\n","protected":false},"author":3,"featured_media":11601,"parent":13165,"menu_order":6,"comment_status":"closed","ping_status":"closed","template":"templates\/experience.php","meta":{"_acf_changed":false,"footnotes":""},"class_list":["post-13180","page","type-page","status-publish","has-post-thumbnail","hentry"],"acf":[],"yoast_head":"<!-- This site is optimized with the Yoast SEO plugin v27.1.1 - https:\/\/yoast.com\/product\/yoast-seo-wordpress\/ -->\n<title>Ein Wochenende f\u00fcr Verliebte - Office de tourisme de Carcassonne<\/title>\n<meta name=\"robots\" content=\"index, follow, max-snippet:-1, max-image-preview:large, max-video-preview:-1\" \/>\n<link rel=\"canonical\" href=\"https:\/\/www.tourisme-carcassonne.fr\/de\/alle-erfahrungen\/ein-wochenende-fuer-verliebte\/\" \/>\n<meta property=\"og:locale\" content=\"de_DE\" \/>\n<meta property=\"og:type\" content=\"article\" \/>\n<meta property=\"og:title\" content=\"Ein Wochenende f\u00fcr Verliebte - Office de tourisme de Carcassonne\" \/>\n<meta property=\"og:description\" content=\"In die Mittelalterliche Stadt sagte sie &#8222;Ja&#8220; zu mir! Meine Freundin und ich verbrachten ein unvergessliches Wochenende in Carcassonne. Ich hatte uns ein tolles Hotel **** mit Terrasse und Blick auf die Cit\u00e9 gebucht. Superklasse und Personal, das sich um uns k\u00fcmmerte. Das war das Beste. Vor Ort schlug uns der Barkeeper vor, den Blanquette [&hellip;]\" \/>\n<meta property=\"og:url\" content=\"https:\/\/www.tourisme-carcassonne.fr\/de\/alle-erfahrungen\/ein-wochenende-fuer-verliebte\/\" \/>\n<meta property=\"og:site_name\" content=\"Office de tourisme de Carcassonne\" \/>\n<meta property=\"article:publisher\" content=\"https:\/\/www.facebook.com\/tourismecarcassonne\/\" \/>\n<meta property=\"article:modified_time\" content=\"2022-11-16T14:32:42+00:00\" \/>\n<meta property=\"og:image\" content=\"https:\/\/www.tourisme-carcassonne.fr\/assets\/uploads\/2022\/02\/couple-5-scaled.jpg\" \/>\n\t<meta property=\"og:image:width\" content=\"2048\" \/>\n\t<meta property=\"og:image:height\" content=\"1224\" \/>\n\t<meta property=\"og:image:type\" content=\"image\/jpeg\" \/>\n<meta name=\"twitter:card\" content=\"summary_large_image\" \/>\n<meta name=\"twitter:label1\" content=\"Gesch\u00e4tzte Lesezeit\" \/>\n\t<meta name=\"twitter:data1\" content=\"4\u00a0Minuten\" \/>\n<script type=\"application\/ld+json\" class=\"yoast-schema-graph\">{\"@context\":\"https:\/\/schema.org\",\"@graph\":[{\"@type\":\"WebPage\",\"@id\":\"https:\/\/www.tourisme-carcassonne.fr\/de\/alle-erfahrungen\/ein-wochenende-fuer-verliebte\/\",\"url\":\"https:\/\/www.tourisme-carcassonne.fr\/de\/alle-erfahrungen\/ein-wochenende-fuer-verliebte\/\",\"name\":\"Ein Wochenende f\u00fcr Verliebte - Office de tourisme de Carcassonne\",\"isPartOf\":{\"@id\":\"https:\/\/www.tourisme-carcassonne.fr\/de\/#website\"},\"primaryImageOfPage\":{\"@id\":\"https:\/\/www.tourisme-carcassonne.fr\/de\/alle-erfahrungen\/ein-wochenende-fuer-verliebte\/#primaryimage\"},\"image\":{\"@id\":\"https:\/\/www.tourisme-carcassonne.fr\/de\/alle-erfahrungen\/ein-wochenende-fuer-verliebte\/#primaryimage\"},\"thumbnailUrl\":\"https:\/\/www.tourisme-carcassonne.fr\/assets\/uploads\/2022\/02\/couple-5-scaled.jpg\",\"datePublished\":\"2022-04-04T10:29:27+00:00\",\"dateModified\":\"2022-11-16T14:32:42+00:00\",\"breadcrumb\":{\"@id\":\"https:\/\/www.tourisme-carcassonne.fr\/de\/alle-erfahrungen\/ein-wochenende-fuer-verliebte\/#breadcrumb\"},\"inLanguage\":\"de\",\"potentialAction\":[{\"@type\":\"ReadAction\",\"target\":[\"https:\/\/www.tourisme-carcassonne.fr\/de\/alle-erfahrungen\/ein-wochenende-fuer-verliebte\/\"]}]},{\"@type\":\"ImageObject\",\"inLanguage\":\"de\",\"@id\":\"https:\/\/www.tourisme-carcassonne.fr\/de\/alle-erfahrungen\/ein-wochenende-fuer-verliebte\/#primaryimage\",\"url\":\"https:\/\/www.tourisme-carcassonne.fr\/assets\/uploads\/2022\/02\/couple-5-scaled.jpg\",\"contentUrl\":\"https:\/\/www.tourisme-carcassonne.fr\/assets\/uploads\/2022\/02\/couple-5-scaled.jpg\",\"width\":2048,\"height\":1224,\"caption\":\"\u00a9 S\u00e9bastien Carles\"},{\"@type\":\"BreadcrumbList\",\"@id\":\"https:\/\/www.tourisme-carcassonne.fr\/de\/alle-erfahrungen\/ein-wochenende-fuer-verliebte\/#breadcrumb\",\"itemListElement\":[{\"@type\":\"ListItem\",\"position\":1,\"name\":\"Accueil\",\"item\":\"https:\/\/www.tourisme-carcassonne.fr\/de\/\"},{\"@type\":\"ListItem\",\"position\":2,\"name\":\"Alle Erfahrungen\",\"item\":\"https:\/\/www.tourisme-carcassonne.fr\/de\/alle-erfahrungen\/\"},{\"@type\":\"ListItem\",\"position\":3,\"name\":\"Ein Wochenende f\u00fcr Verliebte\"}]},{\"@type\":\"WebSite\",\"@id\":\"https:\/\/www.tourisme-carcassonne.fr\/de\/#website\",\"url\":\"https:\/\/www.tourisme-carcassonne.fr\/de\/\",\"name\":\"Office de tourisme de Carcassonne\",\"description\":\"\",\"publisher\":{\"@id\":\"https:\/\/www.tourisme-carcassonne.fr\/de\/#organization\"},\"potentialAction\":[{\"@type\":\"SearchAction\",\"target\":{\"@type\":\"EntryPoint\",\"urlTemplate\":\"https:\/\/www.tourisme-carcassonne.fr\/de\/?s={search_term_string}\"},\"query-input\":{\"@type\":\"PropertyValueSpecification\",\"valueRequired\":true,\"valueName\":\"search_term_string\"}}],\"inLanguage\":\"de\"},{\"@type\":\"Organization\",\"@id\":\"https:\/\/www.tourisme-carcassonne.fr\/de\/#organization\",\"name\":\"Office de tourisme de Carcassonne\",\"url\":\"https:\/\/www.tourisme-carcassonne.fr\/de\/\",\"logo\":{\"@type\":\"ImageObject\",\"inLanguage\":\"de\",\"@id\":\"https:\/\/www.tourisme-carcassonne.fr\/de\/#\/schema\/logo\/image\/\",\"url\":\"https:\/\/www.tourisme-carcassonne.fr\/assets\/uploads\/2021\/11\/logo-carcassonne.svg\",\"contentUrl\":\"https:\/\/www.tourisme-carcassonne.fr\/assets\/uploads\/2021\/11\/logo-carcassonne.svg\",\"width\":167,\"height\":49,\"caption\":\"Office de tourisme de Carcassonne\"},\"image\":{\"@id\":\"https:\/\/www.tourisme-carcassonne.fr\/de\/#\/schema\/logo\/image\/\"},\"sameAs\":[\"https:\/\/www.facebook.com\/tourismecarcassonne\/\",\"https:\/\/www.instagram.com\/tourismecarcassonne\/\"]}]}<\/script>\n<!-- \/ Yoast SEO plugin. -->","yoast_head_json":{"title":"Ein Wochenende f\u00fcr Verliebte - Office de tourisme de Carcassonne","robots":{"index":"index","follow":"follow","max-snippet":"max-snippet:-1","max-image-preview":"max-image-preview:large","max-video-preview":"max-video-preview:-1"},"canonical":"https:\/\/www.tourisme-carcassonne.fr\/de\/alle-erfahrungen\/ein-wochenende-fuer-verliebte\/","og_locale":"de_DE","og_type":"article","og_title":"Ein Wochenende f\u00fcr Verliebte - Office de tourisme de Carcassonne","og_description":"In die Mittelalterliche Stadt sagte sie &#8222;Ja&#8220; zu mir! Meine Freundin und ich verbrachten ein unvergessliches Wochenende in Carcassonne. Ich hatte uns ein tolles Hotel **** mit Terrasse und Blick auf die Cit\u00e9 gebucht. Superklasse und Personal, das sich um uns k\u00fcmmerte. Das war das Beste. Vor Ort schlug uns der Barkeeper vor, den Blanquette [&hellip;]","og_url":"https:\/\/www.tourisme-carcassonne.fr\/de\/alle-erfahrungen\/ein-wochenende-fuer-verliebte\/","og_site_name":"Office de tourisme de Carcassonne","article_publisher":"https:\/\/www.facebook.com\/tourismecarcassonne\/","article_modified_time":"2022-11-16T14:32:42+00:00","og_image":[{"width":2048,"height":1224,"url":"https:\/\/www.tourisme-carcassonne.fr\/assets\/uploads\/2022\/02\/couple-5-scaled.jpg","type":"image\/jpeg"}],"twitter_card":"summary_large_image","twitter_misc":{"Gesch\u00e4tzte Lesezeit":"4\u00a0Minuten"},"schema":{"@context":"https:\/\/schema.org","@graph":[{"@type":"WebPage","@id":"https:\/\/www.tourisme-carcassonne.fr\/de\/alle-erfahrungen\/ein-wochenende-fuer-verliebte\/","url":"https:\/\/www.tourisme-carcassonne.fr\/de\/alle-erfahrungen\/ein-wochenende-fuer-verliebte\/","name":"Ein Wochenende f\u00fcr Verliebte - Office de tourisme de Carcassonne","isPartOf":{"@id":"https:\/\/www.tourisme-carcassonne.fr\/de\/#website"},"primaryImageOfPage":{"@id":"https:\/\/www.tourisme-carcassonne.fr\/de\/alle-erfahrungen\/ein-wochenende-fuer-verliebte\/#primaryimage"},"image":{"@id":"https:\/\/www.tourisme-carcassonne.fr\/de\/alle-erfahrungen\/ein-wochenende-fuer-verliebte\/#primaryimage"},"thumbnailUrl":"https:\/\/www.tourisme-carcassonne.fr\/assets\/uploads\/2022\/02\/couple-5-scaled.jpg","datePublished":"2022-04-04T10:29:27+00:00","dateModified":"2022-11-16T14:32:42+00:00","breadcrumb":{"@id":"https:\/\/www.tourisme-carcassonne.fr\/de\/alle-erfahrungen\/ein-wochenende-fuer-verliebte\/#breadcrumb"},"inLanguage":"de","potentialAction":[{"@type":"ReadAction","target":["https:\/\/www.tourisme-carcassonne.fr\/de\/alle-erfahrungen\/ein-wochenende-fuer-verliebte\/"]}]},{"@type":"ImageObject","inLanguage":"de","@id":"https:\/\/www.tourisme-carcassonne.fr\/de\/alle-erfahrungen\/ein-wochenende-fuer-verliebte\/#primaryimage","url":"https:\/\/www.tourisme-carcassonne.fr\/assets\/uploads\/2022\/02\/couple-5-scaled.jpg","contentUrl":"https:\/\/www.tourisme-carcassonne.fr\/assets\/uploads\/2022\/02\/couple-5-scaled.jpg","width":2048,"height":1224,"caption":"\u00a9 S\u00e9bastien Carles"},{"@type":"BreadcrumbList","@id":"https:\/\/www.tourisme-carcassonne.fr\/de\/alle-erfahrungen\/ein-wochenende-fuer-verliebte\/#breadcrumb","itemListElement":[{"@type":"ListItem","position":1,"name":"Accueil","item":"https:\/\/www.tourisme-carcassonne.fr\/de\/"},{"@type":"ListItem","position":2,"name":"Alle Erfahrungen","item":"https:\/\/www.tourisme-carcassonne.fr\/de\/alle-erfahrungen\/"},{"@type":"ListItem","position":3,"name":"Ein Wochenende f\u00fcr Verliebte"}]},{"@type":"WebSite","@id":"https:\/\/www.tourisme-carcassonne.fr\/de\/#website","url":"https:\/\/www.tourisme-carcassonne.fr\/de\/","name":"Office de tourisme de Carcassonne","description":"","publisher":{"@id":"https:\/\/www.tourisme-carcassonne.fr\/de\/#organization"},"potentialAction":[{"@type":"SearchAction","target":{"@type":"EntryPoint","urlTemplate":"https:\/\/www.tourisme-carcassonne.fr\/de\/?s={search_term_string}"},"query-input":{"@type":"PropertyValueSpecification","valueRequired":true,"valueName":"search_term_string"}}],"inLanguage":"de"},{"@type":"Organization","@id":"https:\/\/www.tourisme-carcassonne.fr\/de\/#organization","name":"Office de tourisme de Carcassonne","url":"https:\/\/www.tourisme-carcassonne.fr\/de\/","logo":{"@type":"ImageObject","inLanguage":"de","@id":"https:\/\/www.tourisme-carcassonne.fr\/de\/#\/schema\/logo\/image\/","url":"https:\/\/www.tourisme-carcassonne.fr\/assets\/uploads\/2021\/11\/logo-carcassonne.svg","contentUrl":"https:\/\/www.tourisme-carcassonne.fr\/assets\/uploads\/2021\/11\/logo-carcassonne.svg","width":167,"height":49,"caption":"Office de tourisme de Carcassonne"},"image":{"@id":"https:\/\/www.tourisme-carcassonne.fr\/de\/#\/schema\/logo\/image\/"},"sameAs":["https:\/\/www.facebook.com\/tourismecarcassonne\/","https:\/\/www.instagram.com\/tourismecarcassonne\/"]}]}},"_links":{"self":[{"href":"https:\/\/www.tourisme-carcassonne.fr\/de\/wp-json\/wp\/v2\/pages\/13180","targetHints":{"allow":["GET"]}}],"collection":[{"href":"https:\/\/www.tourisme-carcassonne.fr\/de\/wp-json\/wp\/v2\/pages"}],"about":[{"href":"https:\/\/www.tourisme-carcassonne.fr\/de\/wp-json\/wp\/v2\/types\/page"}],"author":[{"embeddable":true,"href":"https:\/\/www.tourisme-carcassonne.fr\/de\/wp-json\/wp\/v2\/users\/3"}],"replies":[{"embeddable":true,"href":"https:\/\/www.tourisme-carcassonne.fr\/de\/wp-json\/wp\/v2\/comments?post=13180"}],"version-history":[{"count":0,"href":"https:\/\/www.tourisme-carcassonne.fr\/de\/wp-json\/wp\/v2\/pages\/13180\/revisions"}],"up":[{"embeddable":true,"href":"https:\/\/www.tourisme-carcassonne.fr\/de\/wp-json\/wp\/v2\/pages\/13165"}],"wp:featuredmedia":[{"embeddable":true,"href":"https:\/\/www.tourisme-carcassonne.fr\/de\/wp-json\/wp\/v2\/media\/11601"}],"wp:attachment":[{"href":"https:\/\/www.tourisme-carcassonne.fr\/de\/wp-json\/wp\/v2\/media?parent=13180"}],"curies":[{"name":"wp","href":"https:\/\/api.w.org\/{rel}","templated":true}]}}